{"id":537025,"date":"2025-03-20T14:52:30","date_gmt":"2025-03-20T14:52:30","guid":{"rendered":"https:\/\/harristweed-shop.be\/product\/pullover-cotton-v-neck-apple\/"},"modified":"2026-05-05T04:17:23","modified_gmt":"2026-05-05T04:17:23","slug":"pullover-cotton-v-neck-apple","status":"publish","type":"product","link":"https:\/\/harristweed-shop.be\/fr\/produit\/pull-en-coton-col-v-pomme\/","title":{"rendered":"Pull en coton pour homme \u201c\u00a0Tom\u00a0\u201d \u00e0 col en V couleur pomme"},"content":{"rendered":"<p>Pull en maille pour homme : \u201c Tom \u201d \u2013 Un pull confortable pour toute l&#039;ann\u00e9e, confectionn\u00e9 dans le meilleur coton<\/p>\n<p>Le pull en maille pour homme \u201c Tom \u201d est d&#039;une douceur incomparable \u2013 un classique intemporel qui vous enveloppe d&#039;un confort absolu. Son col en V, ses poignets et son ourlet c\u00f4tel\u00e9s garantissent une coupe parfaite. Merveilleusement confortable et l\u00e9ger sur la peau, il est confectionn\u00e9 dans un coton de la plus haute qualit\u00e9, respirant et issu d&#039;une production durable certifi\u00e9e BCI, pour un toucher des plus agr\u00e9ables. R\u00e9sistant \u00e0 la d\u00e9coloration et dot\u00e9 d&#039;une maille lisse, il arbore une coupe moderne. Portez-le avec une chemise et un jean, ou associez-le \u00e0 un chino, une chemise et l&#039;un de nos blazers Wellington. Ce pull est un v\u00e9ritable indispensable de toute garde-robe et un incontournable \u00e0 poss\u00e9der absolument dans plusieurs coloris !<\/p>\n<p>\u2013 D&#039;une douceur exceptionnelle sur la peau<br \/>\n<br \/>\u2013 Fabriqu\u00e9 en coton doux<br \/>\n<br \/>\u2013 Coupe moderne<br \/>\n<br \/>\u2013 Poignets, col et ourlet c\u00f4tel\u00e9s<br \/>\n<br \/>\u2013 Options de style polyvalentes<br \/>\n<br \/>\u2013 Design intemporel<\/p>\n<p>Mensurations du mannequin\u00a0: Le mannequin mesure 189\u00a0cm et porte une taille L.<br \/>Coupe : coupe moderne<br \/>Dimensions du produit\u00a0: pour la taille L\u00a0: \u2013 Longueur dos\u00a0: 69\u00a0cm \u2013 Longueur manches\u00a0: 66\u00a0cm \u2013 Largeur poitrine (demi-largeur)\u00a0: 55,5\u00a0cm<\/p>\n<p>Tissu ext\u00e9rieur : coton 100%<\/p>","protected":false},"excerpt":{"rendered":"<p>Pull en coton pour homme \u201c Tom \u201d \u00e0 col en V couleur pomme 323.<\/p>\n<p>Le pull en maille pour homme \u201c\u00a0Tom\u00a0\u201d est d&#039;une douceur incomparable\u00a0: un classique intemporel qui vous enveloppe d&#039;un confort absolu. Il est dot\u00e9 d&#039;un col en V et de bords-c\u00f4tes aux poignets et \u00e0 la base pour une coupe parfaite.<\/p>","protected":false},"featured_media":537033,"template":"","meta":[],"product_brand":[],"product_cat":[491,492,486,84],"product_tag":[],"class_list":{"0":"post-537025","1":"product","2":"type-product","3":"status-publish","4":"has-post-thumbnail","6":"product_cat-katoenen-truien","7":"product_cat-pullover-baumwolle","8":"product_cat-pullover-und-westen","9":"product_cat-truien-en-pullovers","10":"pa_merk-wellington","12":"first","13":"instock","14":"taxable","15":"shipping-taxable","16":"purchasable","17":"product-type-variable"},"df_price":69.95,"df_sale_price":"","df_regular_price":69.95,"df_image_link":"https:\/\/harristweed-shop.be\/wp-content\/uploads\/2025\/03\/90b255f0ac5c130460d920b30fe0e0c5_Pullover_Cotton_V_Neck__apple-225x300.jpeg","_links":{"self":[{"href":"https:\/\/harristweed-shop.be\/fr\/wp-json\/wp\/v2\/product\/537025","targetHints":{"allow":["GET"]}}],"collection":[{"href":"https:\/\/harristweed-shop.be\/fr\/wp-json\/wp\/v2\/product"}],"about":[{"href":"https:\/\/harristweed-shop.be\/fr\/wp-json\/wp\/v2\/types\/product"}],"wp:featuredmedia":[{"embeddable":true,"href":"https:\/\/harristweed-shop.be\/fr\/wp-json\/wp\/v2\/media\/537033"}],"wp:attachment":[{"href":"https:\/\/harristweed-shop.be\/fr\/wp-json\/wp\/v2\/media?parent=537025"}],"wp:term":[{"taxonomy":"product_brand","embeddable":true,"href":"https:\/\/harristweed-shop.be\/fr\/wp-json\/wp\/v2\/product_brand?post=537025"},{"taxonomy":"product_cat","embeddable":true,"href":"https:\/\/harristweed-shop.be\/fr\/wp-json\/wp\/v2\/product_cat?post=537025"},{"taxonomy":"product_tag","embeddable":true,"href":"https:\/\/harristweed-shop.be\/fr\/wp-json\/wp\/v2\/product_tag?post=537025"}],"curies":[{"name":"wp","href":"https:\/\/api.w.org\/{rel}","templated":true}]}}