{"id":536989,"date":"2025-03-19T22:27:30","date_gmt":"2025-03-19T22:27:30","guid":{"rendered":"https:\/\/harristweed-shop.be\/product\/riem-melik-mint-groen\/"},"modified":"2026-05-05T04:17:26","modified_gmt":"2026-05-05T04:17:26","slug":"riem-melik-mint-groen","status":"publish","type":"product","link":"https:\/\/harristweed-shop.be\/fr\/produit\/ceinture-lait-vert-menthe\/","title":{"rendered":"Ceinture Melik Just2ofus en daim vert menthe"},"content":{"rendered":"<p>La ceinture Just2ofus compl\u00e8te \u00e0 merveille les chaussures Just2ofus, cr\u00e9ant un look harmonieux et \u00e9l\u00e9gant. Confectionn\u00e9e dans le m\u00eame mat\u00e9riau de haute qualit\u00e9, elle apporte une touche finale raffin\u00e9e.<\/p>\n<p>\u2013 Taille\u00a0: Largeur 3,50 cm<br \/>\u2013 Qualit\u00e9\u00a0: daim<br \/>\u2013 Composition : Cuir 100%<br \/>Boucle : carr\u00e9e noire en nickel mat<\/p>","protected":false},"excerpt":{"rendered":"<p>Ceinture Melik Just2ofus en daim vert menthe.<\/p>\n<p>La ceinture Just2ofus compl\u00e8te parfaitement les chaussures Just2ofus, cr\u00e9ant un look harmonieux et \u00e9l\u00e9gant.<\/p>","protected":false},"featured_media":536990,"template":"","meta":[],"product_brand":[],"product_cat":[529,162],"product_tag":[],"class_list":{"0":"post-536989","1":"product","2":"type-product","3":"status-publish","4":"has-post-thumbnail","6":"product_cat-gurtel","7":"product_cat-riemen","8":"pa_merk-melik","10":"first","11":"instock","12":"taxable","13":"shipping-taxable","14":"purchasable","15":"product-type-simple"},"df_price":89.95,"df_sale_price":"","df_regular_price":89.95,"df_image_link":"https:\/\/harristweed-shop.be\/wp-content\/uploads\/2025\/03\/43c0c3b67b222ac70e92f82c58c090a2_Riem_Melik_Mint_Groen-300x300.jpeg","_links":{"self":[{"href":"https:\/\/harristweed-shop.be\/fr\/wp-json\/wp\/v2\/product\/536989","targetHints":{"allow":["GET"]}}],"collection":[{"href":"https:\/\/harristweed-shop.be\/fr\/wp-json\/wp\/v2\/product"}],"about":[{"href":"https:\/\/harristweed-shop.be\/fr\/wp-json\/wp\/v2\/types\/product"}],"wp:featuredmedia":[{"embeddable":true,"href":"https:\/\/harristweed-shop.be\/fr\/wp-json\/wp\/v2\/media\/536990"}],"wp:attachment":[{"href":"https:\/\/harristweed-shop.be\/fr\/wp-json\/wp\/v2\/media?parent=536989"}],"wp:term":[{"taxonomy":"product_brand","embeddable":true,"href":"https:\/\/harristweed-shop.be\/fr\/wp-json\/wp\/v2\/product_brand?post=536989"},{"taxonomy":"product_cat","embeddable":true,"href":"https:\/\/harristweed-shop.be\/fr\/wp-json\/wp\/v2\/product_cat?post=536989"},{"taxonomy":"product_tag","embeddable":true,"href":"https:\/\/harristweed-shop.be\/fr\/wp-json\/wp\/v2\/product_tag?post=536989"}],"curies":[{"name":"wp","href":"https:\/\/api.w.org\/{rel}","templated":true}]}}