{"id":53698,"date":"2023-05-03T10:16:54","date_gmt":"2023-05-03T10:16:54","guid":{"rendered":"https:\/\/harristweed-shop.be\/product\/classic-black-with-black-collar-1871-rugby-shirt\/"},"modified":"2026-05-05T05:59:42","modified_gmt":"2026-05-05T05:59:42","slug":"classic-black-with-black-collar-1871-rugby-shirt","status":"publish","type":"product","link":"https:\/\/harristweed-shop.be\/fr\/produit\/maillot-de-rugby-classique-noir-avec-col-noir-1871\/","title":{"rendered":"Maillot de rugby classique noir avec col noir 1871"},"content":{"rendered":"","protected":false},"excerpt":{"rendered":"<p>Le maillot de rugby vintage noir classique avec col noir 1871 est fabriqu\u00e9 avec un coton flamm\u00e9 \u00e9pais qui donne au maillot une finition r\u00e9sistante mais douce et confortable.<\/p>\n<p>Cette chemise \u00ab old school \u00bb h\u00e9ritage combine des teintures de couleurs vintage avec un d\u00e9lavage vieilli pour produire un aspect et une sensation joliment us\u00e9s.<\/p>","protected":false},"featured_media":53720,"template":"","meta":[],"product_brand":[],"product_cat":[395,394],"product_tag":[],"class_list":{"0":"post-53698","1":"product","2":"type-product","3":"status-publish","4":"has-post-thumbnail","6":"product_cat-black-and-blue-1871","7":"product_cat-rugby-shirts-2","8":"pa_merk-blackandblue1871","10":"first","11":"instock","12":"taxable","13":"shipping-taxable","14":"purchasable","15":"product-type-variable"},"df_price":135.95,"df_sale_price":"","df_regular_price":135.95,"df_image_link":"https:\/\/harristweed-shop.be\/wp-content\/uploads\/2023\/05\/ec989879fa15b97aefb405799793e69c_Classic_Black_With_Black_Collar_1871_Rugby_Shirt-300x300.jpg","_links":{"self":[{"href":"https:\/\/harristweed-shop.be\/fr\/wp-json\/wp\/v2\/product\/53698","targetHints":{"allow":["GET"]}}],"collection":[{"href":"https:\/\/harristweed-shop.be\/fr\/wp-json\/wp\/v2\/product"}],"about":[{"href":"https:\/\/harristweed-shop.be\/fr\/wp-json\/wp\/v2\/types\/product"}],"wp:featuredmedia":[{"embeddable":true,"href":"https:\/\/harristweed-shop.be\/fr\/wp-json\/wp\/v2\/media\/53720"}],"wp:attachment":[{"href":"https:\/\/harristweed-shop.be\/fr\/wp-json\/wp\/v2\/media?parent=53698"}],"wp:term":[{"taxonomy":"product_brand","embeddable":true,"href":"https:\/\/harristweed-shop.be\/fr\/wp-json\/wp\/v2\/product_brand?post=53698"},{"taxonomy":"product_cat","embeddable":true,"href":"https:\/\/harristweed-shop.be\/fr\/wp-json\/wp\/v2\/product_cat?post=53698"},{"taxonomy":"product_tag","embeddable":true,"href":"https:\/\/harristweed-shop.be\/fr\/wp-json\/wp\/v2\/product_tag?post=53698"}],"curies":[{"name":"wp","href":"https:\/\/api.w.org\/{rel}","templated":true}]}}