{"id":536961,"date":"2025-03-19T15:37:23","date_gmt":"2025-03-19T15:37:23","guid":{"rendered":"https:\/\/harristweed-shop.be\/product\/harris-tweed-vestje-met-revers-670-2\/"},"modified":"2026-05-05T04:17:37","modified_gmt":"2026-05-05T04:17:37","slug":"harris-tweed-vestje-met-revers-670-2","status":"publish","type":"product","link":"https:\/\/harristweed-shop.be\/fr\/produit\/veste-en-tweed-harris-a-revers-670-2\/","title":{"rendered":"Gilet en tweed Harris \u201c Pays de Galles \u201d avec revers vert sapin"},"content":{"rendered":"<p>Gilet en tweed Harris \u201c Pays de Galles \u201d \u2013 pour les hommes \u00e9l\u00e9gants, au go\u00fbt raffin\u00e9 et attach\u00e9s aux traditions.<\/p>\n<p>\u201c L&#039;un des plus beaux tweeds au monde \u201d : le Harris Tweed m\u00e9rite amplement cette distinction. Le gilet classique \u201c Wales \u201d pour homme, confectionn\u00e9 en laine vierge 100%, allie savoir-faire traditionnel et polyvalence moderne. Tiss\u00e9 \u00e0 la main dans les H\u00e9brides ext\u00e9rieures \u00e9cossaises, le Harris Tweed exclusif est bien plus qu&#039;un simple tissu : il incarne une tradition vivante, un v\u00e9ritable artisanat et un pan de l&#039;histoire culturelle britannique. Depuis plus d&#039;un si\u00e8cle, le Harris Tweed est synonyme de qualit\u00e9 authentique et d&#039;une production naturelle, durable et sans \u00e9gale. Visuellement impressionnant, le Harris Tweed est aussi fonctionnel : respirant, thermor\u00e9gulateur et r\u00e9sistant, il offre un confort optimal, en toute saison !<\/p>\n<p>Avec son \u00e9l\u00e9gant col \u00e0 revers et son dos confectionn\u00e9s dans le m\u00eame tissu haut de gamme, ce cardigan d\u00e9gage une \u00e9l\u00e9gance intemporelle. Cinq boutons orn\u00e9s d&#039;une d\u00e9licate bordure en corne, deux poches \u00e0 rabat classiques, une authentique poche poitrine passepoil\u00e9e et une poche int\u00e9rieure pratique rehaussent son style raffin\u00e9. Gr\u00e2ce \u00e0 sa patte de r\u00e9glage au dos, il s&#039;adapte parfaitement \u00e0 toutes les morphologies et convient \u00e0 toutes les occasions.<\/p>\n<p>Que vous l&#039;associiez \u00e0 la veste en tweed Harris assortie\u2026 Que vous la portiez d\u00e9contract\u00e9e avec un jean ou de fa\u00e7on plus classique avec un chino ou un pantalon en velours c\u00f4tel\u00e9, le gilet \u2018 Wales \u2019 s&#039;av\u00e8re \u00eatre une pi\u00e8ce polyvalente et pleine de caract\u00e8re, une expression de style, de qualit\u00e9 et d&#039;individualit\u00e9.<\/p>\n<p>\u2013 100% pure laine vierge<br \/>\u2013 Une poche poitrine<br \/>\u2013 Une poche int\u00e9rieure<br \/>\u2013 Doublure color\u00e9e<br \/>- L\u00e9g\u00e8rement ajust\u00e9<br \/>\u2013 Revers \u00e9tir\u00e9s<br \/>\u2013 Devant et dos enti\u00e8rement confectionn\u00e9s en Harris Tweed<br \/>\u2013 Languette r\u00e9glable \u00e0 l&#039;arri\u00e8re<br \/>\u2013 Deux poches \u00e0 rabat et une poche ticket sur le c\u00f4t\u00e9 droit<\/p>\n<p>Mensurations du mod\u00e8le : Le mannequin mesure 189 cm et porte une taille 50.<br \/>Coupe : Un gilet ajust\u00e9 \u00e0 la coupe moderne, qui peut \u00eatre personnalis\u00e9 gr\u00e2ce \u00e0 la sangle r\u00e9glable au dos.<br \/>Dimensions du produit\u00a0: Pour la taille 50, les mesures sont les suivantes\u00a0: Longueur dos\u00a0: 61\u00a0cm \u2013 Demi-tour de poitrine\u00a0: 55\u00a0cm \u2013 Demi-tour de taille\u00a0: 53\u00a0cm<\/p>\n<p>Tissu ext\u00e9rieur : laine vierge 100%<br \/>Doublure : 55% polyester, 45% viscose<\/p>","protected":false},"excerpt":{"rendered":"<p>Gilet en tweed Harris \u201c Pays de Galles \u201d avec revers vert sapin 670.<\/p>\n<p>Le gilet classique pour homme \u201c Wales \u201d, confectionn\u00e9 en laine vierge 100%, allie savoir-faire traditionnel et polyvalence moderne.<\/p>","protected":false},"featured_media":536962,"template":"","meta":[],"product_brand":[],"product_cat":[1088,1156,510,1078,512,88,511],"product_tag":[],"class_list":{"0":"post-536961","1":"product","2":"type-product","3":"status-publish","4":"has-post-thumbnail","6":"product_cat-harris-tweed-vestjes-en-gilets-heren","7":"product_cat-harris-tweed-westen-und-gilets-herren","8":"product_cat-heren-vestjes","9":"product_cat-heren-vestjes-harris-tweed","10":"product_cat-herren-westen-und-gilets","11":"product_cat-vestjes-en-gilets","12":"product_cat-westen-und-gilets","13":"pa_merk-harristweed","15":"first","16":"instock","17":"taxable","18":"shipping-taxable","19":"purchasable","20":"product-type-variable"},"df_price":179.95,"df_sale_price":"","df_regular_price":179.95,"df_image_link":"https:\/\/harristweed-shop.be\/wp-content\/uploads\/2025\/03\/ff90614523afcfc1d9cb01857572df96_Harris_Tweed_Vestje_met_revers_670-225x300.jpg","_links":{"self":[{"href":"https:\/\/harristweed-shop.be\/fr\/wp-json\/wp\/v2\/product\/536961","targetHints":{"allow":["GET"]}}],"collection":[{"href":"https:\/\/harristweed-shop.be\/fr\/wp-json\/wp\/v2\/product"}],"about":[{"href":"https:\/\/harristweed-shop.be\/fr\/wp-json\/wp\/v2\/types\/product"}],"wp:featuredmedia":[{"embeddable":true,"href":"https:\/\/harristweed-shop.be\/fr\/wp-json\/wp\/v2\/media\/536962"}],"wp:attachment":[{"href":"https:\/\/harristweed-shop.be\/fr\/wp-json\/wp\/v2\/media?parent=536961"}],"wp:term":[{"taxonomy":"product_brand","embeddable":true,"href":"https:\/\/harristweed-shop.be\/fr\/wp-json\/wp\/v2\/product_brand?post=536961"},{"taxonomy":"product_cat","embeddable":true,"href":"https:\/\/harristweed-shop.be\/fr\/wp-json\/wp\/v2\/product_cat?post=536961"},{"taxonomy":"product_tag","embeddable":true,"href":"https:\/\/harristweed-shop.be\/fr\/wp-json\/wp\/v2\/product_tag?post=536961"}],"curies":[{"name":"wp","href":"https:\/\/api.w.org\/{rel}","templated":true}]}}