{"id":536913,"date":"2025-03-19T15:17:28","date_gmt":"2025-03-19T15:17:28","guid":{"rendered":"https:\/\/harristweed-shop.be\/product\/wellington-harris-tweed-dames-rok-black-watch-816\/"},"modified":"2026-04-21T12:08:30","modified_gmt":"2026-04-21T12:08:30","slug":"wellington-harris-tweed-dames-rok-black-watch-816","status":"publish","type":"product","link":"https:\/\/harristweed-shop.be\/fr\/produit\/jupe-femme-en-tweed-harris-wellington-noire-montre-816\/","title":{"rendered":"Jupe pour femme en tweed Harris Blackwatch"},"content":{"rendered":"<p>Jupe crayon femme en tweed Harris 100% \u2013 Le chic f\u00e9minin rencontre l&#039;artisanat \u00e9cossais<\/p>\n<p>Ajoutez une touche d&#039;\u00e9l\u00e9gance \u00e0 votre garde-robe avec cette jupe classique pour femme en v\u00e9ritable Harris Tweed, l&#039;un des tissus les plus raffin\u00e9s et traditionnels au monde. Confectionn\u00e9 en pure laine vierge 100%, tiss\u00e9 \u00e0 la main dans les H\u00e9brides ext\u00e9rieures \u00e9cossaises, ce tissu symbolise le savoir-faire artisanal, l&#039;histoire culturelle britannique et plus d&#039;un si\u00e8cle de tradition. Le Harris Tweed impressionne non seulement par son aspect raffin\u00e9, mais aussi par ses propri\u00e9t\u00e9s fonctionnelles\u00a0: respirant, thermor\u00e9gulateur et exceptionnellement r\u00e9sistant, id\u00e9al en toute saison.<\/p>\n<p>Cette jupe crayon en laine shearling pr\u00e9sente une coupe droite l\u00e9g\u00e8rement cintr\u00e9e qui souligne \u00e9l\u00e9gamment la silhouette f\u00e9minine et cr\u00e9e un look \u00e0 la fois classique et moderne. Une fermeture \u00e9clair sans couture au dos assure un acc\u00e8s facile et un ajustement parfait. Une fente int\u00e9gr\u00e9e au dos offre une grande libert\u00e9 de mouvement et compl\u00e8te \u00e9l\u00e9gamment le design.<\/p>\n<p>Que ce soit au bureau, lors d&#039;occasions sp\u00e9ciales ou dans la vie de tous les jours, cette jupe en tweed de haute qualit\u00e9 est un v\u00e9ritable talent de combinaison et le choix parfait pour les femmes qui appr\u00e9cient la mode durable, l&#039;excellent savoir-faire et le style intemporel.<\/p>\n<p>\u2013 Zoom avec division<br \/>- Enti\u00e8rement doubl\u00e9<br \/>\u2013 Harris Tweed \u2013 tiss\u00e9 \u00e0 la main en \u00c9cosse<br \/>\u2013 Fermeture \u00e9clair serr\u00e9e<\/p>\n<p>Mensurations du mod\u00e8le : Le mannequin mesure 176 cm et porte une taille 36 sur cette photo.<br \/>Coupe : La jupe a une coupe ajust&eacute;e.&lt;br\/&gt;<br \/>Dimensions de l&#039;article : Pour la taille 36 les mesures sont : Demi-tour de taille : 37,5 cm \u2013 Demi-tour de hanches : 49,9 cm \u2013 Longueur totale avec ceinture : 55 cm<\/p>\n<p>Tissu ext\u00e9rieur : laine vierge 100%<br \/>Doublure : 55% polyester, 45% viscose<\/p>","protected":false},"excerpt":{"rendered":"<p>Jupe pour femme en tweed Harris, coloris Blackwatch 816.<\/p>\n<p>Cette jupe crayon en laine de mouton retourn\u00e9e pr\u00e9sente une coupe droite et l\u00e9g\u00e8rement cintr\u00e9e qui souligne avec \u00e9l\u00e9gance la silhouette f\u00e9minine et cr\u00e9e un look \u00e0 la fois classique et moderne. Une fermeture \u00e9clair invisible au dos assure un enfilage facile et un ajustement parfait.<\/p>","protected":false},"featured_media":536914,"template":"","meta":[],"product_brand":[],"product_cat":[1153,1144,597,595],"product_tag":[],"class_list":{"0":"post-536913","1":"product","2":"type-product","3":"status-publish","4":"has-post-thumbnail","6":"product_cat-harris-tweed-rocke","7":"product_cat-harris-tweed-rokjes","8":"product_cat-rocke","9":"product_cat-rokken","10":"pa_merk-wellington","12":"first","13":"instock","14":"taxable","15":"shipping-taxable","16":"purchasable","17":"product-type-variable"},"df_price":169.95,"df_sale_price":"","df_regular_price":169.95,"df_image_link":"https:\/\/harristweed-shop.be\/wp-content\/uploads\/2025\/03\/8975ae8d5bb61e916ea9bd50c2d50c8c_Wellington_Harris_Tweed_Dames_Rok_Black_Watch_816-225x300.jpg","_links":{"self":[{"href":"https:\/\/harristweed-shop.be\/fr\/wp-json\/wp\/v2\/product\/536913","targetHints":{"allow":["GET"]}}],"collection":[{"href":"https:\/\/harristweed-shop.be\/fr\/wp-json\/wp\/v2\/product"}],"about":[{"href":"https:\/\/harristweed-shop.be\/fr\/wp-json\/wp\/v2\/types\/product"}],"wp:featuredmedia":[{"embeddable":true,"href":"https:\/\/harristweed-shop.be\/fr\/wp-json\/wp\/v2\/media\/536914"}],"wp:attachment":[{"href":"https:\/\/harristweed-shop.be\/fr\/wp-json\/wp\/v2\/media?parent=536913"}],"wp:term":[{"taxonomy":"product_brand","embeddable":true,"href":"https:\/\/harristweed-shop.be\/fr\/wp-json\/wp\/v2\/product_brand?post=536913"},{"taxonomy":"product_cat","embeddable":true,"href":"https:\/\/harristweed-shop.be\/fr\/wp-json\/wp\/v2\/product_cat?post=536913"},{"taxonomy":"product_tag","embeddable":true,"href":"https:\/\/harristweed-shop.be\/fr\/wp-json\/wp\/v2\/product_tag?post=536913"}],"curies":[{"name":"wp","href":"https:\/\/api.w.org\/{rel}","templated":true}]}}