{"id":536896,"date":"2025-03-19T10:37:24","date_gmt":"2025-03-19T10:37:24","guid":{"rendered":"https:\/\/harristweed-shop.be\/product\/harris-tweed-field-coat-boyd-coat-mustard\/"},"modified":"2026-05-05T04:18:43","modified_gmt":"2026-05-05T04:18:43","slug":"harris-tweed-field-coat-boyd-coat-mustard","status":"publish","type":"product","link":"https:\/\/harristweed-shop.be\/fr\/produit\/manteau-de-campagne-en-tweed-harris-manteau-boyd-moutarde\/","title":{"rendered":"Manteau en tweed Harris, manteau Boyd \u2013 Moutarde"},"content":{"rendered":"<p>Une version \u00e9l\u00e9gante d&#039;un classique ind\u00e9modable. Le manteau Boyd Field est id\u00e9al aussi bien \u00e0 la campagne qu&#039;en ville. Sa doublure matelass\u00e9e vous prot\u00e8ge efficacement des intemp\u00e9ries. L&#039;authentique tissu Harris Tweed est rehauss\u00e9 d&#039;empi\u00e8cements d&#039;\u00e9paules et d&#039;un col int\u00e9rieur effet daim.<\/p>\n<p>\u2013 Tweed Harris couleur moutarde \u00e0 motif losanges<br \/>\u2013 Tiss\u00e9 \u00e0 la main en pure laine 100%<br \/>\u2013 Mod\u00e8le de manteau de campagne<br \/>\u2013 Empi\u00e8cements int\u00e9rieurs en daim au col et aux \u00e9paules<br \/>\u2013 Doublure matelass\u00e9e dor\u00e9e<br \/>\u2013 4 sacs<\/p>","protected":false},"excerpt":{"rendered":"<p>Manteau de campagne en Harris Tweed, manteau Boyd \u2013 Moutarde.<\/p>\n<p>\u2013 Harris Tweed \u2013 Laine 100%<br \/>\n\u2013 Doublure matelass\u00e9e \u2013 ac\u00e9tate 50%\/viscose 50%<br \/>\n\u2013 Finition \u2013 Polyester 100% (effet daim)<br \/>\n\u2013 Le v\u00eatement est muni d&#039;une \u00e9tiquette confirmant l&#039;authenticit\u00e9 du tissu comme \u00e9tant du v\u00e9ritable Harris Tweed<br \/>\nNettoyage \u00e0 sec uniquement<\/p>","protected":false},"featured_media":545629,"template":"","meta":[],"product_brand":[],"product_cat":[1087,1157,530,87,482,531],"product_tag":[],"class_list":{"0":"post-536896","1":"product","2":"type-product","3":"status-publish","4":"has-post-thumbnail","6":"product_cat-harris-tweed-jassen-en-jacks-heren","7":"product_cat-harris-tweed-mantel-und-jacken-fur-herren","8":"product_cat-heren-jassen-en-jacks","9":"product_cat-jassen-en-jacks","10":"product_cat-mantel-und-jacken","11":"product_cat-mantel-und-jacken-fur-herren","12":"pa_merk-bucktrout","14":"first","15":"instock","16":"taxable","17":"shipping-taxable","18":"purchasable","19":"product-type-variable"},"df_price":498,"df_sale_price":"","df_regular_price":498,"df_image_link":"https:\/\/harristweed-shop.be\/wp-content\/uploads\/2025\/03\/3b91391ff88858725f4f52f7d56289f4_Harris_Tweed_Field_Coat__BOYD_COAT___MUSTARD-225x300.jpg","_links":{"self":[{"href":"https:\/\/harristweed-shop.be\/fr\/wp-json\/wp\/v2\/product\/536896","targetHints":{"allow":["GET"]}}],"collection":[{"href":"https:\/\/harristweed-shop.be\/fr\/wp-json\/wp\/v2\/product"}],"about":[{"href":"https:\/\/harristweed-shop.be\/fr\/wp-json\/wp\/v2\/types\/product"}],"wp:featuredmedia":[{"embeddable":true,"href":"https:\/\/harristweed-shop.be\/fr\/wp-json\/wp\/v2\/media\/545629"}],"wp:attachment":[{"href":"https:\/\/harristweed-shop.be\/fr\/wp-json\/wp\/v2\/media?parent=536896"}],"wp:term":[{"taxonomy":"product_brand","embeddable":true,"href":"https:\/\/harristweed-shop.be\/fr\/wp-json\/wp\/v2\/product_brand?post=536896"},{"taxonomy":"product_cat","embeddable":true,"href":"https:\/\/harristweed-shop.be\/fr\/wp-json\/wp\/v2\/product_cat?post=536896"},{"taxonomy":"product_tag","embeddable":true,"href":"https:\/\/harristweed-shop.be\/fr\/wp-json\/wp\/v2\/product_tag?post=536896"}],"curies":[{"name":"wp","href":"https:\/\/api.w.org\/{rel}","templated":true}]}}