{"id":536831,"date":"2025-03-18T11:07:33","date_gmt":"2025-03-18T11:07:33","guid":{"rendered":"https:\/\/harristweed-shop.be\/product\/harris-tweed-jacket-670-2\/"},"modified":"2026-05-05T04:19:38","modified_gmt":"2026-05-05T04:19:38","slug":"harris-tweed-jacket-670-2","status":"publish","type":"product","link":"https:\/\/harristweed-shop.be\/fr\/produit\/veste-en-tweed-harris-670-2\/","title":{"rendered":"Veste Harris Tweed London couleur vert sapin"},"content":{"rendered":"<p>Veste en tweed Harris \u2018\u00a0Londres\u00a0\u2019 \u2013 Quand tradition et style<\/p>\n<p>D\u00e9couvrez un classique intemporel du vestiaire masculin britannique avec la veste \u2018\u00a0London\u00a0\u2019 en Harris Tweed. Confectionn\u00e9e en laine vierge 100% et tiss\u00e9e \u00e0 la main dans les H\u00e9brides ext\u00e9rieures d&#039;\u00c9cosse, la veste Harris Tweed est \u00e0 juste titre consid\u00e9r\u00e9e comme \u201c\u00a0l&#039;un des plus beaux tweeds au monde\u00a0\u201d et symbolise depuis des g\u00e9n\u00e9rations un savoir-faire d&#039;exception, l&#039;authenticit\u00e9 et un style intemporel. Le certificat d&#039;authenticit\u00e9 officiel, cousu \u00e0 la main et d\u00e9livr\u00e9 par la Harris Tweed Authority, atteste de l&#039;origine et de la qualit\u00e9 uniques de ce tissu.<\/p>\n<p>Cet \u00e9l\u00e9gant manteau se ferme par deux boutons effet corne. Parfaitement fini avec deux poches \u00e0 rabat, une poche \u00e0 la taille, quatre poches int\u00e9rieures pratiques et deux fentes d&#039;aisance au dos, il est depuis longtemps un incontournable du vestiaire britannique. Ce manteau pour homme est con\u00e7u avec un souci du d\u00e9tail m\u00e9ticuleux\u00a0: le dessous de col en feutre de laine contrastant apporte une touche subtile, tandis que les empi\u00e8cements en cuir v\u00e9ritable sur les manches d\u00e9gagent un charme typiquement britannique.<\/p>\n<p>Cette veste allie \u00e0 merveille l&#039;\u00e9l\u00e9gance britannique classique et la polyvalence moderne. Port\u00e9e avec un gilet, un jean, un chino ou un pantalon en velours c\u00f4tel\u00e9, elle vous assure un style toujours chic, raffin\u00e9 et\u2026 unique. Un v\u00e9ritable coup de c\u0153ur pour celles et ceux qui recherchent une pi\u00e8ce d&#039;exception\u00a0!<\/p>\n<p>*Couleur 610\/chevrons bleus, 613\/bleu \u00e9cossais, 636\/motif ch\u00e2teau vert, 641\/chevrons bleu fonc\u00e9, 644\/motif losanges ambr\u00e9s, 645\/chevrons gris, 648\/chevrons gris-bleu, 687\/motif losanges anthracite (sans \u00e9cussons de manches)<\/p>\n<p>\u2013 Patchs de manche en cuir v\u00e9ritable<br \/>\u2013 Une poche poitrine<br \/>\u2013 Harris Tweed \u2013 tiss\u00e9 \u00e0 la main en \u00c9cosse<br \/>\u2013 \u00c9tiquette nominative<br \/>\u2013 Dessous de col contrast\u00e9 en feutre de laine<br \/>\u2013 Quatre poches int\u00e9rieures<br \/>\u2013 Deux poches \u00e0 rabat et une poche ticket sur le c\u00f4t\u00e9 droit<br \/>\u2013 Deux fentes au dos<\/p>\n<p>Mensurations du mod\u00e8le : Le mannequin mesure 189 cm et porte une taille 50.<br \/>Coupe : La veste a une coupe moderne et une coupe sportive et \u00e9l\u00e9gante.<br \/>Dimensions du produit\u00a0: Pour la taille 50, les dimensions sont les suivantes\u00a0: Longueur dos\u00a0: 74\u00a0cm \u2013 Longueur des manches depuis l\u2019emmanchure\u00a0: 64\u00a0cm \u2013 Demi-largeur taille\u00a0: 51\u00a0cm<\/p>\n<p>Tissu ext\u00e9rieur : laine vierge 100%<br \/>Doublure : 55% polyester, 45% viscose<br \/>Doublure des manches : viscose 100%<\/p>","protected":false},"excerpt":{"rendered":"<p>Veste Harris Tweed London en Evergreen 670.<\/p>\n<p>D\u00e9couvrez un v\u00e9ritable classique du vestiaire masculin britannique avec la veste \u2018\u00a0London\u00a0\u2019 en Harris Tweed. Confectionn\u00e9e en laine vierge 100% et tiss\u00e9e \u00e0 la main dans les H\u00e9brides ext\u00e9rieures d&#039;\u00c9cosse, la Harris Tweed est \u00e0 juste titre consid\u00e9r\u00e9e comme \u201c\u00a0l&#039;un des plus beaux tweeds au monde\u00a0\u201d et symbolise depuis des g\u00e9n\u00e9rations un savoir-faire d&#039;exception, l&#039;authenticit\u00e9 et un style intemporel.<\/p>","protected":false},"featured_media":536832,"template":"","meta":[],"product_brand":[],"product_cat":[1091,1090,393,1083,479,1155,15,478],"product_tag":[],"class_list":{"0":"post-536831","1":"product","2":"type-product","3":"status-publish","4":"has-post-thumbnail","6":"product_cat-colbert-tweed-colberts-en-jasjes","7":"product_cat-colberts-en-jasjes","8":"product_cat-harris-tweed-heren-jasjes","9":"product_cat-harris-tweed-jasjes-heren","10":"product_cat-harris-tweed-sakkos-fur-herren","11":"product_cat-harris-tweed-sakkos-herren","12":"product_cat-harris-tweed-colberts","13":"product_cat-tweed-sakkos","14":"pa_merk-wellington","16":"first","17":"instock","18":"taxable","19":"shipping-taxable","20":"purchasable","21":"product-type-variable"},"df_price":379.95,"df_sale_price":"","df_regular_price":379.95,"df_image_link":"https:\/\/harristweed-shop.be\/wp-content\/uploads\/2025\/03\/ad2df42f0be59201036722ee0a08a909_Harris_Tweed_Jacket_670-225x300.jpg","_links":{"self":[{"href":"https:\/\/harristweed-shop.be\/fr\/wp-json\/wp\/v2\/product\/536831","targetHints":{"allow":["GET"]}}],"collection":[{"href":"https:\/\/harristweed-shop.be\/fr\/wp-json\/wp\/v2\/product"}],"about":[{"href":"https:\/\/harristweed-shop.be\/fr\/wp-json\/wp\/v2\/types\/product"}],"wp:featuredmedia":[{"embeddable":true,"href":"https:\/\/harristweed-shop.be\/fr\/wp-json\/wp\/v2\/media\/536832"}],"wp:attachment":[{"href":"https:\/\/harristweed-shop.be\/fr\/wp-json\/wp\/v2\/media?parent=536831"}],"wp:term":[{"taxonomy":"product_brand","embeddable":true,"href":"https:\/\/harristweed-shop.be\/fr\/wp-json\/wp\/v2\/product_brand?post=536831"},{"taxonomy":"product_cat","embeddable":true,"href":"https:\/\/harristweed-shop.be\/fr\/wp-json\/wp\/v2\/product_cat?post=536831"},{"taxonomy":"product_tag","embeddable":true,"href":"https:\/\/harristweed-shop.be\/fr\/wp-json\/wp\/v2\/product_tag?post=536831"}],"curies":[{"name":"wp","href":"https:\/\/api.w.org\/{rel}","templated":true}]}}