{"id":536760,"date":"2025-03-13T19:41:31","date_gmt":"2025-03-13T19:41:31","guid":{"rendered":"https:\/\/harristweed-shop.be\/product\/christies-of-london-harris-tweed-8-piece-baker-boy-flat-cap\/"},"modified":"2026-04-08T02:25:41","modified_gmt":"2026-04-08T02:25:41","slug":"christies-of-london-harris-tweed-8-piece-baker-boy-flat-cap","status":"publish","type":"product","link":"https:\/\/harristweed-shop.be\/fr\/produit\/casquette-plate-baker-boy-8-pieces-en-tweed-harris-de-christies-of-london\/","title":{"rendered":"Christies of London, casquette plate Baker Boy en tweed Harris, 8 pi\u00e8ces"},"content":{"rendered":"<p>Notre Baker Boy est un v\u00e9ritable classique. Fabriqu\u00e9 avec les meilleurs mat\u00e9riaux britanniques, il a \u00e9t\u00e9 popularis\u00e9 par des ic\u00f4nes de la mode aussi diverses que David Beckham, Jay Gatsby, Brian Johnson, le duc de Windsor et les tr\u00e8s appr\u00e9ci\u00e9s et regard\u00e9s Peaky Blinders.<\/p>\n<p>HARRIS TWEED est plus qu&#039;un textile unique tiss\u00e9 \u00e0 la main, c&#039;est aussi l&#039;histoire d&#039;un lieu authentique, riche d&#039;une histoire et d&#039;une culture riches, de paysages magnifiques et de communaut\u00e9s dynamiques, situ\u00e9 dans les \u00eeles \u00e9cossaises recul\u00e9es et magnifiques des H\u00e9brides ext\u00e9rieures. Ces derni\u00e8res ann\u00e9es, l&#039;industrie et sa marque ont acquis une renomm\u00e9e mondiale.<\/p>\n<p>En plus d&#039;\u00eatre naturel, biod\u00e9gradable, hypoallerg\u00e9nique et hydrofuge, HARRIS TWEED est une mati\u00e8re \u00e9conome en \u00e9nergie. Des fermes isol\u00e9es aux d\u00e9fil\u00e9s de haute couture, HARRIS TWEED est le choix des cr\u00e9ateurs de mode et d&#039;int\u00e9rieur qui appr\u00e9cient sa provenance, son style classique et sa capacit\u00e9 \u00e0 se bonifier avec le temps. Chaque m\u00e8tre de tissu est certifi\u00e9 du c\u00e9l\u00e8bre Orb Mark et garantit un v\u00e9ritable HARRIS TWEED, de la plus haute qualit\u00e9 et du plus grand savoir-faire.<\/p>","protected":false},"excerpt":{"rendered":"<p>Notre Baker Boy est un v\u00e9ritable classique.<\/p>","protected":false},"featured_media":536761,"template":"","meta":[],"product_brand":[],"product_cat":[1121,1165,1119,1164,433,547,542,83],"product_tag":[],"class_list":{"0":"post-536760","1":"product","2":"type-product","3":"status-publish","4":"has-post-thumbnail","6":"product_cat-harris-tweed-bakerboy-caps-harris-tweed-hoeden-petten-en-caps","7":"product_cat-harris-tweed-bakerboy-mutzen","8":"product_cat-harris-tweed-hoeden-petten-en-caps","9":"product_cat-harris-tweed-mutzen-und-hute","10":"product_cat-harris-tweed-petten","11":"product_cat-harris-tweed-mutzen","12":"product_cat-hute-und-caps","13":"product_cat-petten-en-caps","14":"pa_merk-christys-of-london","16":"first","17":"instock","18":"taxable","19":"shipping-taxable","20":"purchasable","21":"product-type-variable"},"df_price":119.95,"df_sale_price":"","df_regular_price":119.95,"df_image_link":"https:\/\/harristweed-shop.be\/wp-content\/uploads\/2025\/03\/eeff223a1cd3cd3d6f233de91ccd4b74_Harris_Tweed_8_Piece_Baker_Boy_Flat_Cap_-300x300.jpeg","_links":{"self":[{"href":"https:\/\/harristweed-shop.be\/fr\/wp-json\/wp\/v2\/product\/536760","targetHints":{"allow":["GET"]}}],"collection":[{"href":"https:\/\/harristweed-shop.be\/fr\/wp-json\/wp\/v2\/product"}],"about":[{"href":"https:\/\/harristweed-shop.be\/fr\/wp-json\/wp\/v2\/types\/product"}],"wp:featuredmedia":[{"embeddable":true,"href":"https:\/\/harristweed-shop.be\/fr\/wp-json\/wp\/v2\/media\/536761"}],"wp:attachment":[{"href":"https:\/\/harristweed-shop.be\/fr\/wp-json\/wp\/v2\/media?parent=536760"}],"wp:term":[{"taxonomy":"product_brand","embeddable":true,"href":"https:\/\/harristweed-shop.be\/fr\/wp-json\/wp\/v2\/product_brand?post=536760"},{"taxonomy":"product_cat","embeddable":true,"href":"https:\/\/harristweed-shop.be\/fr\/wp-json\/wp\/v2\/product_cat?post=536760"},{"taxonomy":"product_tag","embeddable":true,"href":"https:\/\/harristweed-shop.be\/fr\/wp-json\/wp\/v2\/product_tag?post=536760"}],"curies":[{"name":"wp","href":"https:\/\/api.w.org\/{rel}","templated":true}]}}