{"id":536726,"date":"2025-03-10T13:27:20","date_gmt":"2025-03-10T13:27:20","guid":{"rendered":"https:\/\/harristweed-shop.be\/product\/barbour-mavin-socks-pheasant-oceana-blue\/"},"modified":"2026-05-05T04:21:37","modified_gmt":"2026-05-05T04:21:37","slug":"barbour-mavin-socks-pheasant-oceana-blue","status":"publish","type":"product","link":"https:\/\/harristweed-shop.be\/fr\/produit\/chaussettes-barbour-mavin-faisan-bleu-oceana\/","title":{"rendered":"Chaussettes Barbour Mavin Faisan Oceana Bleu"},"content":{"rendered":"<p>Uniques et ludiques, les chaussettes Mavin sont fabriqu\u00e9es avec un fil de coton m\u00e9lang\u00e9 durable, avec des motifs country tricot\u00e9s en intarsia et un logo Barbour sur la semelle.<br \/>\n60% Coton, 38% Polyamide, 2% \u00c9lasthanne<br \/>\nLavable en machine<br \/>\nLogo Barbour thermocoll\u00e9 externe sur la semelle<\/p>","protected":false},"excerpt":{"rendered":"<p>Uniques et ludiques, les chaussettes Mavin sont fabriqu\u00e9es avec un fil de coton m\u00e9lang\u00e9 durable, avec des motifs country tricot\u00e9s en intarsia et un logo Barbour thermoscell\u00e9 sur la semelle. <\/p>","protected":false},"featured_media":536729,"template":"","meta":[],"product_brand":[],"product_cat":[1107,1132,925,134],"product_tag":[],"class_list":{"0":"post-536726","1":"product","2":"type-product","3":"status-publish","4":"has-post-thumbnail","6":"product_cat-barbour","7":"product_cat-barbour-sokken","8":"product_cat-socken","9":"product_cat-sokken","10":"pa_merk-barbour","12":"first","13":"instock","14":"taxable","15":"shipping-taxable","16":"purchasable","17":"product-type-variable"},"df_price":17.95,"df_sale_price":"","df_regular_price":17.95,"df_image_link":"https:\/\/harristweed-shop.be\/wp-content\/uploads\/2025\/03\/5ba5e0030a4cff671f37a69859aa491c_Barbour_Mavin_Socks_Pheasant_Oceana_Blue-225x300.jpeg","_links":{"self":[{"href":"https:\/\/harristweed-shop.be\/fr\/wp-json\/wp\/v2\/product\/536726","targetHints":{"allow":["GET"]}}],"collection":[{"href":"https:\/\/harristweed-shop.be\/fr\/wp-json\/wp\/v2\/product"}],"about":[{"href":"https:\/\/harristweed-shop.be\/fr\/wp-json\/wp\/v2\/types\/product"}],"wp:featuredmedia":[{"embeddable":true,"href":"https:\/\/harristweed-shop.be\/fr\/wp-json\/wp\/v2\/media\/536729"}],"wp:attachment":[{"href":"https:\/\/harristweed-shop.be\/fr\/wp-json\/wp\/v2\/media?parent=536726"}],"wp:term":[{"taxonomy":"product_brand","embeddable":true,"href":"https:\/\/harristweed-shop.be\/fr\/wp-json\/wp\/v2\/product_brand?post=536726"},{"taxonomy":"product_cat","embeddable":true,"href":"https:\/\/harristweed-shop.be\/fr\/wp-json\/wp\/v2\/product_cat?post=536726"},{"taxonomy":"product_tag","embeddable":true,"href":"https:\/\/harristweed-shop.be\/fr\/wp-json\/wp\/v2\/product_tag?post=536726"}],"curies":[{"name":"wp","href":"https:\/\/api.w.org\/{rel}","templated":true}]}}