{"id":536718,"date":"2025-03-10T13:17:17","date_gmt":"2025-03-10T13:17:17","guid":{"rendered":"https:\/\/harristweed-shop.be\/product\/barbour-elishaw-check-shirt\/"},"modified":"2026-05-05T04:21:37","modified_gmt":"2026-05-05T04:21:37","slug":"barbour-elishaw-check-shirt","status":"publish","type":"product","link":"https:\/\/harristweed-shop.be\/fr\/produit\/chemise-a-carreaux-barbour-elishaw\/","title":{"rendered":"Chemise \u00e0 carreaux Barbour Elishaw en tartan de toile de jute"},"content":{"rendered":"<p>Classique de la garde-robe \u00e0 l&#039;allure d\u00e9contract\u00e9e, la chemise Barbour Elishaw Relaxed Fit pr\u00e9sente une coupe d\u00e9contract\u00e9e, id\u00e9ale pour les journ\u00e9es d\u00e9contract\u00e9es. Ses boutons sur le devant permettent de la porter ouverte ou ferm\u00e9e, tandis que son tissu en coton bross\u00e9 lui conf\u00e8re une douceur incomparable.<\/p>\n<p>Coton 100%<br \/>\nBarre d&#039;identification \u00e0 l&#039;arri\u00e8re du cou et boutons de marque<br \/>\nLongueur du dos : 75 cm<br \/>\nLavage en machine \u00e0 30\u00b0C<\/p>","protected":false},"excerpt":{"rendered":"<p>Chemise \u00e0 carreaux Barbour Elishaw en tartan de toile de jute. <\/p>\n<p>Un classique de la garde-robe avec un attrait d\u00e9contract\u00e9, la chemise Barbour Elishaw Relaxed Fit est coup\u00e9e dans une coupe d\u00e9contract\u00e9e, id\u00e9ale pour les journ\u00e9es d\u00e9contract\u00e9es.<\/p>","protected":false},"featured_media":536719,"template":"","meta":[],"product_brand":[],"product_cat":[1107,1131,1110,1193,86,506],"product_tag":[],"class_list":{"0":"post-536718","1":"product","2":"type-product","3":"status-publish","4":"has-post-thumbnail","6":"product_cat-barbour","7":"product_cat-barbour-dames-shirts","8":"product_cat-barbour-shirts","9":"product_cat-damen-blusen","10":"product_cat-shirts-en-overhemden","11":"product_cat-shirts-und-hemden","12":"pa_merk-barbour","14":"first","15":"instock","16":"taxable","17":"shipping-taxable","18":"purchasable","19":"product-type-variable"},"df_price":99.95,"df_sale_price":"","df_regular_price":99.95,"df_image_link":"https:\/\/harristweed-shop.be\/wp-content\/uploads\/2025\/03\/3f2b22a4098184147b4546709e33da86_Barbour_Elishaw_Check_Shirt-225x300.jpeg","_links":{"self":[{"href":"https:\/\/harristweed-shop.be\/fr\/wp-json\/wp\/v2\/product\/536718","targetHints":{"allow":["GET"]}}],"collection":[{"href":"https:\/\/harristweed-shop.be\/fr\/wp-json\/wp\/v2\/product"}],"about":[{"href":"https:\/\/harristweed-shop.be\/fr\/wp-json\/wp\/v2\/types\/product"}],"wp:featuredmedia":[{"embeddable":true,"href":"https:\/\/harristweed-shop.be\/fr\/wp-json\/wp\/v2\/media\/536719"}],"wp:attachment":[{"href":"https:\/\/harristweed-shop.be\/fr\/wp-json\/wp\/v2\/media?parent=536718"}],"wp:term":[{"taxonomy":"product_brand","embeddable":true,"href":"https:\/\/harristweed-shop.be\/fr\/wp-json\/wp\/v2\/product_brand?post=536718"},{"taxonomy":"product_cat","embeddable":true,"href":"https:\/\/harristweed-shop.be\/fr\/wp-json\/wp\/v2\/product_cat?post=536718"},{"taxonomy":"product_tag","embeddable":true,"href":"https:\/\/harristweed-shop.be\/fr\/wp-json\/wp\/v2\/product_tag?post=536718"}],"curies":[{"name":"wp","href":"https:\/\/api.w.org\/{rel}","templated":true}]}}