{"id":536610,"date":"2025-03-07T16:53:39","date_gmt":"2025-03-07T16:53:39","guid":{"rendered":"https:\/\/harristweed-shop.be\/product\/linnen-jasje-wellington-marine\/"},"modified":"2026-04-25T11:08:00","modified_gmt":"2026-04-25T11:08:00","slug":"linnen-jasje-wellington-marine","status":"publish","type":"product","link":"https:\/\/harristweed-shop.be\/fr\/produit\/veste-en-lin-wellington-bleu-marine\/","title":{"rendered":"Veste en lin bleu marine London"},"content":{"rendered":"<p>Blazer en lin pour homme \u201c\u00a0Londres\u00a0\u201d - \u00c9l\u00e9gant tout l&#039;\u00e9t\u00e9<\/p>\n<p>Le blazer en lin pour homme \u201c\u00a0London\u00a0\u201d allie l&#039;\u00e9l\u00e9gance classique \u00e0 une fra\u00eecheur estivale et constitue le choix id\u00e9al pour les hommes \u00e9l\u00e9gants qui souhaitent conserver une allure soign\u00e9e m\u00eame par fortes chaleurs. Confectionn\u00e9 en lin 100% de haute qualit\u00e9, il s\u00e9duit par sa texture naturelle et ses plis \u00e9l\u00e9gants caract\u00e9ristiques, lui conf\u00e9rant une allure d\u00e9contract\u00e9e et raffin\u00e9e. Les propri\u00e9t\u00e9s respirantes naturelles du lin assurent une agr\u00e9able sensation de fra\u00eecheur et de confort, m\u00eame lors des chaudes journ\u00e9es d&#039;\u00e9t\u00e9.<\/p>\n<p>Ce blazer pr\u00e9sente une fermeture classique \u00e0 deux boutons, deux poches \u00e0 rabat, une poche ticket et une poche poitrine. Sa coupe cintr\u00e9e est accentu\u00e9e par deux longues fentes au dos, cr\u00e9ant une silhouette \u00e9lanc\u00e9e et offrant une libert\u00e9 de mouvement optimale. Dot\u00e9 de quatre poches int\u00e9rieures fonctionnelles et d&#039;une doublure en viscose facile d&#039;entretien, le blazer homme \u201c\u00a0London\u00a0\u201d offre un confort exceptionnel. Le col doubl\u00e9 de feutre de laine et les \u00e9l\u00e9gants boutons effet corne apportent une touche de style qui compl\u00e8te harmonieusement le design et souligne le caract\u00e8re raffin\u00e9 de la veste. Ce blazer homme est ainsi un v\u00e9ritable produit haut de gamme qui allie \u00e0 la perfection fonctionnalit\u00e9 et esth\u00e9tique raffin\u00e9e.<\/p>\n<p>Que ce soit au bureau, pour des occasions formelles ou pour les loisirs, la veste en lin pour homme \u201c\u00a0London\u00a0\u201d est un alli\u00e9 polyvalent en toutes circonstances. Elle allie une coupe classique \u00e0 un style d\u00e9contract\u00e9 et moderne, et s&#039;accorde facilement avec une grande vari\u00e9t\u00e9 de tenues et de styles.<\/p>\n<p>\u2013 Lin 100%<br \/>\n<br \/>\u2013 Une poche passepoil\u00e9e sur la poitrine <br \/>\u2013 \u00c9tiquette nominative <br \/>\u2013 Dessous de col en feutre de laine contrastant <br \/>\u2013 Quatre poches int\u00e9rieures <br \/>\u2013 Deux poches \u00e0 rabat et une poche ticket sur le c\u00f4t\u00e9 droit <br \/>\u2013 Deux fentes au dos<\/p>\n<p>Mensurations du mannequin\u00a0: Le mannequin mesure 184\u00a0cm et porte une taille\u00a050.<br \/>Coupe : La veste poss\u00e8de une coupe moderne et une silhouette \u00e0 la fois sportive et \u00e9l\u00e9gante.<br \/>Dimensions du produit : Pour la taille 50, les mesures sont : Longueur du dos : 74 cm ; Longueur de la manche depuis la t\u00eate de manche : 64 cm ; Largeur de la taille \u00e0 mi-chemin : 51 cm.<\/p>\n<p>Tissu ext\u00e9rieur : lin 100%<br \/>Doublure : viscose 100%<br \/>Doublure des manches : viscose 100%<\/p>","protected":false},"excerpt":{"rendered":"<p>Veste en lin London bleu marine taille 10.<\/p>","protected":false},"featured_media":543890,"template":"","meta":[],"product_brand":[],"product_cat":[1095,1090,1093,246,1081,1134,1094,1149,1133,15,478,1146],"product_tag":[],"class_list":{"0":"post-536610","1":"product","2":"type-product","3":"status-publish","4":"has-post-thumbnail","6":"product_cat-colbert-linnen-colberts-en-jasjes","7":"product_cat-colberts-en-jasjes","8":"product_cat-leinen-und-seide-sakkos-fur-herren","9":"product_cat-linnen-colberts","10":"product_cat-linnen-en-zijden-heren-jasjes","11":"product_cat-linnen-en-zijden-jasjes","12":"product_cat-linnen-en-zijden-jasjes-heren","13":"product_cat-linnen-jasjes-heren","14":"product_cat-seide-und-leinen-sakkos","15":"product_cat-harris-tweed-colberts","16":"product_cat-tweed-sakkos","17":"product_cat-zomer-jasjes","18":"pa_merk-wellington","20":"first","21":"instock","22":"taxable","23":"shipping-taxable","24":"purchasable","25":"product-type-variable"},"df_price":349.95,"df_sale_price":"","df_regular_price":349.95,"df_image_link":"https:\/\/harristweed-shop.be\/wp-content\/uploads\/2025\/03\/46701188655bf2e4ab5702152e418ac5_Linnen_Jasje_London_In_Navy-225x300.jpeg","_links":{"self":[{"href":"https:\/\/harristweed-shop.be\/fr\/wp-json\/wp\/v2\/product\/536610","targetHints":{"allow":["GET"]}}],"collection":[{"href":"https:\/\/harristweed-shop.be\/fr\/wp-json\/wp\/v2\/product"}],"about":[{"href":"https:\/\/harristweed-shop.be\/fr\/wp-json\/wp\/v2\/types\/product"}],"wp:featuredmedia":[{"embeddable":true,"href":"https:\/\/harristweed-shop.be\/fr\/wp-json\/wp\/v2\/media\/543890"}],"wp:attachment":[{"href":"https:\/\/harristweed-shop.be\/fr\/wp-json\/wp\/v2\/media?parent=536610"}],"wp:term":[{"taxonomy":"product_brand","embeddable":true,"href":"https:\/\/harristweed-shop.be\/fr\/wp-json\/wp\/v2\/product_brand?post=536610"},{"taxonomy":"product_cat","embeddable":true,"href":"https:\/\/harristweed-shop.be\/fr\/wp-json\/wp\/v2\/product_cat?post=536610"},{"taxonomy":"product_tag","embeddable":true,"href":"https:\/\/harristweed-shop.be\/fr\/wp-json\/wp\/v2\/product_tag?post=536610"}],"curies":[{"name":"wp","href":"https:\/\/api.w.org\/{rel}","templated":true}]}}