{"id":536606,"date":"2025-03-07T16:53:35","date_gmt":"2025-03-07T16:53:35","guid":{"rendered":"https:\/\/harristweed-shop.be\/product\/linnen-jasje-wellington-nature\/"},"modified":"2026-04-28T14:36:39","modified_gmt":"2026-04-28T14:36:39","slug":"linnen-jasje-wellington-nature","status":"publish","type":"product","link":"https:\/\/harristweed-shop.be\/fr\/produit\/veste-en-lin-wellington-nature\/","title":{"rendered":"Veste en lin Londres In Nature"},"content":{"rendered":"<p>Blazer en lin pour homme \u201c\u00a0Londres\u00a0\u201d - \u00c9l\u00e9gant tout l&#039;\u00e9t\u00e9<\/p>\n<p>Le blazer en lin pour homme \u201c\u00a0London\u00a0\u201d allie l&#039;\u00e9l\u00e9gance classique \u00e0 une fra\u00eecheur estivale et constitue le choix id\u00e9al pour les hommes \u00e9l\u00e9gants qui souhaitent conserver une allure soign\u00e9e m\u00eame par fortes chaleurs. Confectionn\u00e9 en lin 100% de haute qualit\u00e9, il s\u00e9duit par sa texture naturelle et ses plis \u00e9l\u00e9gants caract\u00e9ristiques, lui conf\u00e9rant une allure d\u00e9contract\u00e9e et raffin\u00e9e. Les propri\u00e9t\u00e9s respirantes naturelles du lin assurent une agr\u00e9able sensation de fra\u00eecheur et de confort, m\u00eame lors des chaudes journ\u00e9es d&#039;\u00e9t\u00e9.<\/p>\n<p>Ce blazer pr\u00e9sente une fermeture classique \u00e0 deux boutons, deux poches \u00e0 rabat, une poche ticket et une poche poitrine. Sa coupe cintr\u00e9e est accentu\u00e9e par deux longues fentes au dos, cr\u00e9ant une silhouette \u00e9lanc\u00e9e et offrant une libert\u00e9 de mouvement optimale. Dot\u00e9 de quatre poches int\u00e9rieures fonctionnelles et d&#039;une doublure en viscose facile d&#039;entretien, le blazer homme \u201c\u00a0London\u00a0\u201d offre un confort exceptionnel. Le col doubl\u00e9 de feutre de laine et les \u00e9l\u00e9gants boutons effet corne apportent une touche de style qui compl\u00e8te harmonieusement le design et souligne le caract\u00e8re raffin\u00e9 de la veste. Ce blazer homme est ainsi un v\u00e9ritable produit haut de gamme qui allie \u00e0 la perfection fonctionnalit\u00e9 et esth\u00e9tique raffin\u00e9e.<\/p>\n<p>Que ce soit au bureau, pour des occasions formelles ou pour les loisirs, la veste en lin pour homme \u201c\u00a0London\u00a0\u201d est un alli\u00e9 polyvalent en toutes circonstances. Elle allie une coupe classique \u00e0 un style d\u00e9contract\u00e9 et moderne, et s&#039;accorde facilement avec une grande vari\u00e9t\u00e9 de tenues et de styles.<\/p>\n<p>\u2013 Lin 100%<br \/>\u2013 Doublure d&#039;\u00e9t\u00e9 l\u00e9g\u00e8re<br \/>\u2013 \u00c9tiquette nominative<br \/>\u2013 Col en feutre de laine de couleur assortie<br \/>\u2013 Quatre poches int\u00e9rieures<br \/>\u2013 Deux poches \u00e0 rabat et une poche ticket sur le c\u00f4t\u00e9 droit<br \/>\u2013 Deux fentes au dos<\/p>","protected":false},"excerpt":{"rendered":"<p>Veste en lin Londres In Nature 2890-261.<\/p>\n<p>Le blazer en lin pour homme \u201c London \u201d allie l&#039;\u00e9l\u00e9gance classique \u00e0 la fra\u00eecheur estivale et constitue le choix id\u00e9al pour les hommes \u00e9l\u00e9gants qui souhaitent conserver une allure soign\u00e9e m\u00eame par fortes chaleurs.<\/p>","protected":false},"featured_media":542483,"template":"","meta":[],"product_brand":[],"product_cat":[1095,1090,479,1093,246,1081,1134,1094,1149,1133,15,478,1146],"product_tag":[],"class_list":{"0":"post-536606","1":"product","2":"type-product","3":"status-publish","4":"has-post-thumbnail","6":"product_cat-colbert-linnen-colberts-en-jasjes","7":"product_cat-colberts-en-jasjes","8":"product_cat-harris-tweed-sakkos-fur-herren","9":"product_cat-leinen-und-seide-sakkos-fur-herren","10":"product_cat-linnen-colberts","11":"product_cat-linnen-en-zijden-heren-jasjes","12":"product_cat-linnen-en-zijden-jasjes","13":"product_cat-linnen-en-zijden-jasjes-heren","14":"product_cat-linnen-jasjes-heren","15":"product_cat-seide-und-leinen-sakkos","16":"product_cat-harris-tweed-colberts","17":"product_cat-tweed-sakkos","18":"product_cat-zomer-jasjes","19":"pa_merk-wellington","21":"first","22":"instock","23":"taxable","24":"shipping-taxable","25":"purchasable","26":"product-type-variable"},"df_price":349.95,"df_sale_price":"","df_regular_price":349.95,"df_image_link":"https:\/\/harristweed-shop.be\/wp-content\/uploads\/2025\/03\/f86028f6b98eb1325c5a886ddd89bcb3_Linnen_Jasje_Wellington_Nature_3-225x300.jpeg","_links":{"self":[{"href":"https:\/\/harristweed-shop.be\/fr\/wp-json\/wp\/v2\/product\/536606","targetHints":{"allow":["GET"]}}],"collection":[{"href":"https:\/\/harristweed-shop.be\/fr\/wp-json\/wp\/v2\/product"}],"about":[{"href":"https:\/\/harristweed-shop.be\/fr\/wp-json\/wp\/v2\/types\/product"}],"wp:featuredmedia":[{"embeddable":true,"href":"https:\/\/harristweed-shop.be\/fr\/wp-json\/wp\/v2\/media\/542483"}],"wp:attachment":[{"href":"https:\/\/harristweed-shop.be\/fr\/wp-json\/wp\/v2\/media?parent=536606"}],"wp:term":[{"taxonomy":"product_brand","embeddable":true,"href":"https:\/\/harristweed-shop.be\/fr\/wp-json\/wp\/v2\/product_brand?post=536606"},{"taxonomy":"product_cat","embeddable":true,"href":"https:\/\/harristweed-shop.be\/fr\/wp-json\/wp\/v2\/product_cat?post=536606"},{"taxonomy":"product_tag","embeddable":true,"href":"https:\/\/harristweed-shop.be\/fr\/wp-json\/wp\/v2\/product_tag?post=536606"}],"curies":[{"name":"wp","href":"https:\/\/api.w.org\/{rel}","templated":true}]}}