{"id":536602,"date":"2025-03-07T16:53:31","date_gmt":"2025-03-07T16:53:31","guid":{"rendered":"https:\/\/harristweed-shop.be\/product\/linnen-jasje-wellington-blauw-ruit\/"},"modified":"2026-05-05T04:21:37","modified_gmt":"2026-05-05T04:21:37","slug":"linnen-jasje-wellington-blauw-ruit","status":"publish","type":"product","link":"https:\/\/harristweed-shop.be\/fr\/produit\/veste-en-lin-a-carreaux-bleus-wellington\/","title":{"rendered":"Veste en lin London \u00e0 carreaux bleus"},"content":{"rendered":"<p>Le blazer homme en lin \u201c London SO \u201d \u2013 une \u00e9l\u00e9gance classique dans un motif losange moderne<\/p>\n<p>Le blazer homme \u201c\u00a0London SO\u00a0\u201d en lin, orn\u00e9 d&#039;un \u00e9l\u00e9gant motif \u00e0 carreaux, s\u00e9duit par son \u00e9l\u00e9gance intemporelle et sa modernit\u00e9. Confectionn\u00e9 en pur lin 100%, il offre une allure haut de gamme et une agr\u00e9able sensation de fra\u00eecheur, id\u00e9ale pour les journ\u00e9es chaudes. Son subtil effet froiss\u00e9 souligne le charme naturel de ce blazer d&#039;\u00e9t\u00e9 raffin\u00e9.<\/p>\n<p>Ce blazer pr\u00e9sente une fermeture \u00e0 deux boutons, deux poches \u00e0 rabat, une poche ticket \u00e0 rabat, une v\u00e9ritable poche passepoil\u00e9e sur la poitrine et quatre poches int\u00e9rieures pratiques. Sa coupe impeccable, avec deux longues fentes au dos, garantit une silhouette harmonieuse. La doublure en viscose naturelle 100% offre un confort optimal et facilite l&#039;enfilage et le retrait.<\/p>\n<p>Que ce soit pour un look d&#039;affaires \u00e9l\u00e9gant ou une tenue d\u00e9contract\u00e9e raffin\u00e9e, le blazer \u201c\u00a0London SO\u00a0\u201d se marie de multiples fa\u00e7ons\u00a0: avec un cardigan, un jean chic, un chino classique ou un bermuda d\u00e9contract\u00e9. Un incontournable pour l&#039;homme exigeant qui privil\u00e9gie la qualit\u00e9, le confort et une allure assur\u00e9e.<\/p>\n<p>\u2013 Lin 100%<br \/>\n<br \/>\u2013 Une poche passepoil\u00e9e sur la poitrine <br \/>\u2013 \u00c9tiquette nominative <br \/>\u2013 Dessous de col en feutre de laine contrastant <br \/>\u2013 Quatre poches int\u00e9rieures <br \/>\u2013 Deux poches \u00e0 rabat et une poche ticket sur le c\u00f4t\u00e9 droit <br \/>\u2013 Deux fentes au dos<\/p>\n<p>Mensurations du mannequin\u00a0: Le mannequin mesure 184\u00a0cm et porte une taille\u00a050.<br \/>Coupe : La veste poss\u00e8de une coupe moderne et une silhouette \u00e0 la fois sportive et \u00e9l\u00e9gante.<br \/>Dimensions du produit\u00a0: Pour la taille 50, les mesures sont les suivantes\u00a0: Longueur dos\u00a0: 74\u00a0cm \u2013 Longueur des manches depuis la couture d\u2019\u00e9paule\u00a0: 64\u00a0cm \u2013 Largeur taille (demi-taille)\u00a0: 51\u00a0cm<\/p>\n<p>Tissu ext\u00e9rieur : lin 100%<br \/>Doublure : viscose 100%<br \/>Doublure des manches : viscose 100%<\/p>","protected":false},"excerpt":{"rendered":"<p>Veste en lin London In The Blue Window Check 13.<\/p>\n<p>Le blazer homme \u201c\u00a0London SO\u00a0\u201d en lin, orn\u00e9 d&#039;un \u00e9l\u00e9gant motif \u00e0 carreaux, s\u00e9duit par son \u00e9l\u00e9gance intemporelle et son allure moderne. Confectionn\u00e9 en pur lin 100%, il offre non seulement une allure haut de gamme, mais aussi une agr\u00e9able sensation de fra\u00eecheur, id\u00e9ale pour les journ\u00e9es chaudes.<\/p>","protected":false},"featured_media":543942,"template":"","meta":[],"product_brand":[],"product_cat":[1095,1090,1093,246,1081,1134,1094,1149,1133,15,478,1146],"product_tag":[],"class_list":{"0":"post-536602","1":"product","2":"type-product","3":"status-publish","4":"has-post-thumbnail","6":"product_cat-colbert-linnen-colberts-en-jasjes","7":"product_cat-colberts-en-jasjes","8":"product_cat-leinen-und-seide-sakkos-fur-herren","9":"product_cat-linnen-colberts","10":"product_cat-linnen-en-zijden-heren-jasjes","11":"product_cat-linnen-en-zijden-jasjes","12":"product_cat-linnen-en-zijden-jasjes-heren","13":"product_cat-linnen-jasjes-heren","14":"product_cat-seide-und-leinen-sakkos","15":"product_cat-harris-tweed-colberts","16":"product_cat-tweed-sakkos","17":"product_cat-zomer-jasjes","18":"pa_merk-wellington","20":"first","21":"instock","22":"taxable","23":"shipping-taxable","24":"purchasable","25":"product-type-variable"},"df_price":379.95,"df_sale_price":"","df_regular_price":379.95,"df_image_link":"https:\/\/harristweed-shop.be\/wp-content\/uploads\/2025\/03\/91b1b348ab30a782cf38da14405b30b5_Linnen_Jasje_London_In_The_Blue_Window_Check-225x300.jpeg","_links":{"self":[{"href":"https:\/\/harristweed-shop.be\/fr\/wp-json\/wp\/v2\/product\/536602","targetHints":{"allow":["GET"]}}],"collection":[{"href":"https:\/\/harristweed-shop.be\/fr\/wp-json\/wp\/v2\/product"}],"about":[{"href":"https:\/\/harristweed-shop.be\/fr\/wp-json\/wp\/v2\/types\/product"}],"wp:featuredmedia":[{"embeddable":true,"href":"https:\/\/harristweed-shop.be\/fr\/wp-json\/wp\/v2\/media\/543942"}],"wp:attachment":[{"href":"https:\/\/harristweed-shop.be\/fr\/wp-json\/wp\/v2\/media?parent=536602"}],"wp:term":[{"taxonomy":"product_brand","embeddable":true,"href":"https:\/\/harristweed-shop.be\/fr\/wp-json\/wp\/v2\/product_brand?post=536602"},{"taxonomy":"product_cat","embeddable":true,"href":"https:\/\/harristweed-shop.be\/fr\/wp-json\/wp\/v2\/product_cat?post=536602"},{"taxonomy":"product_tag","embeddable":true,"href":"https:\/\/harristweed-shop.be\/fr\/wp-json\/wp\/v2\/product_tag?post=536602"}],"curies":[{"name":"wp","href":"https:\/\/api.w.org\/{rel}","templated":true}]}}