{"id":536585,"date":"2025-03-07T16:52:27","date_gmt":"2025-03-07T16:52:27","guid":{"rendered":"https:\/\/harristweed-shop.be\/product\/tweed-jacket-louise-blue\/"},"modified":"2026-05-05T04:22:36","modified_gmt":"2026-05-05T04:22:36","slug":"tweed-jacket-louise-blue","status":"publish","type":"product","link":"https:\/\/harristweed-shop.be\/fr\/produit\/veste-en-tweed-bleu-louise-2\/","title":{"rendered":"Veste femme en tweed Yorkshire Louise \u2013 Bleue"},"content":{"rendered":"<p>\u00c0 la fois tendance et classique, le manteau Louise, d&#039;inspiration \u00e9questre, est un incontournable de notre collection. Ses d\u00e9tails raffin\u00e9s, comme le col et les finitions des poches en velours, la demi-ceinture et les boutons orn\u00e9s d&#039;un embl\u00e8me, lui conf\u00e8rent une touche d&#039;\u00e9l\u00e9gance au quotidien.<\/p>\n<p>\u2013 Manteau pour femme en tweed du Yorkshire bleu<br \/>\u2013 Tweed des usines du Yorkshire<br \/>\u2013 Tiss\u00e9 en pure laine<br \/>\u2013 Col et bordure en velours<br \/>\u2013 Boutons avec embl\u00e8me et aspect m\u00e9tallique<br \/>\u2013 Demi-ceinture et fentes lat\u00e9rales<br \/>\u2013 Doublure dor\u00e9e \u00e0 motifs cachemire<br \/>\u2013 Coupe moderne<\/p>","protected":false},"excerpt":{"rendered":"<p>Veste pour femme en tweed du Yorkshire Louise \u2013 Bleue.<\/p>\n<p>\u2013 Tissu ext\u00e9rieur \u2013 Laine 100%<br \/>\n\u2013 Doublure \u2013 ac\u00e9tate 50%\/viscose 50%<br \/>\n\u2013 Finition \u2013 Velours de coton 100%<br \/>\nNettoyage \u00e0 sec uniquement<\/p>","protected":false},"featured_media":536586,"template":"","meta":[],"product_brand":[],"product_cat":[592,353,15,478,1086],"product_tag":[],"class_list":{"0":"post-536585","1":"product","2":"type-product","3":"status-publish","4":"has-post-thumbnail","6":"product_cat-harris-tweed-blazer-fur-damen","7":"product_cat-harris-tweed-dames-jasjes","8":"product_cat-harris-tweed-colberts","9":"product_cat-tweed-sakkos","10":"product_cat-yorkshire-tweed-dames-jasjes","11":"pa_merk-harristweed","13":"first","14":"instock","15":"taxable","16":"shipping-taxable","17":"purchasable","18":"product-type-variable"},"df_price":379.95,"df_sale_price":"","df_regular_price":379.95,"df_image_link":"https:\/\/harristweed-shop.be\/wp-content\/uploads\/2025\/03\/792e502e6debcc8b7c41233c60e9de04_Harris_Tweed_Jacket_Louise_Blue-225x300.jpg","_links":{"self":[{"href":"https:\/\/harristweed-shop.be\/fr\/wp-json\/wp\/v2\/product\/536585","targetHints":{"allow":["GET"]}}],"collection":[{"href":"https:\/\/harristweed-shop.be\/fr\/wp-json\/wp\/v2\/product"}],"about":[{"href":"https:\/\/harristweed-shop.be\/fr\/wp-json\/wp\/v2\/types\/product"}],"wp:featuredmedia":[{"embeddable":true,"href":"https:\/\/harristweed-shop.be\/fr\/wp-json\/wp\/v2\/media\/536586"}],"wp:attachment":[{"href":"https:\/\/harristweed-shop.be\/fr\/wp-json\/wp\/v2\/media?parent=536585"}],"wp:term":[{"taxonomy":"product_brand","embeddable":true,"href":"https:\/\/harristweed-shop.be\/fr\/wp-json\/wp\/v2\/product_brand?post=536585"},{"taxonomy":"product_cat","embeddable":true,"href":"https:\/\/harristweed-shop.be\/fr\/wp-json\/wp\/v2\/product_cat?post=536585"},{"taxonomy":"product_tag","embeddable":true,"href":"https:\/\/harristweed-shop.be\/fr\/wp-json\/wp\/v2\/product_tag?post=536585"}],"curies":[{"name":"wp","href":"https:\/\/api.w.org\/{rel}","templated":true}]}}