{"id":536385,"date":"2025-03-07T16:31:19","date_gmt":"2025-03-07T16:31:19","guid":{"rendered":"https:\/\/harristweed-shop.be\/product\/wellington-linnen-dames-jasje-groen-ruit\/"},"modified":"2026-05-05T04:22:36","modified_gmt":"2026-05-05T04:22:36","slug":"wellington-linnen-dames-jasje-groen-ruit","status":"publish","type":"product","link":"https:\/\/harristweed-shop.be\/fr\/produit\/veste-femme-en-lin-wellington-a-carreaux-verts-2\/","title":{"rendered":"Veste en lin pour femme Carola \u00e0 carreaux verts"},"content":{"rendered":"<p>L&#039;\u00e9l\u00e9gant blazer en lin \u201c Carola \u201d, confectionn\u00e9 en lin 100%, arbore une allure estivale et offre un confort exceptionnel. Le lin pur pr\u00e9sente un authentique effet froiss\u00e9, signature de cette belle qualit\u00e9 naturelle. <\/p>\n<p>Ce blazer cintr\u00e9, \u00e0 la coupe ajust\u00e9e, d\u00e9gage une \u00e9l\u00e9gance classique empreinte de tradition. Confectionn\u00e9 avec un soin irr\u00e9prochable, ce blazer trois boutons arbore une silhouette parfaitement cintr\u00e9e. Il est dot\u00e9 de boutons effet corne, de deux poches \u00e0 rabat, d&#039;une poche poitrine passepoil\u00e9e, d&#039;une poche ticket et d&#039;une poche int\u00e9rieure. Des d\u00e9tails raffin\u00e9s, tels que le col doubl\u00e9 de feutre de laine l\u00e9ger, les deux fentes lat\u00e9rales et la fermeture boutonn\u00e9e au dos, parach\u00e8vent son allure. Ce classique intemporel s&#039;accordera \u00e0 merveille avec une grande vari\u00e9t\u00e9 de tenues sophistiqu\u00e9es.<\/p>\n<p>\u2013 Lin 100%<br \/>\u2013 \u00c9tiquette nominative<br \/>\u2013 Deux poches \u00e0 rabat et une poche ticket sur le c\u00f4t\u00e9 droit<br \/>Deux fentes \u00e0 l&#039;arri\u00e8re avec fermeture \u00e0 bouton<\/p>\n<p>Tissu ext\u00e9rieur : lin 100%<br \/>Doublure : 55% polyester, 45% viscose<br \/>Doublure des manches : polyester 100%<\/p>","protected":false},"excerpt":{"rendered":"<p>Veste Carola In The Green Window Check 34 en lin pour femme.<\/p>\n<p>L&#039;\u00e9l\u00e9gant blazer en lin \u201c Carola \u201d, confectionn\u00e9 en lin 100%, arbore une allure estivale et offre un confort exceptionnel. Le lin pur pr\u00e9sente un authentique effet froiss\u00e9, signature de cette belle qualit\u00e9 naturelle.<\/p>","protected":false},"featured_media":536386,"template":"","meta":[],"product_brand":[],"product_cat":[1095,1090,246,1100,1134,1085,1147,1133,15,1146],"product_tag":[],"class_list":{"0":"post-536385","1":"product","2":"type-product","3":"status-publish","4":"has-post-thumbnail","6":"product_cat-colbert-linnen-colberts-en-jasjes","7":"product_cat-colberts-en-jasjes","8":"product_cat-linnen-colberts","9":"product_cat-linnen-en-zijden-dames-jasjes","10":"product_cat-linnen-en-zijden-jasjes","11":"product_cat-linnen-en-zijden-jasjes-dames","12":"product_cat-linnen-jasjes-dames","13":"product_cat-seide-und-leinen-sakkos","14":"product_cat-harris-tweed-colberts","15":"product_cat-zomer-jasjes","17":"first","18":"instock","19":"taxable","20":"shipping-taxable","21":"purchasable","22":"product-type-variable"},"df_price":379.95,"df_sale_price":"","df_regular_price":379.95,"df_image_link":"https:\/\/harristweed-shop.be\/wp-content\/uploads\/2025\/03\/08c74f4480cc9e875d578bfcff71c216_Wellington_Linnen_Dames_Jasje_Groen_ruit-225x300.jpeg","_links":{"self":[{"href":"https:\/\/harristweed-shop.be\/fr\/wp-json\/wp\/v2\/product\/536385","targetHints":{"allow":["GET"]}}],"collection":[{"href":"https:\/\/harristweed-shop.be\/fr\/wp-json\/wp\/v2\/product"}],"about":[{"href":"https:\/\/harristweed-shop.be\/fr\/wp-json\/wp\/v2\/types\/product"}],"wp:featuredmedia":[{"embeddable":true,"href":"https:\/\/harristweed-shop.be\/fr\/wp-json\/wp\/v2\/media\/536386"}],"wp:attachment":[{"href":"https:\/\/harristweed-shop.be\/fr\/wp-json\/wp\/v2\/media?parent=536385"}],"wp:term":[{"taxonomy":"product_brand","embeddable":true,"href":"https:\/\/harristweed-shop.be\/fr\/wp-json\/wp\/v2\/product_brand?post=536385"},{"taxonomy":"product_cat","embeddable":true,"href":"https:\/\/harristweed-shop.be\/fr\/wp-json\/wp\/v2\/product_cat?post=536385"},{"taxonomy":"product_tag","embeddable":true,"href":"https:\/\/harristweed-shop.be\/fr\/wp-json\/wp\/v2\/product_tag?post=536385"}],"curies":[{"name":"wp","href":"https:\/\/api.w.org\/{rel}","templated":true}]}}