{"id":536185,"date":"2025-03-07T16:14:46","date_gmt":"2025-03-07T16:14:46","guid":{"rendered":"https:\/\/harristweed-shop.be\/product\/linnen-colbert-patrick-jacket-navy-linen\/"},"modified":"2026-04-08T02:55:32","modified_gmt":"2026-04-08T02:55:32","slug":"linnen-colbert-patrick-jacket-navy-linen","status":"publish","type":"product","link":"https:\/\/harristweed-shop.be\/fr\/produit\/veste-en-lin-veste-patrick-lin-bleu-marine\/","title":{"rendered":"Veste en lin, mod\u00e8le Patrick \u2013 Lin bleu marine"},"content":{"rendered":"<p>Ce manteau en lin pour homme est inspir\u00e9 de l&#039;un de nos mod\u00e8les sur mesure. Que vous recherchiez une alternative \u00e9l\u00e9gante \u00e0 votre tenue de bureau habituelle ou que vous ayez un mariage sur la plage en vue, ce v\u00eatement polyvalent vous permettra de sublimer votre look estival de mille fa\u00e7ons. D&#039;un bleu marine intemporel, rehauss\u00e9 de coudi\u00e8res en lin couleur champignon contrastantes, il s&#039;int\u00e9grera parfaitement \u00e0 votre garde-robe et deviendra sans aucun doute un incontournable que vous aurez plaisir \u00e0 porter ann\u00e9e apr\u00e8s ann\u00e9e.\n<\/p>\n<p>\u2013 Manteau en lin bleu marine \u00e0 la coupe ajust\u00e9e<br \/>\n<br \/>\u2013 Lin 100%, provenant du Yorkshire, en Angleterre<br \/>\n<br \/>\u2013 Coudi\u00e8res en lin contrastant<br \/>\n<br \/>\u2013 Double split<br \/>\n<br \/>\u2013 2 boutons sur le devant et 3 boutons aux poignets<br \/>\n<br \/>\u2013 Doublure : coton 100%<\/p>","protected":false},"excerpt":{"rendered":"<p>Veste en lin, veste Patrick \u2013 Lin bleu marine.<\/p>\n<p>\u2013 Tissu ext\u00e9rieur \u2013 Lin 100%<br \/>\n\u2013 Doublure \u2013 Coton 100%<br \/>\nNettoyage \u00e0 sec uniquement<br \/>\nArticles assortis disponibles<\/p>","protected":false},"featured_media":536186,"template":"","meta":[],"product_brand":[],"product_cat":[1095,1090,393,479,1093,1094,15,478],"product_tag":[],"class_list":{"0":"post-536185","1":"product","2":"type-product","3":"status-publish","4":"has-post-thumbnail","6":"product_cat-colbert-linnen-colberts-en-jasjes","7":"product_cat-colberts-en-jasjes","8":"product_cat-harris-tweed-heren-jasjes","9":"product_cat-harris-tweed-sakkos-fur-herren","10":"product_cat-leinen-und-seide-sakkos-fur-herren","11":"product_cat-linnen-en-zijden-jasjes-heren","12":"product_cat-harris-tweed-colberts","13":"product_cat-tweed-sakkos","14":"pa_merk-bucktrout","16":"first","17":"outofstock","18":"taxable","19":"shipping-taxable","20":"product-type-variable"},"df_price":"","df_sale_price":"","df_regular_price":"","df_image_link":"https:\/\/harristweed-shop.be\/wp-content\/uploads\/2025\/03\/ec29d042ba326ca66770112e1d1318b1_6232Linnen_colbert__PATRICK_JACKET___NAVY_LINEN-225x300.jpg","_links":{"self":[{"href":"https:\/\/harristweed-shop.be\/fr\/wp-json\/wp\/v2\/product\/536185","targetHints":{"allow":["GET"]}}],"collection":[{"href":"https:\/\/harristweed-shop.be\/fr\/wp-json\/wp\/v2\/product"}],"about":[{"href":"https:\/\/harristweed-shop.be\/fr\/wp-json\/wp\/v2\/types\/product"}],"wp:featuredmedia":[{"embeddable":true,"href":"https:\/\/harristweed-shop.be\/fr\/wp-json\/wp\/v2\/media\/536186"}],"wp:attachment":[{"href":"https:\/\/harristweed-shop.be\/fr\/wp-json\/wp\/v2\/media?parent=536185"}],"wp:term":[{"taxonomy":"product_brand","embeddable":true,"href":"https:\/\/harristweed-shop.be\/fr\/wp-json\/wp\/v2\/product_brand?post=536185"},{"taxonomy":"product_cat","embeddable":true,"href":"https:\/\/harristweed-shop.be\/fr\/wp-json\/wp\/v2\/product_cat?post=536185"},{"taxonomy":"product_tag","embeddable":true,"href":"https:\/\/harristweed-shop.be\/fr\/wp-json\/wp\/v2\/product_tag?post=536185"}],"curies":[{"name":"wp","href":"https:\/\/api.w.org\/{rel}","templated":true}]}}