{"id":536165,"date":"2025-03-07T16:13:40","date_gmt":"2025-03-07T16:13:40","guid":{"rendered":"https:\/\/harristweed-shop.be\/product\/yorkshire-tweed-colbert-patrick-jacket-green-pink\/"},"modified":"2026-04-21T11:07:15","modified_gmt":"2026-04-21T11:07:15","slug":"yorkshire-tweed-colbert-patrick-jacket-green-pink","status":"publish","type":"product","link":"https:\/\/harristweed-shop.be\/fr\/produit\/veste-en-tweed-du-yorkshire-veste-patrick-vert-rose-2\/","title":{"rendered":"Veste en tweed Yorkshire, veste Patrick \u2013 Vert\/Rose"},"content":{"rendered":"<p>La version Bucktrout de ce v\u00eatement classique est aussi polyvalente qu&#039;\u00e9l\u00e9gante. On ne l&#039;a jamais vue en dehors des occasions o\u00f9 elle serait inappropri\u00e9e. Cette veste de sport classique poss\u00e8de une fermeture \u00e0 deux boutons, des fentes aux poignets et des empi\u00e8cements aux coudes. Portez-la sur un simple t-shirt avec un jean pour un look d\u00e9contract\u00e9 et affirm\u00e9, ou rentrez-la dans une chemise pour une touche de sophistication. Quel que soit votre choix, cette pi\u00e8ce raffin\u00e9e ne manquera pas d&#039;attirer les regards.\n<\/p>\n<p>Veste en tweed Yorkshire \u00e0 carreaux verts et roses<br \/>\n<br \/>\u2013 Tweed des usines du Yorkshire<br \/>\n<br \/>\u2013 Tiss\u00e9 en pure laine<br \/>\n<br \/>\u2013 Coudes<br \/>\n<br \/>\u2013 Fermeture \u00e0 2 boutons<br \/>\n<br \/>\u2013 Doublure dor\u00e9e \u00e0 motifs cachemire<br \/>\n<br \/>\u2013 Coupe moderne<\/p>","protected":false},"excerpt":{"rendered":"<p>Veste en tweed du Yorkshire, veste Patrick \u2013 Vert\/Rose.<\/p>\n<p>\u2013 Tissu ext\u00e9rieur \u2013 Laine 100%<br \/>\n\u2013 Doublure \u2013 ac\u00e9tate 50%\/viscose 50%<br \/>\nNettoyage \u00e0 sec uniquement<br \/>\nArticles assortis disponibles<\/p>","protected":false},"featured_media":536166,"template":"","meta":[],"product_brand":[],"product_cat":[1091,1090,393,479,15,478,1092],"product_tag":[],"class_list":{"0":"post-536165","1":"product","2":"type-product","3":"status-publish","4":"has-post-thumbnail","6":"product_cat-colbert-tweed-colberts-en-jasjes","7":"product_cat-colberts-en-jasjes","8":"product_cat-harris-tweed-heren-jasjes","9":"product_cat-harris-tweed-sakkos-fur-herren","10":"product_cat-harris-tweed-colberts","11":"product_cat-tweed-sakkos","12":"product_cat-yorkshire-tweed-heren-jasjes","13":"pa_merk-bucktrout","15":"first","16":"instock","17":"taxable","18":"shipping-taxable","19":"purchasable","20":"product-type-variable"},"df_price":399.95,"df_sale_price":"","df_regular_price":399.95,"df_image_link":"https:\/\/harristweed-shop.be\/wp-content\/uploads\/2025\/03\/3de313b22ed312abbefbc98d88ddbde2_6200Yorkshire_Tweed_colbert__PATRICK_JACKET___GREEN_PINK-225x300.jpg","_links":{"self":[{"href":"https:\/\/harristweed-shop.be\/fr\/wp-json\/wp\/v2\/product\/536165","targetHints":{"allow":["GET"]}}],"collection":[{"href":"https:\/\/harristweed-shop.be\/fr\/wp-json\/wp\/v2\/product"}],"about":[{"href":"https:\/\/harristweed-shop.be\/fr\/wp-json\/wp\/v2\/types\/product"}],"wp:featuredmedia":[{"embeddable":true,"href":"https:\/\/harristweed-shop.be\/fr\/wp-json\/wp\/v2\/media\/536166"}],"wp:attachment":[{"href":"https:\/\/harristweed-shop.be\/fr\/wp-json\/wp\/v2\/media?parent=536165"}],"wp:term":[{"taxonomy":"product_brand","embeddable":true,"href":"https:\/\/harristweed-shop.be\/fr\/wp-json\/wp\/v2\/product_brand?post=536165"},{"taxonomy":"product_cat","embeddable":true,"href":"https:\/\/harristweed-shop.be\/fr\/wp-json\/wp\/v2\/product_cat?post=536165"},{"taxonomy":"product_tag","embeddable":true,"href":"https:\/\/harristweed-shop.be\/fr\/wp-json\/wp\/v2\/product_tag?post=536165"}],"curies":[{"name":"wp","href":"https:\/\/api.w.org\/{rel}","templated":true}]}}