{"id":536082,"date":"2025-03-07T16:07:22","date_gmt":"2025-03-07T16:07:22","guid":{"rendered":"https:\/\/harristweed-shop.be\/product\/tweed-jacket\/"},"modified":"2026-04-17T17:35:47","modified_gmt":"2026-04-17T17:35:47","slug":"tweed-jacket","status":"publish","type":"product","link":"https:\/\/harristweed-shop.be\/fr\/produit\/veste-en-tweed\/","title":{"rendered":"Veste en tweed Breedon Fern Check coupe ajust\u00e9e"},"content":{"rendered":"<p>Le manteau Breedon est confectionn\u00e9 en pure laine vierge 100%, garantissant une puret\u00e9 incomparable, tant au niveau de sa texture velout\u00e9e que de sa grande r\u00e9sistance, gr\u00e2ce \u00e0 ses fibres d\u00e9perlantes et robustes. Sa teinte de fond vert foug\u00e8re relativement claire vous permettra de mettre en valeur ses couleurs riches et de cr\u00e9er une base id\u00e9ale pour compl\u00e9ter votre tenue.<\/p>\n<p>Le manteau Breedon en tweed est confectionn\u00e9 dans un tweed de laine vierge d&#039;\u00e9paisseur moyenne, id\u00e9al en toute saison. Il est disponible en coupe cintr\u00e9e, de couleur vert foug\u00e8re \u00e0 carreaux bleus et violets.<\/p>\n<p>Manteau : Coupe cintr\u00e9e. 405 g. Deux boutons, une seule rang\u00e9e de boutons. Poches en biais. Quatre poches int\u00e9rieures. Fentes lat\u00e9rales. Enti\u00e8rement doubl\u00e9. Poignets \u00e0 quatre boutons. Nettoyage \u00e0 sec uniquement.<\/p>\n<p>Composition : laine 100%.<\/p>","protected":false},"excerpt":{"rendered":"<p>Veste en tweed Breedon Fern Check, coupe ajust\u00e9e.<\/p>\n<p>Le manteau Breedon est fabriqu\u00e9 \u00e0 partir de pure laine vierge 100%, garantissant une puret\u00e9 in\u00e9gal\u00e9e tant au niveau de sa texture velout\u00e9e que de sa durabilit\u00e9, gr\u00e2ce \u00e0 ses fibres hydrofuges et r\u00e9sistantes.<\/p>","protected":false},"featured_media":536083,"template":"","meta":[],"product_brand":[],"product_cat":[1091,1090,393,479,15,478,1092],"product_tag":[],"class_list":{"0":"post-536082","1":"product","2":"type-product","3":"status-publish","4":"has-post-thumbnail","6":"product_cat-colbert-tweed-colberts-en-jasjes","7":"product_cat-colberts-en-jasjes","8":"product_cat-harris-tweed-heren-jasjes","9":"product_cat-harris-tweed-sakkos-fur-herren","10":"product_cat-harris-tweed-colberts","11":"product_cat-tweed-sakkos","12":"product_cat-yorkshire-tweed-heren-jasjes","13":"pa_merk-brook-taverner","15":"first","16":"instock","17":"taxable","18":"shipping-taxable","19":"purchasable","20":"product-type-variable"},"df_price":299,"df_sale_price":"","df_regular_price":299,"df_image_link":"https:\/\/harristweed-shop.be\/wp-content\/uploads\/2025\/03\/eabb5de97f5c5f3b0d4c56d757cbfb2e_100060_20182_3959-207x300.jpg","_links":{"self":[{"href":"https:\/\/harristweed-shop.be\/fr\/wp-json\/wp\/v2\/product\/536082","targetHints":{"allow":["GET"]}}],"collection":[{"href":"https:\/\/harristweed-shop.be\/fr\/wp-json\/wp\/v2\/product"}],"about":[{"href":"https:\/\/harristweed-shop.be\/fr\/wp-json\/wp\/v2\/types\/product"}],"wp:featuredmedia":[{"embeddable":true,"href":"https:\/\/harristweed-shop.be\/fr\/wp-json\/wp\/v2\/media\/536083"}],"wp:attachment":[{"href":"https:\/\/harristweed-shop.be\/fr\/wp-json\/wp\/v2\/media?parent=536082"}],"wp:term":[{"taxonomy":"product_brand","embeddable":true,"href":"https:\/\/harristweed-shop.be\/fr\/wp-json\/wp\/v2\/product_brand?post=536082"},{"taxonomy":"product_cat","embeddable":true,"href":"https:\/\/harristweed-shop.be\/fr\/wp-json\/wp\/v2\/product_cat?post=536082"},{"taxonomy":"product_tag","embeddable":true,"href":"https:\/\/harristweed-shop.be\/fr\/wp-json\/wp\/v2\/product_tag?post=536082"}],"curies":[{"name":"wp","href":"https:\/\/api.w.org\/{rel}","templated":true}]}}