{"id":535981,"date":"2025-03-05T16:03:18","date_gmt":"2025-03-05T16:03:18","guid":{"rendered":"https:\/\/harristweed-shop.be\/product\/linnen-vestje-met-revers-nature-check\/"},"modified":"2026-04-08T03:25:27","modified_gmt":"2026-04-08T03:25:27","slug":"linnen-vestje-met-revers-nature-check","status":"publish","type":"product","link":"https:\/\/harristweed-shop.be\/fr\/produit\/cardigan-en-lin-a-revers-a-carreaux-nature\/","title":{"rendered":"Gilet en lin gallois \u00e0 revers beige \u00e0 carreaux"},"content":{"rendered":"<p>Gilet l\u00e9ger en lin pour homme, alliant style et \u00e9l\u00e9gance \u2013 \u201c Wales \u201d s\u00e9duit par son \u00e9l\u00e9gance d\u00e9contract\u00e9e et son caract\u00e8re authentique.<\/p>\n<p>Le gilet d&#039;\u00e9t\u00e9 pour homme \u201c\u00a0Wales\u00a0\u201d allie \u00e9l\u00e9gance et l\u00e9g\u00e8ret\u00e9 \u00e0 un savoir-faire d&#039;exception. Confectionn\u00e9 en lin premium 100%, ce tissu naturel estival est respirant et agr\u00e9ablement frais. Son l\u00e9ger effet froiss\u00e9 lui conf\u00e8re une allure d\u00e9contract\u00e9e, id\u00e9ale pour composer des looks styl\u00e9s par temps chaud.<\/p>\n<p>Ce cardigan, orn\u00e9 d&#039;\u00e9l\u00e9gants revers, se ferme par cinq boutons \u00e0 la finition corne raffin\u00e9e et pr\u00e9sente deux poches \u00e0 rabat, une poche passepoil\u00e9e sur la poitrine et un dos en lin assorti avec une fermeture m\u00e9tallique r\u00e9glable. Sa doublure de haute qualit\u00e9 en viscose naturelle 100% compl\u00e8te son design raffin\u00e9 et le rend facile \u00e0 enfiler et \u00e0 retirer.<\/p>\n<p>Port\u00e9 avec un jean, un chino, un blazer ou m\u00eame un bermuda, le cardigan en lin \u201c\u00a0Wales\u00a0\u201d est un v\u00e9ritable indispensable\u00a0: classique, moderne et polyvalent. Id\u00e9al pour les hommes \u00e9l\u00e9gants qui privil\u00e9gient la qualit\u00e9, la l\u00e9g\u00e8ret\u00e9 et une allure soign\u00e9e en \u00e9t\u00e9.<\/p>\n<p>\u2013 Lin 100%<br \/>\u2013 Une poche int\u00e9rieure<br \/>\u2013 \u00c9tiquette nominative<br \/>\u2013 Col \u00e0 revers<br \/>-Coupe sur mesure<br \/>\u2013 Devant et dos enti\u00e8rement r\u00e9alis\u00e9s dans le m\u00eame tissu<br \/>\u2013 Bandouli\u00e8re r\u00e9glable<br \/>\u2013 Deux poches \u00e0 rabat<\/p>\n<p>Mensurations du mannequin\u00a0: Le mannequin mesure 184\u00a0cm et porte une taille\u00a050.<br \/>Coupe : l\u00e9g\u00e8rement ajust\u00e9e<br \/>Mesures du v\u00eatement\u00a0: pour la taille 50\u00a0: Longueur dos\u00a0: 61\u00a0cm \u2013 Demi-largeur taille\u00a0: 53\u00a0cm \u2013 Demi-largeur poitrine\u00a0: 55\u00a0cm<\/p>\n<p>Tissu ext\u00e9rieur : lin 100%<br \/>Doublure : viscose 100%<\/p>","protected":false},"excerpt":{"rendered":"<p>Gilet en lin gallois \u00e0 revers beige \u00e0 carreaux.<\/p>\n<p>Le gilet d&#039;\u00e9t\u00e9 pour homme \u201c\u00a0Wales\u00a0\u201d allie \u00e9l\u00e9gance et l\u00e9g\u00e8ret\u00e9 \u00e0 un savoir-faire d&#039;exception. Confectionn\u00e9 en lin premium 100%, ce tissu naturel estival est respirant et agr\u00e9ablement frais. Son l\u00e9ger effet froiss\u00e9 lui conf\u00e8re une allure d\u00e9contract\u00e9e, id\u00e9ale pour composer des looks styl\u00e9s par temps chaud.<\/p>","protected":false},"featured_media":535993,"template":"","meta":[],"product_brand":[],"product_cat":[510,1096,512,88,511],"product_tag":[],"class_list":{"0":"post-535981","1":"product","2":"type-product","3":"status-publish","4":"has-post-thumbnail","6":"product_cat-heren-vestjes","7":"product_cat-heren-vestjes-linnen-en-zijde","8":"product_cat-herren-westen-und-gilets","9":"product_cat-vestjes-en-gilets","10":"product_cat-westen-und-gilets","11":"pa_merk-wellington","13":"first","14":"instock","15":"taxable","16":"shipping-taxable","17":"purchasable","18":"product-type-variable"},"df_price":179.95,"df_sale_price":"","df_regular_price":179.95,"df_image_link":"https:\/\/harristweed-shop.be\/wp-content\/uploads\/2025\/03\/bdc0b1db718b4f177b8cd1990d2343b9_Linnen_Vestje_met_revers_Nature_Check-225x300.jpeg","_links":{"self":[{"href":"https:\/\/harristweed-shop.be\/fr\/wp-json\/wp\/v2\/product\/535981","targetHints":{"allow":["GET"]}}],"collection":[{"href":"https:\/\/harristweed-shop.be\/fr\/wp-json\/wp\/v2\/product"}],"about":[{"href":"https:\/\/harristweed-shop.be\/fr\/wp-json\/wp\/v2\/types\/product"}],"wp:featuredmedia":[{"embeddable":true,"href":"https:\/\/harristweed-shop.be\/fr\/wp-json\/wp\/v2\/media\/535993"}],"wp:attachment":[{"href":"https:\/\/harristweed-shop.be\/fr\/wp-json\/wp\/v2\/media?parent=535981"}],"wp:term":[{"taxonomy":"product_brand","embeddable":true,"href":"https:\/\/harristweed-shop.be\/fr\/wp-json\/wp\/v2\/product_brand?post=535981"},{"taxonomy":"product_cat","embeddable":true,"href":"https:\/\/harristweed-shop.be\/fr\/wp-json\/wp\/v2\/product_cat?post=535981"},{"taxonomy":"product_tag","embeddable":true,"href":"https:\/\/harristweed-shop.be\/fr\/wp-json\/wp\/v2\/product_tag?post=535981"}],"curies":[{"name":"wp","href":"https:\/\/api.w.org\/{rel}","templated":true}]}}