{"id":535972,"date":"2025-03-05T15:27:21","date_gmt":"2025-03-05T15:27:21","guid":{"rendered":"https:\/\/harristweed-shop.be\/product\/zijden-vestje-met-revers-blue-check\/"},"modified":"2026-04-08T03:25:27","modified_gmt":"2026-04-08T03:25:27","slug":"zijden-vestje-met-revers-blue-check","status":"publish","type":"product","link":"https:\/\/harristweed-shop.be\/fr\/produit\/veste-en-soie-a-revers-a-carreaux-bleus\/","title":{"rendered":"Cardigan en soie bleu \u00e0 revers et \u00e0 carreaux discrets, style gallois."},"content":{"rendered":"<p>Gilet d&#039;\u00e9t\u00e9 pour homme \u201c Pays de Galles \u201d \u2013 un gilet en soie raffin\u00e9 et d\u00e9contract\u00e9 pour des looks d&#039;\u00e9t\u00e9 \u00e9l\u00e9gants et pleins de caract\u00e8re.<\/p>\n<p>Le gilet d&#039;\u00e9t\u00e9 pour homme \u201c Wales \u201d allie \u00e9l\u00e9gance et l\u00e9g\u00e8ret\u00e9 \u00e0 un savoir-faire d&#039;exception. Confectionn\u00e9 en pure soie luxueuse, il s\u00e9duit par son \u00e9clat naturel, sa respirabilit\u00e9 et son confort incomparable \u2013 id\u00e9al pour les beaux jours !<\/p>\n<p>Ce cardigan \u00e9l\u00e9gant pr\u00e9sente un col \u00e0 revers, une fermeture \u00e0 cinq boutons \u00e0 l&#039;aspect corne raffin\u00e9, deux poches \u00e0 rabat, une poche passepoil\u00e9e sur la poitrine et un dos assorti avec une fermeture m\u00e9tallique r\u00e9glable. Sa doublure en viscose naturelle 100% de haute qualit\u00e9 compl\u00e8te son design raffin\u00e9.<\/p>\n<p>Le cardigan peut aussi se porter d\u00e9contract\u00e9 sur une chemise ou un t-shirt, offrant une alternative \u00e9l\u00e9gante au blazer. Qu&#039;il soit associ\u00e9 \u00e0 un jean, un chino ou un bermuda, le mod\u00e8le \u201c\u00a0Wales\u00a0\u201d s&#039;accorde avec aisance aux tenues classiques comme modernes et sera un alli\u00e9 de choix pour de nombreuses occasions cet \u00e9t\u00e9.<\/p>\n<p>\u2013 Soie 100%<br \/>\u2013 Une poche passepoil\u00e9e sur la poitrine<br \/>\u2013 Une poche int\u00e9rieure<br \/>- L\u00e9g\u00e8rement ajust\u00e9<br \/>\u2013 \u00c9tiquette nominative<br \/>\u2013 Revers \u00e0 encoche<br \/>\u2013 Coupe classique<br \/>\u2013 Fermeture r\u00e9glable \u00e0 l&#039;arri\u00e8re<br \/>\u2013 Deux poches \u00e0 rabat et une poche ticket sur le c\u00f4t\u00e9 droit<\/p>\n<p>Mensurations du mannequin\u00a0: Le mannequin mesure 184\u00a0cm et porte une taille\u00a050.<br \/>Coupe : Coupe classique, ajustable gr\u00e2ce \u00e0 la languette \u00e0 l&#039;arri\u00e8re.<br \/>Dimensions du produit\u00a0: pour la taille 50\u00a0: \u2013 Longueur dos\u00a0: 61\u00a0cm \u2013 Tour de taille (demi-taille)\u00a0: 53\u00a0cm \u2013 Tour de poitrine (demi-taille)\u00a0: 55\u00a0cm<\/p>\n<p>Tissu ext\u00e9rieur : soie 100%<br \/>Doublure : viscose 100%<\/p>","protected":false},"excerpt":{"rendered":"<p>Cardigan en soie Wales \u00e0 revers bleu avec un subtil surcarrelage 135.<\/p>","protected":false},"featured_media":539760,"template":"","meta":[],"product_brand":[],"product_cat":[510,1096,512,88,511],"product_tag":[],"class_list":{"0":"post-535972","1":"product","2":"type-product","3":"status-publish","4":"has-post-thumbnail","6":"product_cat-heren-vestjes","7":"product_cat-heren-vestjes-linnen-en-zijde","8":"product_cat-herren-westen-und-gilets","9":"product_cat-vestjes-en-gilets","10":"product_cat-westen-und-gilets","11":"pa_merk-wellington","13":"first","14":"instock","15":"taxable","16":"shipping-taxable","17":"purchasable","18":"product-type-variable"},"df_price":179.95,"df_sale_price":"","df_regular_price":179.95,"df_image_link":"https:\/\/harristweed-shop.be\/wp-content\/uploads\/2025\/03\/a69e6e48e9d299473d8e10167089d253_Zijden_Vestje_Met_Revers_Blue_Check-225x300.jpeg","_links":{"self":[{"href":"https:\/\/harristweed-shop.be\/fr\/wp-json\/wp\/v2\/product\/535972","targetHints":{"allow":["GET"]}}],"collection":[{"href":"https:\/\/harristweed-shop.be\/fr\/wp-json\/wp\/v2\/product"}],"about":[{"href":"https:\/\/harristweed-shop.be\/fr\/wp-json\/wp\/v2\/types\/product"}],"wp:featuredmedia":[{"embeddable":true,"href":"https:\/\/harristweed-shop.be\/fr\/wp-json\/wp\/v2\/media\/539760"}],"wp:attachment":[{"href":"https:\/\/harristweed-shop.be\/fr\/wp-json\/wp\/v2\/media?parent=535972"}],"wp:term":[{"taxonomy":"product_brand","embeddable":true,"href":"https:\/\/harristweed-shop.be\/fr\/wp-json\/wp\/v2\/product_brand?post=535972"},{"taxonomy":"product_cat","embeddable":true,"href":"https:\/\/harristweed-shop.be\/fr\/wp-json\/wp\/v2\/product_cat?post=535972"},{"taxonomy":"product_tag","embeddable":true,"href":"https:\/\/harristweed-shop.be\/fr\/wp-json\/wp\/v2\/product_tag?post=535972"}],"curies":[{"name":"wp","href":"https:\/\/api.w.org\/{rel}","templated":true}]}}