{"id":535895,"date":"2025-02-28T10:22:21","date_gmt":"2025-02-28T10:22:21","guid":{"rendered":"https:\/\/harristweed-shop.be\/product\/barbour-nelson-half-zip-sweatshirt-stone\/"},"modified":"2026-05-05T04:24:36","modified_gmt":"2026-05-05T04:24:36","slug":"barbour-nelson-half-zip-sweatshirt-stone","status":"publish","type":"product","link":"https:\/\/harristweed-shop.be\/fr\/produit\/sweat-shirt-barbour-nelson-a-demi-zip-couleur-pierre\/","title":{"rendered":"Sweat-shirt Barbour Nelson demi-zipp\u00e9 Stone"},"content":{"rendered":"<p>Id\u00e9al pour les journ\u00e9es plus fra\u00eeches, le sweat-shirt Barbour Nelson \u00e0 demi-zip est confectionn\u00e9 en coton 100% pour un confort optimal. Ce classique pour homme est dot\u00e9 d&#039;un col chemin\u00e9e, d&#039;une fermeture \u00e9clair pratique et d&#039;une doublure en tartan Barbour \u00e0 l&#039;encolure pour une touche signature.<br \/>\nSOINS ET INFORMATIONS<br \/>\nCoton 100%<br \/>\n100% Sweat en coton bross\u00e9 \u2013 320GM2<br \/>\nBadge de marque Barbour sur la poitrine avant gauche<br \/>\nLavage en machine \u00e0 30\u00b0C<\/p>","protected":false},"excerpt":{"rendered":"<p>Sweat-shirt Barbour Nelson demi-zip Stone.<\/p>\n<p>Couche interm\u00e9diaire id\u00e9ale lorsque le temps se rafra\u00eechit, le sweat-shirt Barbour Nelson Half-Zip est confectionn\u00e9 en coton 100% pour un confort optimal.<\/p>","protected":false},"featured_media":535903,"template":"","meta":[],"product_brand":[],"product_cat":[1107,1115,1114,491,492,486,84],"product_tag":[],"class_list":{"0":"post-535895","1":"product","2":"type-product","3":"status-publish","4":"has-post-thumbnail","6":"product_cat-barbour","7":"product_cat-barbour-heren-truien","8":"product_cat-barbour-truien","9":"product_cat-katoenen-truien","10":"product_cat-pullover-baumwolle","11":"product_cat-pullover-und-westen","12":"product_cat-truien-en-pullovers","13":"pa_merk-barbour","15":"first","16":"instock","17":"taxable","18":"shipping-taxable","19":"purchasable","20":"product-type-variable"},"df_price":129.95,"df_sale_price":"","df_regular_price":129.95,"df_image_link":"https:\/\/harristweed-shop.be\/wp-content\/uploads\/2025\/02\/c162142831842272828faf68f37d08e1_Barbour_Nelson_Half_Zip_Sweatshirt_Stone-225x300.jpeg","_links":{"self":[{"href":"https:\/\/harristweed-shop.be\/fr\/wp-json\/wp\/v2\/product\/535895","targetHints":{"allow":["GET"]}}],"collection":[{"href":"https:\/\/harristweed-shop.be\/fr\/wp-json\/wp\/v2\/product"}],"about":[{"href":"https:\/\/harristweed-shop.be\/fr\/wp-json\/wp\/v2\/types\/product"}],"wp:featuredmedia":[{"embeddable":true,"href":"https:\/\/harristweed-shop.be\/fr\/wp-json\/wp\/v2\/media\/535903"}],"wp:attachment":[{"href":"https:\/\/harristweed-shop.be\/fr\/wp-json\/wp\/v2\/media?parent=535895"}],"wp:term":[{"taxonomy":"product_brand","embeddable":true,"href":"https:\/\/harristweed-shop.be\/fr\/wp-json\/wp\/v2\/product_brand?post=535895"},{"taxonomy":"product_cat","embeddable":true,"href":"https:\/\/harristweed-shop.be\/fr\/wp-json\/wp\/v2\/product_cat?post=535895"},{"taxonomy":"product_tag","embeddable":true,"href":"https:\/\/harristweed-shop.be\/fr\/wp-json\/wp\/v2\/product_tag?post=535895"}],"curies":[{"name":"wp","href":"https:\/\/api.w.org\/{rel}","templated":true}]}}