{"id":535881,"date":"2025-02-28T10:12:38","date_gmt":"2025-02-28T10:12:38","guid":{"rendered":"https:\/\/harristweed-shop.be\/product\/barbour-bayfield-half-zip-jumper-olive-3\/"},"modified":"2026-05-05T04:24:36","modified_gmt":"2026-05-05T04:24:36","slug":"barbour-bayfield-half-zip-jumper-olive-3","status":"publish","type":"product","link":"https:\/\/harristweed-shop.be\/fr\/produit\/pull-demi-zip-barbour-bayfield-olive-3\/","title":{"rendered":"Pull Barbour Bayfield \u00e0 demi-zip olive"},"content":{"rendered":"<p>Offrant une base essentielle \u00e0 votre garde-robe countrywear, le pull demi-zip Barbour Bayfield offre non seulement une chaleur essentielle et une base intemporelle \u00e0 n&#039;importe quelle tenue, mais a \u00e9t\u00e9 fabriqu\u00e9 \u00e0 partir de fils performants pour offrir une durabilit\u00e9 accrue et des propri\u00e9t\u00e9s de s\u00e9chage rapide pour plus de confort.<\/p>\n<p>SOINS ET INFORMATIONS<br \/>\n60% Coton, 40% Polyester<br \/>\nCoton 65%, polyester Cocona 35% \u2013 12GG<br \/>\nBadge en cuir gaufr\u00e9 Barbour sur l&#039;ourlet gauche.<br \/>\nLavage en machine \u00e0 30\u00b0C<\/p>","protected":false},"excerpt":{"rendered":"<p>Pull Barbour Bayfield demi-zipp\u00e9 Olive.<\/p>\n<p>Le pull Barbour Bayfield Half-Zip offre non seulement une chaleur essentielle et une base intemporelle \u00e0 n&#039;importe quelle tenue <\/p>","protected":false},"featured_media":535889,"template":"","meta":[],"product_brand":[],"product_cat":[1107,1115,1114,491,492,486,84],"product_tag":[],"class_list":{"0":"post-535881","1":"product","2":"type-product","3":"status-publish","4":"has-post-thumbnail","6":"product_cat-barbour","7":"product_cat-barbour-heren-truien","8":"product_cat-barbour-truien","9":"product_cat-katoenen-truien","10":"product_cat-pullover-baumwolle","11":"product_cat-pullover-und-westen","12":"product_cat-truien-en-pullovers","13":"pa_merk-barbour","15":"first","16":"instock","17":"taxable","18":"shipping-taxable","19":"purchasable","20":"product-type-variable"},"df_price":149.95,"df_sale_price":"","df_regular_price":149.95,"df_image_link":"https:\/\/harristweed-shop.be\/wp-content\/uploads\/2025\/02\/3379a5e49bf54c4fd3526b935109b136_BARBOUR_Bayfield_Half_Zip_Jumper_Olive_7-225x300.jpeg","_links":{"self":[{"href":"https:\/\/harristweed-shop.be\/fr\/wp-json\/wp\/v2\/product\/535881","targetHints":{"allow":["GET"]}}],"collection":[{"href":"https:\/\/harristweed-shop.be\/fr\/wp-json\/wp\/v2\/product"}],"about":[{"href":"https:\/\/harristweed-shop.be\/fr\/wp-json\/wp\/v2\/types\/product"}],"wp:featuredmedia":[{"embeddable":true,"href":"https:\/\/harristweed-shop.be\/fr\/wp-json\/wp\/v2\/media\/535889"}],"wp:attachment":[{"href":"https:\/\/harristweed-shop.be\/fr\/wp-json\/wp\/v2\/media?parent=535881"}],"wp:term":[{"taxonomy":"product_brand","embeddable":true,"href":"https:\/\/harristweed-shop.be\/fr\/wp-json\/wp\/v2\/product_brand?post=535881"},{"taxonomy":"product_cat","embeddable":true,"href":"https:\/\/harristweed-shop.be\/fr\/wp-json\/wp\/v2\/product_cat?post=535881"},{"taxonomy":"product_tag","embeddable":true,"href":"https:\/\/harristweed-shop.be\/fr\/wp-json\/wp\/v2\/product_tag?post=535881"}],"curies":[{"name":"wp","href":"https:\/\/api.w.org\/{rel}","templated":true}]}}