{"id":535644,"date":"2025-02-04T11:17:21","date_gmt":"2025-02-04T11:17:21","guid":{"rendered":"https:\/\/harristweed-shop.be\/product\/barbour-transport-patchwork-tote-bag\/"},"modified":"2026-04-08T03:40:37","modified_gmt":"2026-04-08T03:40:37","slug":"barbour-transport-patchwork-tote-bag","status":"publish","type":"product","link":"https:\/\/harristweed-shop.be\/fr\/produit\/sac-fourre-tout-patchwork-barbour-transport\/","title":{"rendered":"Sac fourre-tout Barbour Transport Patchwork vert sombre"},"content":{"rendered":"<p>D\u00e9couvrez le sac fourre-tout Barbour Transport Patchwork\u00a0: cet accessoire pratique arbore le patchwork tartan embl\u00e9matique de Barbour, inspir\u00e9 de la doublure de nos vestes cir\u00e9es embl\u00e9matiques. Dot\u00e9 de poign\u00e9es confortables en toile et d&#039;une fermeture \u00e0 bouton-pression pour plus de s\u00e9curit\u00e9, ce sac fourre-tout pratique offre amplement d&#039;espace pour vos essentiels et bien plus encore.<\/p>\n<p>Ext\u00e9rieur 1\u00a0: 100% Coton<br \/>\nExt\u00e9rieur et doublure 2\u00a0: coton 100%<br \/>\nDoublure 1\u00a0: 100% Coton<br \/>\n\u00c9tiquette tiss\u00e9e avec le drapeau de la marque sur le bord ext\u00e9rieur. Fourni avec un authentique badge Barbour.<br \/>\nHauteur : 43 cm, largeur \u00e0 la ligne sup\u00e9rieure : 42 cm, largeur \u00e0 la base : 27,5 cm, profondeur \u00e0 la base : 13,5 cm<br \/>\nNettoyage \u00e0 l&#039;\u00e9ponge uniquement<\/p>","protected":false},"excerpt":{"rendered":"<p>Sac fourre-tout Barbour Transport Patchwork Vert fonc\u00e9.<\/p>\n<p>Cet accessoire pratique pr\u00e9sente un patchwork tartan embl\u00e9matique de Barbour, inspir\u00e9 de la doublure de nos vestes cir\u00e9es embl\u00e9matiques. <\/p>","protected":false},"featured_media":535645,"template":"","meta":[],"product_brand":[],"product_cat":[1107,1109,899,638,903,904,900,901,808,898],"product_tag":[],"class_list":{"0":"post-535644","1":"product","2":"type-product","3":"status-publish","4":"has-post-thumbnail","6":"product_cat-barbour","7":"product_cat-barbour-tassen","8":"product_cat-geschenke","9":"product_cat-gifts","10":"product_cat-handtas","11":"product_cat-handtaschen","12":"product_cat-reisetaschen","13":"product_cat-taschen","14":"product_cat-tassen","15":"product_cat-tassen-gifts","16":"pa_merk-barbour","18":"first","19":"outofstock","20":"taxable","21":"shipping-taxable","22":"purchasable","23":"product-type-simple"},"df_price":129.95,"df_sale_price":"","df_regular_price":129.95,"df_image_link":"https:\/\/harristweed-shop.be\/wp-content\/uploads\/2025\/02\/9adb84bd7b7879695ea04e4cf057ac59_Barbour_Transport_Patchwork_Tote_Bag-225x300.jpeg","_links":{"self":[{"href":"https:\/\/harristweed-shop.be\/fr\/wp-json\/wp\/v2\/product\/535644","targetHints":{"allow":["GET"]}}],"collection":[{"href":"https:\/\/harristweed-shop.be\/fr\/wp-json\/wp\/v2\/product"}],"about":[{"href":"https:\/\/harristweed-shop.be\/fr\/wp-json\/wp\/v2\/types\/product"}],"wp:featuredmedia":[{"embeddable":true,"href":"https:\/\/harristweed-shop.be\/fr\/wp-json\/wp\/v2\/media\/535645"}],"wp:attachment":[{"href":"https:\/\/harristweed-shop.be\/fr\/wp-json\/wp\/v2\/media?parent=535644"}],"wp:term":[{"taxonomy":"product_brand","embeddable":true,"href":"https:\/\/harristweed-shop.be\/fr\/wp-json\/wp\/v2\/product_brand?post=535644"},{"taxonomy":"product_cat","embeddable":true,"href":"https:\/\/harristweed-shop.be\/fr\/wp-json\/wp\/v2\/product_cat?post=535644"},{"taxonomy":"product_tag","embeddable":true,"href":"https:\/\/harristweed-shop.be\/fr\/wp-json\/wp\/v2\/product_tag?post=535644"}],"curies":[{"name":"wp","href":"https:\/\/api.w.org\/{rel}","templated":true}]}}