{"id":535612,"date":"2025-02-04T11:12:19","date_gmt":"2025-02-04T11:12:19","guid":{"rendered":"https:\/\/harristweed-shop.be\/product\/barbour-wax-leather-briefcase-navy\/"},"modified":"2026-04-08T03:40:38","modified_gmt":"2026-04-08T03:40:38","slug":"barbour-wax-leather-briefcase-navy","status":"publish","type":"product","link":"https:\/\/harristweed-shop.be\/fr\/produit\/mallette-en-cuir-cire-barbour-bleu-marine\/","title":{"rendered":"Serviette en cuir cir\u00e9 Barbour bleu marine"},"content":{"rendered":"<p>Id\u00e9ale pour vos essentiels du quotidien, la mallette Barbour en cuir cir\u00e9 est une solution \u00e9l\u00e9gante et durable pour transporter un ordinateur portable, vos documents et accessoires indispensables. Confectionn\u00e9e en coton cir\u00e9 robuste, elle est disponible en olive ou bleu marine classique. Elle est dot\u00e9e de finitions effet laiton, d&#039;un rabat sup\u00e9rieur et de poign\u00e9es de transport en cuir cir\u00e9 souple pour un confort optimal et une durabilit\u00e9 optimale. Dot\u00e9e d&#039;une bandouli\u00e8re amovible en toile pour plus de polyvalence, elle est orn\u00e9e d&#039;un discret logo Barbour emboss\u00e9 sur le devant.<\/p>\n<p>Ext\u00e9rieur en coton cir\u00e9 avec garnitures en cuir et doublure en tartan Barbour<br \/>\nD\u00e9tail en laiton antique<br \/>\nNettoyage \u00e0 l&#039;\u00e9ponge uniquement<br \/>\nTaille : 31 x 43 x 10 cm<\/p>","protected":false},"excerpt":{"rendered":"<p>Mallette en cuir cir\u00e9 Barbour bleu marine.<\/p>\n<p>La mise \u00e0 jour parfaite pour vos essentiels de la journ\u00e9e de travail, la mallette en cuir cir\u00e9 Barbour est un moyen \u00e9l\u00e9gant et durable de contenir un ordinateur portable ainsi que tous les documents et accessoires essentiels.<\/p>","protected":false},"featured_media":535613,"template":"","meta":[],"product_brand":[],"product_cat":[1107,1109,899,638,903,904,900,901,808,898],"product_tag":[],"class_list":{"0":"post-535612","1":"product","2":"type-product","3":"status-publish","4":"has-post-thumbnail","6":"product_cat-barbour","7":"product_cat-barbour-tassen","8":"product_cat-geschenke","9":"product_cat-gifts","10":"product_cat-handtas","11":"product_cat-handtaschen","12":"product_cat-reisetaschen","13":"product_cat-taschen","14":"product_cat-tassen","15":"product_cat-tassen-gifts","16":"pa_merk-barbour","18":"first","19":"outofstock","20":"taxable","21":"shipping-taxable","22":"purchasable","23":"product-type-simple"},"df_price":219.95,"df_sale_price":"","df_regular_price":219.95,"df_image_link":"https:\/\/harristweed-shop.be\/wp-content\/uploads\/2025\/02\/fee2ac9095dc434aa9eeb3f67e9f2bf0_Barbour_Wax_Leather_Briefcase_Navy-225x300.jpeg","_links":{"self":[{"href":"https:\/\/harristweed-shop.be\/fr\/wp-json\/wp\/v2\/product\/535612","targetHints":{"allow":["GET"]}}],"collection":[{"href":"https:\/\/harristweed-shop.be\/fr\/wp-json\/wp\/v2\/product"}],"about":[{"href":"https:\/\/harristweed-shop.be\/fr\/wp-json\/wp\/v2\/types\/product"}],"wp:featuredmedia":[{"embeddable":true,"href":"https:\/\/harristweed-shop.be\/fr\/wp-json\/wp\/v2\/media\/535613"}],"wp:attachment":[{"href":"https:\/\/harristweed-shop.be\/fr\/wp-json\/wp\/v2\/media?parent=535612"}],"wp:term":[{"taxonomy":"product_brand","embeddable":true,"href":"https:\/\/harristweed-shop.be\/fr\/wp-json\/wp\/v2\/product_brand?post=535612"},{"taxonomy":"product_cat","embeddable":true,"href":"https:\/\/harristweed-shop.be\/fr\/wp-json\/wp\/v2\/product_cat?post=535612"},{"taxonomy":"product_tag","embeddable":true,"href":"https:\/\/harristweed-shop.be\/fr\/wp-json\/wp\/v2\/product_tag?post=535612"}],"curies":[{"name":"wp","href":"https:\/\/api.w.org\/{rel}","templated":true}]}}