{"id":535595,"date":"2025-02-01T12:07:31","date_gmt":"2025-02-01T12:07:31","guid":{"rendered":"https:\/\/harristweed-shop.be\/product\/barbour-glover-regular-short-sleeved-shirt-linnen-blend\/"},"modified":"2026-04-08T03:55:29","modified_gmt":"2026-04-08T03:55:29","slug":"barbour-glover-regular-short-sleeved-shirt-linnen-blend","status":"publish","type":"product","link":"https:\/\/harristweed-shop.be\/fr\/produit\/chemise-a-manches-courtes-barbour-glover-regular-en-melange-de-lin\/","title":{"rendered":"Chemise \u00e0 manches courtes Barbour Glover Regular en m\u00e9lange de lin"},"content":{"rendered":"<p>Base id\u00e9ale pour votre garde-robe de transition, la chemise \u00e0 manches courtes Barbour Glover est confectionn\u00e9e dans un m\u00e9lange l\u00e9ger de lin et de coton pour plus de confort. Orn\u00e9e d&#039;un imprim\u00e9 moderne, elle se porte simplement seule ou avec votre pull ou gilet pr\u00e9f\u00e9r\u00e9 pour les journ\u00e9es plus fra\u00eeches.<\/p>\n<p>55% Lin, 45% Coton<br \/>\nSimple 21, tissage uni, lavage doux aux enzymes.<br \/>\n\u00c9tiquette de marque Barbour et Shield positionn\u00e9e en haut \u00e0 gauche de la poche poitrine.<br \/>\nLavage en machine \u00e0 30\u00b0C<\/p>","protected":false},"excerpt":{"rendered":"<p>Chemise \u00e0 manches courtes Barbour Glover Regular en m\u00e9lange de lin<\/p>\n<p>Base parfaite pour votre garde-robe de transition, la chemise \u00e0 manches courtes Barbour Glover est confectionn\u00e9e \u00e0 partir d&#039;un m\u00e9lange l\u00e9ger de lin et de coton pour plus de confort. <\/p>","protected":false},"featured_media":535603,"template":"","meta":[],"product_brand":[],"product_cat":[1107,1111,1110,86,506],"product_tag":[],"class_list":{"0":"post-535595","1":"product","2":"type-product","3":"status-publish","4":"has-post-thumbnail","6":"product_cat-barbour","7":"product_cat-barbour-heren-shirts","8":"product_cat-barbour-shirts","9":"product_cat-shirts-en-overhemden","10":"product_cat-shirts-und-hemden","11":"pa_merk-barbour","13":"first","14":"instock","15":"taxable","16":"shipping-taxable","17":"purchasable","18":"product-type-variable"},"df_price":99.95,"df_sale_price":"","df_regular_price":99.95,"df_image_link":"https:\/\/harristweed-shop.be\/wp-content\/uploads\/2025\/02\/92e65a97af02f2f8644a27f1ee81759e_Barbour_Glover_Regular_Short_Sleeved_Shirt_Linnen_Blend-225x300.jpeg","_links":{"self":[{"href":"https:\/\/harristweed-shop.be\/fr\/wp-json\/wp\/v2\/product\/535595","targetHints":{"allow":["GET"]}}],"collection":[{"href":"https:\/\/harristweed-shop.be\/fr\/wp-json\/wp\/v2\/product"}],"about":[{"href":"https:\/\/harristweed-shop.be\/fr\/wp-json\/wp\/v2\/types\/product"}],"wp:featuredmedia":[{"embeddable":true,"href":"https:\/\/harristweed-shop.be\/fr\/wp-json\/wp\/v2\/media\/535603"}],"wp:attachment":[{"href":"https:\/\/harristweed-shop.be\/fr\/wp-json\/wp\/v2\/media?parent=535595"}],"wp:term":[{"taxonomy":"product_brand","embeddable":true,"href":"https:\/\/harristweed-shop.be\/fr\/wp-json\/wp\/v2\/product_brand?post=535595"},{"taxonomy":"product_cat","embeddable":true,"href":"https:\/\/harristweed-shop.be\/fr\/wp-json\/wp\/v2\/product_cat?post=535595"},{"taxonomy":"product_tag","embeddable":true,"href":"https:\/\/harristweed-shop.be\/fr\/wp-json\/wp\/v2\/product_tag?post=535595"}],"curies":[{"name":"wp","href":"https:\/\/api.w.org\/{rel}","templated":true}]}}