{"id":535550,"date":"2025-02-01T11:33:28","date_gmt":"2025-02-01T11:33:28","guid":{"rendered":"https:\/\/harristweed-shop.be\/product\/barbour-broome-rugby-shirt-navy-rust\/"},"modified":"2026-05-05T04:26:32","modified_gmt":"2026-05-05T04:26:32","slug":"barbour-broome-rugby-shirt-navy-rust","status":"publish","type":"product","link":"https:\/\/harristweed-shop.be\/fr\/produit\/chemise-de-rugby-barbour-broome-bleu-marine-rouille\/","title":{"rendered":"Chemise de rugby Barbour Broome bleu marine\/rouille"},"content":{"rendered":"<p>Affichant une allure sportive gr\u00e2ce \u00e0 son col contrast\u00e9 classique et son imprim\u00e9 ray\u00e9, le maillot de rugby Barbour Broome est dot\u00e9 de manches longues et d&#039;une patte de boutonnage dissimul\u00e9e pour un look \u00e9pur\u00e9. Confectionn\u00e9 en jersey de coton doux pour un confort optimal lors des journ\u00e9es d\u00e9contract\u00e9es, il arbore un logo brod\u00e9 sur le haut de la poitrine\u00a0: un gage de qualit\u00e9 discret.<\/p>\n<p>Coton 100%<br \/>\nJersey de coton \u00e9pais 100% \u2013 310 g\/m\u00b2<br \/>\nBroderie Barbour et Shield sur la poitrine gauche.<br \/>\nLavage en machine \u00e0 30\u00b0C<\/p>","protected":false},"excerpt":{"rendered":"<p>Chemise de rugby Barbour Broome bleu marine\/rouille.<\/p>\n<p>Affichant une finition sportive gr\u00e2ce au col contrast\u00e9 classique et \u00e0 l&#039;imprim\u00e9 ray\u00e9, la chemise de rugby Barbour Broome pr\u00e9sente des manches longues avec une patte de boutonnage dissimul\u00e9e pour un look \u00e9pur\u00e9. <\/p>","protected":false},"featured_media":535558,"template":"","meta":[],"product_brand":[],"product_cat":[1107,1115,1114,491,492,486,394,1074,84],"product_tag":[],"class_list":{"0":"post-535550","1":"product","2":"type-product","3":"status-publish","4":"has-post-thumbnail","6":"product_cat-barbour","7":"product_cat-barbour-heren-truien","8":"product_cat-barbour-truien","9":"product_cat-katoenen-truien","10":"product_cat-pullover-baumwolle","11":"product_cat-pullover-und-westen","12":"product_cat-rugby-shirts-2","13":"product_cat-rugby-shirts-3","14":"product_cat-truien-en-pullovers","15":"pa_merk-barbour","17":"first","18":"instock","19":"sale","20":"taxable","21":"shipping-taxable","22":"purchasable","23":"product-type-variable"},"df_price":99.95,"df_sale_price":"","df_regular_price":99.95,"df_image_link":"https:\/\/harristweed-shop.be\/wp-content\/uploads\/2025\/02\/e8e764eb0cf3f361ab9ee55165fbf5cc_Barbour_Broome_Rugby_Shirt_Navy___Rust-225x300.jpeg","_links":{"self":[{"href":"https:\/\/harristweed-shop.be\/fr\/wp-json\/wp\/v2\/product\/535550","targetHints":{"allow":["GET"]}}],"collection":[{"href":"https:\/\/harristweed-shop.be\/fr\/wp-json\/wp\/v2\/product"}],"about":[{"href":"https:\/\/harristweed-shop.be\/fr\/wp-json\/wp\/v2\/types\/product"}],"wp:featuredmedia":[{"embeddable":true,"href":"https:\/\/harristweed-shop.be\/fr\/wp-json\/wp\/v2\/media\/535558"}],"wp:attachment":[{"href":"https:\/\/harristweed-shop.be\/fr\/wp-json\/wp\/v2\/media?parent=535550"}],"wp:term":[{"taxonomy":"product_brand","embeddable":true,"href":"https:\/\/harristweed-shop.be\/fr\/wp-json\/wp\/v2\/product_brand?post=535550"},{"taxonomy":"product_cat","embeddable":true,"href":"https:\/\/harristweed-shop.be\/fr\/wp-json\/wp\/v2\/product_cat?post=535550"},{"taxonomy":"product_tag","embeddable":true,"href":"https:\/\/harristweed-shop.be\/fr\/wp-json\/wp\/v2\/product_tag?post=535550"}],"curies":[{"name":"wp","href":"https:\/\/api.w.org\/{rel}","templated":true}]}}