{"id":535450,"date":"2025-01-31T15:03:33","date_gmt":"2025-01-31T15:03:33","guid":{"rendered":"https:\/\/harristweed-shop.be\/product\/loake-aldwych-black-herenschoenen\/"},"modified":"2026-04-13T08:04:37","modified_gmt":"2026-04-13T08:04:37","slug":"loake-aldwych-black-herenschoenen","status":"publish","type":"product","link":"https:\/\/harristweed-shop.be\/fr\/produit\/chaussures-noires-pour-hommes-loake-aldwych\/","title":{"rendered":"Chaussures noires pour hommes Loake Aldwych"},"content":{"rendered":"<p>Notre chaussure richelieu classique et la plus populaire \u2013 Aldwych. Fabriqu\u00e9e en cuir de veau premium, elle est disponible dans une vari\u00e9t\u00e9 de couleurs, de semelles et de finitions. Aldwych utilise notre forme embl\u00e9matique \u00ab\u00a0Capital\u00a0\u00bb et est disponible en deux tailles\u00a0:<\/p>\n<p>\u00ab F \u2013 Coupe r\u00e9guli\u00e8re \u00bb.<\/p>\n<p>Fabriqu\u00e9 en Angleterre<br \/>\nSemelle en cuir cousue Goodyear<br \/>\nEnti\u00e8rement doubl\u00e9 de cuir<br \/>\nSemelles int\u00e9rieures en cuir<br \/>\nDernier raccord Capital \/ F (largeur standard)<\/p>","protected":false},"excerpt":{"rendered":"<p>Notre chaussure richelieu classique et la plus populaire \u2013 Aldwych. Fabriqu\u00e9e en cuir de veau premium, elle est disponible dans une vari\u00e9t\u00e9 de couleurs, de semelles et de finitions.<\/p>","protected":false},"featured_media":535466,"template":"","meta":[],"product_brand":[],"product_cat":[641,85,519],"product_tag":[],"class_list":{"0":"post-535450","1":"product","2":"type-product","3":"status-publish","4":"has-post-thumbnail","6":"product_cat-heren-schoenen","7":"product_cat-schoenen","8":"product_cat-schuhe","9":"pa_merk-loake-shoes","11":"first","12":"instock","13":"taxable","14":"shipping-taxable","15":"purchasable","16":"product-type-variable"},"df_price":379.95,"df_sale_price":"","df_regular_price":379.95,"df_image_link":"https:\/\/harristweed-shop.be\/wp-content\/uploads\/2025\/01\/aedd4a0bed35115e4a3e62ccf475d842_Loake_Aldwych_Black_Herenschoenen-300x300.jpeg","_links":{"self":[{"href":"https:\/\/harristweed-shop.be\/fr\/wp-json\/wp\/v2\/product\/535450","targetHints":{"allow":["GET"]}}],"collection":[{"href":"https:\/\/harristweed-shop.be\/fr\/wp-json\/wp\/v2\/product"}],"about":[{"href":"https:\/\/harristweed-shop.be\/fr\/wp-json\/wp\/v2\/types\/product"}],"wp:featuredmedia":[{"embeddable":true,"href":"https:\/\/harristweed-shop.be\/fr\/wp-json\/wp\/v2\/media\/535466"}],"wp:attachment":[{"href":"https:\/\/harristweed-shop.be\/fr\/wp-json\/wp\/v2\/media?parent=535450"}],"wp:term":[{"taxonomy":"product_brand","embeddable":true,"href":"https:\/\/harristweed-shop.be\/fr\/wp-json\/wp\/v2\/product_brand?post=535450"},{"taxonomy":"product_cat","embeddable":true,"href":"https:\/\/harristweed-shop.be\/fr\/wp-json\/wp\/v2\/product_cat?post=535450"},{"taxonomy":"product_tag","embeddable":true,"href":"https:\/\/harristweed-shop.be\/fr\/wp-json\/wp\/v2\/product_tag?post=535450"}],"curies":[{"name":"wp","href":"https:\/\/api.w.org\/{rel}","templated":true}]}}