{"id":535433,"date":"2025-01-31T15:02:18","date_gmt":"2025-01-31T15:02:18","guid":{"rendered":"https:\/\/harristweed-shop.be\/product\/loake-dark-brown-suede-strap-monk-shoe\/"},"modified":"2026-05-05T04:26:32","modified_gmt":"2026-05-05T04:26:32","slug":"loake-dark-brown-suede-strap-monk-shoe","status":"publish","type":"product","link":"https:\/\/harristweed-shop.be\/fr\/produit\/chaussures-a-boucle-en-daim-marron-fonce-loake\/","title":{"rendered":"Chaussures \u00e0 boucle Loake en daim marron fonc\u00e9"},"content":{"rendered":"<p>Notre mod\u00e8le \u00ab\u00a0357\u00a0\u00bb est une chaussure \u00e0 boucle en cuir de veau haut de gamme, dot\u00e9e de semelles en caoutchouc cousues Goodyear pour une long\u00e9vit\u00e9 et une adh\u00e9rence accrues. La 357 utilise la forme \u00ab\u00a0Claridge\u00a0\u00bb et est disponible en chaussant \u00ab\u00a0G\u00a0\u00bb. Ces chaussures pour homme sont con\u00e7ues et fabriqu\u00e9es dans le Northamptonshire, en Angleterre, et fabriqu\u00e9es \u00e0 la main dans notre usine haut de gamme en Inde.<\/p>","protected":false},"excerpt":{"rendered":"<p>Notre \u00ab 357 \u00bb est une chaussure \u00e0 moine en cuir de veau de qualit\u00e9 sup\u00e9rieure, dot\u00e9e de semelles en caoutchouc cousues Goodyear pour une plus grande long\u00e9vit\u00e9 et une meilleure adh\u00e9rence.<\/p>","protected":false},"featured_media":535471,"template":"","meta":[],"product_brand":[],"product_cat":[641,85,519],"product_tag":[],"class_list":{"0":"post-535433","1":"product","2":"type-product","3":"status-publish","4":"has-post-thumbnail","6":"product_cat-heren-schoenen","7":"product_cat-schoenen","8":"product_cat-schuhe","9":"pa_merk-loake-shoes","11":"first","12":"instock","13":"taxable","14":"shipping-taxable","15":"purchasable","16":"product-type-variable"},"df_price":259.95,"df_sale_price":"","df_regular_price":259.95,"df_image_link":"https:\/\/harristweed-shop.be\/wp-content\/uploads\/2025\/01\/5a6115a2ef7992a05237ba72b2d5612f_Loake_Dark_Brown_Suede_Strap_Monk_Shoe-300x300.jpeg","_links":{"self":[{"href":"https:\/\/harristweed-shop.be\/fr\/wp-json\/wp\/v2\/product\/535433","targetHints":{"allow":["GET"]}}],"collection":[{"href":"https:\/\/harristweed-shop.be\/fr\/wp-json\/wp\/v2\/product"}],"about":[{"href":"https:\/\/harristweed-shop.be\/fr\/wp-json\/wp\/v2\/types\/product"}],"wp:featuredmedia":[{"embeddable":true,"href":"https:\/\/harristweed-shop.be\/fr\/wp-json\/wp\/v2\/media\/535471"}],"wp:attachment":[{"href":"https:\/\/harristweed-shop.be\/fr\/wp-json\/wp\/v2\/media?parent=535433"}],"wp:term":[{"taxonomy":"product_brand","embeddable":true,"href":"https:\/\/harristweed-shop.be\/fr\/wp-json\/wp\/v2\/product_brand?post=535433"},{"taxonomy":"product_cat","embeddable":true,"href":"https:\/\/harristweed-shop.be\/fr\/wp-json\/wp\/v2\/product_cat?post=535433"},{"taxonomy":"product_tag","embeddable":true,"href":"https:\/\/harristweed-shop.be\/fr\/wp-json\/wp\/v2\/product_tag?post=535433"}],"curies":[{"name":"wp","href":"https:\/\/api.w.org\/{rel}","templated":true}]}}