{"id":535412,"date":"2025-01-31T14:52:26","date_gmt":"2025-01-31T14:52:26","guid":{"rendered":"https:\/\/harristweed-shop.be\/product\/loake-imperial-choc-brown-suede-herenschoenen\/"},"modified":"2026-04-08T03:55:29","modified_gmt":"2026-04-08T03:55:29","slug":"loake-imperial-choc-brown-suede-herenschoenen","status":"publish","type":"product","link":"https:\/\/harristweed-shop.be\/fr\/produit\/chaussures-loake-imperial-en-daim-marron-chocolat-pour-homme\/","title":{"rendered":"Chaussures Loake Imperial en daim marron chocolat pour homme"},"content":{"rendered":"<p>Mocassins Penny, un v\u00e9ritable classique que tout gentleman devrait poss\u00e9der dans sa garde-robe. Ce mod\u00e8le est propos\u00e9 en daim marron fonc\u00e9 chocolat et dot\u00e9 d&#039;une semelle simple en cuir. Fabriqu\u00e9s sur notre nouvelle forme de mocassin appel\u00e9e College\/F, ce mod\u00e8le \u00e0 bout en amande souple convient aussi bien aux tenues habill\u00e9es que d\u00e9contract\u00e9es.<br \/>\nFabriqu\u00e9 en Angleterre<br \/>\nSemelles en cuir cousues Goodyear<br \/>\nEnti\u00e8rement doubl\u00e9 de cuir<br \/>\nDernier Coll\u00e8ge \/ F Fitting<\/p>","protected":false},"excerpt":{"rendered":"<p>Les mocassins Penny, un v\u00e9ritable classique que tout gentleman devrait avoir dans sa garde-robe de chaussures.<\/p>","protected":false},"featured_media":535428,"template":"","meta":[],"product_brand":[],"product_cat":[641,85,519],"product_tag":[],"class_list":{"0":"post-535412","1":"product","2":"type-product","3":"status-publish","4":"has-post-thumbnail","6":"product_cat-heren-schoenen","7":"product_cat-schoenen","8":"product_cat-schuhe","9":"pa_merk-loake-shoes","11":"first","12":"instock","13":"taxable","14":"shipping-taxable","15":"purchasable","16":"product-type-variable"},"df_price":319.95,"df_sale_price":"","df_regular_price":319.95,"df_image_link":"https:\/\/harristweed-shop.be\/wp-content\/uploads\/2025\/01\/d6df283e66b8c45bc307dabffb9bb3c6_Loake_Imperial_Choc_Brown_Suede_Herenschoenen-300x300.jpeg","_links":{"self":[{"href":"https:\/\/harristweed-shop.be\/fr\/wp-json\/wp\/v2\/product\/535412","targetHints":{"allow":["GET"]}}],"collection":[{"href":"https:\/\/harristweed-shop.be\/fr\/wp-json\/wp\/v2\/product"}],"about":[{"href":"https:\/\/harristweed-shop.be\/fr\/wp-json\/wp\/v2\/types\/product"}],"wp:featuredmedia":[{"embeddable":true,"href":"https:\/\/harristweed-shop.be\/fr\/wp-json\/wp\/v2\/media\/535428"}],"wp:attachment":[{"href":"https:\/\/harristweed-shop.be\/fr\/wp-json\/wp\/v2\/media?parent=535412"}],"wp:term":[{"taxonomy":"product_brand","embeddable":true,"href":"https:\/\/harristweed-shop.be\/fr\/wp-json\/wp\/v2\/product_brand?post=535412"},{"taxonomy":"product_cat","embeddable":true,"href":"https:\/\/harristweed-shop.be\/fr\/wp-json\/wp\/v2\/product_cat?post=535412"},{"taxonomy":"product_tag","embeddable":true,"href":"https:\/\/harristweed-shop.be\/fr\/wp-json\/wp\/v2\/product_tag?post=535412"}],"curies":[{"name":"wp","href":"https:\/\/api.w.org\/{rel}","templated":true}]}}