{"id":535178,"date":"2025-01-25T12:22:18","date_gmt":"2025-01-25T12:22:18","guid":{"rendered":"https:\/\/harristweed-shop.be\/product\/springboks-1995-rugby-shirt\/"},"modified":"2026-05-05T04:27:32","modified_gmt":"2026-05-05T04:27:32","slug":"springboks-1995-rugby-shirt","status":"publish","type":"product","link":"https:\/\/harristweed-shop.be\/fr\/produit\/maillot-de-rugby-des-springboks-1995\/","title":{"rendered":"Maillot de rugby des Springboks 1995"},"content":{"rendered":"<p>Maillot de rugby des Springboks 1995<\/p>\n<p>Le maillot de rugby Ellis Rugby Springboks 1995 est plus qu&#039;un simple v\u00eatement\u00a0; c&#039;est un hommage \u00e0 un moment cl\u00e9 de l&#039;histoire du sport. Le parcours triomphal des Springboks jusqu&#039;\u00e0 leur victoire \u00e0 domicile en Coupe du monde de rugby en 1995 t\u00e9moigne de leur r\u00e9silience, de leur unit\u00e9 et de leur fiert\u00e9. Cette victoire historique a inspir\u00e9 la cr\u00e9ation d&#039;un mod\u00e8le classique c\u00e9l\u00e9brant l&#039;h\u00e9ritage rugbystique de l&#039;Afrique du Sud.<\/p>","protected":false},"excerpt":{"rendered":"<p>Le maillot de rugby Ellis Rugby Springboks 1995 est plus qu&#039;un simple v\u00eatement\u00a0; c&#039;est un hommage \u00e0 un moment cl\u00e9 de l&#039;histoire du sport. Le parcours triomphal des Springboks jusqu&#039;\u00e0 leur victoire \u00e0 domicile en Coupe du monde de rugby en 1995 t\u00e9moigne de leur r\u00e9silience, de leur unit\u00e9 et de leur fiert\u00e9. Cette victoire historique a inspir\u00e9 la cr\u00e9ation d&#039;un mod\u00e8le classique c\u00e9l\u00e9brant l&#039;h\u00e9ritage rugbystique de l&#039;Afrique du Sud.<\/p>","protected":false},"featured_media":535186,"template":"","meta":[],"product_brand":[],"product_cat":[397,394,955,960],"product_tag":[],"class_list":{"0":"post-535178","1":"product","2":"type-product","3":"status-publish","4":"has-post-thumbnail","6":"product_cat-international","7":"product_cat-rugby-shirts-2","8":"product_cat-shop-by-country-club","9":"product_cat-south-africa-springboks-shop-by-country-club","10":"pa_merk-ellis-rugby","12":"first","13":"instock","14":"taxable","15":"shipping-taxable","16":"purchasable","17":"product-type-variable"},"df_price":89.95,"df_sale_price":"","df_regular_price":89.95,"df_image_link":"https:\/\/harristweed-shop.be\/wp-content\/uploads\/2025\/01\/c15959f8facea21084152f12b7fa971f_Springboks_1995_Rugby_Shirt-300x300.jpeg","_links":{"self":[{"href":"https:\/\/harristweed-shop.be\/fr\/wp-json\/wp\/v2\/product\/535178","targetHints":{"allow":["GET"]}}],"collection":[{"href":"https:\/\/harristweed-shop.be\/fr\/wp-json\/wp\/v2\/product"}],"about":[{"href":"https:\/\/harristweed-shop.be\/fr\/wp-json\/wp\/v2\/types\/product"}],"wp:featuredmedia":[{"embeddable":true,"href":"https:\/\/harristweed-shop.be\/fr\/wp-json\/wp\/v2\/media\/535186"}],"wp:attachment":[{"href":"https:\/\/harristweed-shop.be\/fr\/wp-json\/wp\/v2\/media?parent=535178"}],"wp:term":[{"taxonomy":"product_brand","embeddable":true,"href":"https:\/\/harristweed-shop.be\/fr\/wp-json\/wp\/v2\/product_brand?post=535178"},{"taxonomy":"product_cat","embeddable":true,"href":"https:\/\/harristweed-shop.be\/fr\/wp-json\/wp\/v2\/product_cat?post=535178"},{"taxonomy":"product_tag","embeddable":true,"href":"https:\/\/harristweed-shop.be\/fr\/wp-json\/wp\/v2\/product_tag?post=535178"}],"curies":[{"name":"wp","href":"https:\/\/api.w.org\/{rel}","templated":true}]}}