{"id":535164,"date":"2025-01-25T10:42:27","date_gmt":"2025-01-25T10:42:27","guid":{"rendered":"https:\/\/harristweed-shop.be\/product\/nsw-1985-rugby-league-polo\/"},"modified":"2026-04-08T04:10:38","modified_gmt":"2026-04-08T04:10:38","slug":"nsw-1985-rugby-league-polo","status":"publish","type":"product","link":"https:\/\/harristweed-shop.be\/fr\/produit\/polo-de-la-ligue-de-rugby-de-nouvelle-galles-du-sud-1985\/","title":{"rendered":"Polo de la Ligue de rugby de Nouvelle-Galles du Sud 1985"},"content":{"rendered":"<p>Polo de la Ligue de rugby de Nouvelle-Galles du Sud 1985<\/p>\n<p>L&#039;inspiration derri\u00e8re le polo de rugby Ellis Rugby NSW 1985<\/p>\n<p>Le polo Ellis Rugby NSW 1985 Rugby League capture l&#039;essence d&#039;un moment historique de l&#039;histoire du rugby \u00e0 XIII. En 1985, l&#039;\u00e9quipe de Nouvelle-Galles du Sud a remport\u00e9 une victoire extraordinaire lors des Interstate Series, battant le Queensland deux matchs \u00e0 un. Cette s\u00e9rie d\u00e9cisive a marqu\u00e9 la toute premi\u00e8re victoire des Blues dans l&#039;histoire de State of Origin.<\/p>\n<p>Une victoire historique<\/p>\n<p>La s\u00e9rie de 1985 d\u00e9buta par une performance \u00e9poustouflante de la Nouvelle-Galles du Sud \u00e0 Lang Park, \u00e0 Brisbane. Les Blues domin\u00e8rent le match, s&#039;imposant 18-2. Michael O&#039;Connor fit des d\u00e9buts remarquables, inscrivant deux essais et transformant cinq buts. Leur \u00e9lan se poursuivit lors du deuxi\u00e8me match au Sydney Cricket Ground. Les Blues s&#039;impos\u00e8rent 21-14, gr\u00e2ce au capitaine Steve Mortimer qui joua un r\u00f4le crucial en repoussant une tentative de drop de Wally Lewis. Brett Kenny scella ensuite la s\u00e9rie gr\u00e2ce \u00e0 un essai d\u00e9cisif dans les derniers instants. Bien que le Queensland remporte le dernier match 20-6, la s\u00e9rie resta \u00e0 la Nouvelle-Galles du Sud.<\/p>\n<p>Les d\u00e9tails de conception du Rugby League Pol0<\/p>\n<p>Le polo de rugby \u00e0 XIII Ellis Rugby Blues 1985 c\u00e9l\u00e8bre cet exploit historique. Sa base bleu ciel et ses bordures bleu marine rappellent les couleurs embl\u00e9matiques de l&#039;\u00e9quipe de l&#039;\u00e9poque. De plus, l&#039;\u00e9cusson de la Nouvelle-Galles du Sud est mis en valeur par de fines coutures multicolores. Le dos du polo arbore fi\u00e8rement l&#039;inscription \u00ab\u00a0New South Wales\u00a0\u00bb en lettres bleu marine, tandis que le pied de col arbore l&#039;inscription \u00ab\u00a01982\u00a0\u00bb en dor\u00e9, rendant hommage aux moments fondateurs de cet \u00c9tat d&#039;origine.<\/p>\n<p>Ellis Rugby a \u00e9galement ajout\u00e9 des \u00e9l\u00e9ments distinctifs pour rehausser son design. L&#039;\u00e9l\u00e9gant \u00e9cusson \u00ab\u00a0Ellis Rugby\u00a0\u00bb en applique ciel avec surpiq\u00fbres \u00e9crues appara\u00eet sur un bras. Le num\u00e9ro \u00ab\u00a013\u00a0\u00bb, symbole de la ligue de rugby, est \u00e9galement appliqu\u00e9 sur l&#039;autre bras. Le v\u00eatement est \u00e9galement sublim\u00e9 par une \u00e9tiquette tiss\u00e9e pr\u00e8s de l&#039;ourlet et une fente lat\u00e9rale \u00e0 chevrons.<\/p>","protected":false},"excerpt":{"rendered":"<p>Le polo Ellis Rugby NSW 1985 Rugby League capture l&#039;essence d&#039;un moment historique de l&#039;histoire du rugby \u00e0 XIII. En 1985, l&#039;\u00e9quipe de Nouvelle-Galles du Sud a remport\u00e9 une victoire extraordinaire lors des Interstate Series, battant le Queensland deux matchs \u00e0 un. Cette s\u00e9rie d\u00e9cisive a marqu\u00e9 la toute premi\u00e8re victoire des Blues dans l&#039;histoire de State of Origin.<\/p>","protected":false},"featured_media":535172,"template":"","meta":[],"product_brand":[],"product_cat":[1024,397,1000,394],"product_tag":[],"class_list":{"0":"post-535164","1":"product","2":"type-product","3":"status-publish","4":"has-post-thumbnail","6":"product_cat-ellis-rugby-polos","7":"product_cat-international","8":"product_cat-poloshirts","9":"product_cat-rugby-shirts-2","10":"pa_merk-ellis-rugby","12":"first","13":"instock","14":"taxable","15":"shipping-taxable","16":"purchasable","17":"product-type-variable"},"df_price":69.95,"df_sale_price":"","df_regular_price":69.95,"df_image_link":"https:\/\/harristweed-shop.be\/wp-content\/uploads\/2025\/01\/d866aeaf5d6d752c8257ecb3de6c0064_NSW_1985_Rugby_League_Polo-300x300.jpeg","_links":{"self":[{"href":"https:\/\/harristweed-shop.be\/fr\/wp-json\/wp\/v2\/product\/535164","targetHints":{"allow":["GET"]}}],"collection":[{"href":"https:\/\/harristweed-shop.be\/fr\/wp-json\/wp\/v2\/product"}],"about":[{"href":"https:\/\/harristweed-shop.be\/fr\/wp-json\/wp\/v2\/types\/product"}],"wp:featuredmedia":[{"embeddable":true,"href":"https:\/\/harristweed-shop.be\/fr\/wp-json\/wp\/v2\/media\/535172"}],"wp:attachment":[{"href":"https:\/\/harristweed-shop.be\/fr\/wp-json\/wp\/v2\/media?parent=535164"}],"wp:term":[{"taxonomy":"product_brand","embeddable":true,"href":"https:\/\/harristweed-shop.be\/fr\/wp-json\/wp\/v2\/product_brand?post=535164"},{"taxonomy":"product_cat","embeddable":true,"href":"https:\/\/harristweed-shop.be\/fr\/wp-json\/wp\/v2\/product_cat?post=535164"},{"taxonomy":"product_tag","embeddable":true,"href":"https:\/\/harristweed-shop.be\/fr\/wp-json\/wp\/v2\/product_tag?post=535164"}],"curies":[{"name":"wp","href":"https:\/\/api.w.org\/{rel}","templated":true}]}}