{"id":535150,"date":"2025-01-25T10:17:16","date_gmt":"2025-01-25T10:17:16","guid":{"rendered":"https:\/\/harristweed-shop.be\/product\/transvaal-rugby-polo-1972\/"},"modified":"2026-05-05T04:27:32","modified_gmt":"2026-05-05T04:27:32","slug":"transvaal-rugby-polo-1972","status":"publish","type":"product","link":"https:\/\/harristweed-shop.be\/fr\/produit\/polo-de-rugby-du-transvaal-1972\/","title":{"rendered":"Polo de rugby du Transvaal 1972"},"content":{"rendered":"<p>Polo de rugby du Transvaal 1972<\/p>\n<p>L&#039;inspiration derri\u00e8re le polo de rugby Ellis Rugby Transvaal 1972<\/p>\n<p>Le design du polo de rugby Transvaal d&#039;Ellis Rugby 1972 est charg\u00e9 d&#039;histoire et c\u00e9l\u00e8bre les r\u00e9alisations de l&#039;\u00e9quipe de rugby du Transvaal de l&#039;ann\u00e9e embl\u00e9matique de 1972. Ce polo soigneusement con\u00e7u fait revivre une \u00e9poque d&#039;or du rugby sud-africain, marqu\u00e9e par le courage, la d\u00e9termination et une victoire historique en Currie Cup.<\/p>\n<p>Une victoire historique en Currie Cup<\/p>\n<p>En 1972, l&#039;\u00e9quipe de rugby du Transvaal, men\u00e9e par l&#039;intr\u00e9pide flanker des Springboks Piet Greyling, remporta une victoire m\u00e9morable en Currie Cup. La finale, disput\u00e9e au stade Pam Brink de Springs, opposait le Transvaal au Transvaal oriental au terme d&#039;un match \u00e2prement disput\u00e9. La r\u00e9silience et le talent de l&#039;\u00e9quipe furent mis en lumi\u00e8re lorsque le l\u00e9gendaire demi d&#039;ouverture Gerald Bosch s&#039;imposa gr\u00e2ce \u00e0 un drop d\u00e9cisif. Le score final de 25-19 consolida ainsi la place du Transvaal dans l&#039;histoire du rugby.<\/p>\n<p>De plus, le talent du demi de m\u00eal\u00e9e Paul Bayvel a \u00e9t\u00e9 d\u00e9terminant pour cr\u00e9er des occasions offensives. Cette victoire reste donc un moment pr\u00e9cieux dans l&#039;histoire du rugby provincial sud-africain.<\/p>\n<p>D\u00e9tails de conception embl\u00e9matiques<\/p>\n<p>Le polo Ellis Rugby Transvaal Rugby 1972 rend hommage \u00e0 cette \u00e9poque remarquable. Son design met en valeur un arceau de poitrine rouge, rappelant la tenue embl\u00e9matique de l&#039;\u00e9quipe. De plus, l&#039;\u00e9cusson du Transvaal, d&#039;inspiration r\u00e9tro, incarne l&#039;esprit des champions de 1972.<\/p>\n<p>Au dos, l&#039;inscription \u00ab TRANSVAAL RUGBY \u00bb est brod\u00e9e en dor\u00e9, accompagn\u00e9e de l&#039;ann\u00e9e \u00ab 1972 \u00bb sur le pied de col. De plus, l&#039;\u00e9cusson rouge Ellis Rugby appliqu\u00e9 avec surpiq\u00fbres blanches ajoute une touche d&#039;\u00e9l\u00e9gance \u00e0 la manche. Outre ces caract\u00e9ristiques, le polo est dot\u00e9 d&#039;une \u00e9tiquette tiss\u00e9e pr\u00e8s de l&#039;ourlet et d&#039;\u00e9l\u00e9gantes fentes lat\u00e9rales \u00e0 chevrons, t\u00e9moignant du souci du d\u00e9tail.<\/p>","protected":false},"excerpt":{"rendered":"<p>Le design du polo de rugby Transvaal d&#039;Ellis Rugby 1972 est charg\u00e9 d&#039;histoire et c\u00e9l\u00e8bre les r\u00e9alisations de l&#039;\u00e9quipe de rugby du Transvaal de l&#039;ann\u00e9e embl\u00e9matique de 1972. Ce polo soigneusement con\u00e7u fait revivre une \u00e9poque d&#039;or du rugby sud-africain, marqu\u00e9e par le courage, la d\u00e9termination et une victoire historique en Currie Cup.<\/p>","protected":false},"featured_media":535158,"template":"","meta":[],"product_brand":[],"product_cat":[1024,397,1000,394],"product_tag":[],"class_list":{"0":"post-535150","1":"product","2":"type-product","3":"status-publish","4":"has-post-thumbnail","6":"product_cat-ellis-rugby-polos","7":"product_cat-international","8":"product_cat-poloshirts","9":"product_cat-rugby-shirts-2","10":"pa_merk-ellis-rugby","12":"first","13":"instock","14":"taxable","15":"shipping-taxable","16":"purchasable","17":"product-type-variable"},"df_price":69.95,"df_sale_price":"","df_regular_price":69.95,"df_image_link":"https:\/\/harristweed-shop.be\/wp-content\/uploads\/2025\/01\/0605c1d797a8e2bc5f20ec000dbf4b8f_Transvaal_Rugby_Polo_1972-300x300.jpeg","_links":{"self":[{"href":"https:\/\/harristweed-shop.be\/fr\/wp-json\/wp\/v2\/product\/535150","targetHints":{"allow":["GET"]}}],"collection":[{"href":"https:\/\/harristweed-shop.be\/fr\/wp-json\/wp\/v2\/product"}],"about":[{"href":"https:\/\/harristweed-shop.be\/fr\/wp-json\/wp\/v2\/types\/product"}],"wp:featuredmedia":[{"embeddable":true,"href":"https:\/\/harristweed-shop.be\/fr\/wp-json\/wp\/v2\/media\/535158"}],"wp:attachment":[{"href":"https:\/\/harristweed-shop.be\/fr\/wp-json\/wp\/v2\/media?parent=535150"}],"wp:term":[{"taxonomy":"product_brand","embeddable":true,"href":"https:\/\/harristweed-shop.be\/fr\/wp-json\/wp\/v2\/product_brand?post=535150"},{"taxonomy":"product_cat","embeddable":true,"href":"https:\/\/harristweed-shop.be\/fr\/wp-json\/wp\/v2\/product_cat?post=535150"},{"taxonomy":"product_tag","embeddable":true,"href":"https:\/\/harristweed-shop.be\/fr\/wp-json\/wp\/v2\/product_tag?post=535150"}],"curies":[{"name":"wp","href":"https:\/\/api.w.org\/{rel}","templated":true}]}}