{"id":535137,"date":"2025-01-25T10:02:19","date_gmt":"2025-01-25T10:02:19","guid":{"rendered":"https:\/\/harristweed-shop.be\/product\/south-sydney-1970-rugby-league-polo\/"},"modified":"2026-05-05T04:27:32","modified_gmt":"2026-05-05T04:27:32","slug":"south-sydney-1970-rugby-league-polo","status":"publish","type":"product","link":"https:\/\/harristweed-shop.be\/fr\/produit\/polo-de-la-ligue-de-rugby-du-sud-de-sydney-1970\/","title":{"rendered":"Polo de rugby \u00e0 XV de South Sydney 1970"},"content":{"rendered":"<p>Polo de South Sydney 1970<\/p>\n<p>L&#039;histoire du polo Ellis Rugby South Sydney 1970<\/p>\n<p>Le polo Ellis Rugby South Sydney 1970 est plus qu&#039;un simple v\u00eatement\u00a0; c&#039;est un hommage \u00e0 l&#039;un des moments les plus embl\u00e9matiques de l&#039;histoire du rugby \u00e0 XIII. Inspir\u00e9 par la l\u00e9gendaire \u00e9quipe de South Sydney, championne du monde en 1970, ce polo incarne l&#039;esprit de r\u00e9silience, de fiert\u00e9 et d&#039;h\u00e9ritage.<\/p>\n<p>Les cerceaux verts et rouges de l&#039;histoire<\/p>\n<p>Le polo South Sydney 1970 arbore les embl\u00e9matiques paniers verts et rouges, symbole de l&#039;identit\u00e9 des Rabbitohs. Ces couleurs vives symbolisent la passion et le d\u00e9vouement de l&#039;\u00e9quipe de South Sydney. De plus, son design r\u00e9tro rend hommage aux maillots classiques de rugby \u00e0 XIII de l&#039;\u00e9poque, m\u00ealant harmonieusement nostalgie et modernit\u00e9.<\/p>\n<p>De plus, l&#039;embl\u00e8me d\u00e9chir\u00e9 des Rabbitohs sur le polo rappelle un moment marquant de la Grande Finale de 1970. Le maillot du capitaine John Sattler, d\u00e9chir\u00e9 et ensanglant\u00e9 pendant le match, ne portait que la t\u00eate de lapin. Ce d\u00e9tail est ainsi devenu un puissant symbole de courage et de d\u00e9termination. Le design d&#039;Ellis Rugby rend hommage \u00e0 cet h\u00e9ritage avec une t\u00eate de lapin appliqu\u00e9e sur la poitrine.<\/p>\n<p>La fiert\u00e9 de chaque d\u00e9tail du polo<\/p>\n<p>Outre ses r\u00e9f\u00e9rences historiques, le v\u00eatement Ellis Rugby pr\u00e9sente des \u00e9l\u00e9ments de design raffin\u00e9s. Au dos, la surpiq\u00fbre dor\u00e9e \u00ab\u00a0Pride in the Jersey\u00a0\u00bb embl\u00e9matique illustre le prestige de cette collection. De plus, l&#039;\u00e9l\u00e9gant \u00e9cusson Ellis Rugby, appliqu\u00e9 en vert et surpiqu\u00e9 en rouge sur un bras, apporte une touche de raffinement.<\/p>\n<p>Le v\u00eatement est sublim\u00e9 par une \u00e9tiquette tiss\u00e9e pr\u00e8s de l&#039;ourlet et des fentes lat\u00e9rales \u00e0 chevrons. Ces d\u00e9tails garantissent non seulement une qualit\u00e9 sup\u00e9rieure, mais refl\u00e8tent \u00e9galement l&#039;engagement d&#039;Ellis Rugby \u00e0 c\u00e9l\u00e9brer l&#039;h\u00e9ritage du rugby \u00e0 XIII.<\/p>\n<p>Une victoire l\u00e9gendaire pour South Sydney<\/p>\n<p>La Grande Finale de 1970 reste l&#039;un des plus grands moments de l&#039;histoire du rugby \u00e0 XIII. D\u00e8s les premi\u00e8res minutes, le capitaine de South Sydney, John Sattler, se fracture la m\u00e2choire apr\u00e8s un violent coup. Il continue n\u00e9anmoins de mener son \u00e9quipe, la menant vers une remarquable victoire 23-12 contre Manly. Les Rabbitohs s&#039;inscrivent ainsi dans l&#039;histoire du sport.<\/p>","protected":false},"excerpt":{"rendered":"<p>Le polo Ellis Rugby South Sydney 1970 est plus qu&#039;un simple v\u00eatement\u00a0; c&#039;est un hommage \u00e0 l&#039;un des moments les plus embl\u00e9matiques de l&#039;histoire du rugby \u00e0 XIII. Inspir\u00e9 par la l\u00e9gendaire \u00e9quipe de South Sydney, championne du monde en 1970, ce polo incarne l&#039;esprit de r\u00e9silience, de fiert\u00e9 et d&#039;h\u00e9ritage.<\/p>","protected":false},"featured_media":535145,"template":"","meta":[],"product_brand":[],"product_cat":[1024,397,1000,394],"product_tag":[],"class_list":{"0":"post-535137","1":"product","2":"type-product","3":"status-publish","4":"has-post-thumbnail","6":"product_cat-ellis-rugby-polos","7":"product_cat-international","8":"product_cat-poloshirts","9":"product_cat-rugby-shirts-2","10":"pa_merk-ellis-rugby","12":"first","13":"instock","14":"taxable","15":"shipping-taxable","16":"purchasable","17":"product-type-variable"},"df_price":69.95,"df_sale_price":"","df_regular_price":69.95,"df_image_link":"https:\/\/harristweed-shop.be\/wp-content\/uploads\/2025\/01\/3bb43e6de64307e4dd200bc19971e67c_South_Sydney_1970_Rugby_League_Polo-300x300.jpeg","_links":{"self":[{"href":"https:\/\/harristweed-shop.be\/fr\/wp-json\/wp\/v2\/product\/535137","targetHints":{"allow":["GET"]}}],"collection":[{"href":"https:\/\/harristweed-shop.be\/fr\/wp-json\/wp\/v2\/product"}],"about":[{"href":"https:\/\/harristweed-shop.be\/fr\/wp-json\/wp\/v2\/types\/product"}],"wp:featuredmedia":[{"embeddable":true,"href":"https:\/\/harristweed-shop.be\/fr\/wp-json\/wp\/v2\/media\/535145"}],"wp:attachment":[{"href":"https:\/\/harristweed-shop.be\/fr\/wp-json\/wp\/v2\/media?parent=535137"}],"wp:term":[{"taxonomy":"product_brand","embeddable":true,"href":"https:\/\/harristweed-shop.be\/fr\/wp-json\/wp\/v2\/product_brand?post=535137"},{"taxonomy":"product_cat","embeddable":true,"href":"https:\/\/harristweed-shop.be\/fr\/wp-json\/wp\/v2\/product_cat?post=535137"},{"taxonomy":"product_tag","embeddable":true,"href":"https:\/\/harristweed-shop.be\/fr\/wp-json\/wp\/v2\/product_tag?post=535137"}],"curies":[{"name":"wp","href":"https:\/\/api.w.org\/{rel}","templated":true}]}}