{"id":535110,"date":"2025-01-25T09:52:27","date_gmt":"2025-01-25T09:52:27","guid":{"rendered":"https:\/\/harristweed-shop.be\/product\/northern-transvaal-rugby-1975-polo\/"},"modified":"2026-04-08T04:10:38","modified_gmt":"2026-04-08T04:10:38","slug":"northern-transvaal-rugby-1975-polo","status":"publish","type":"product","link":"https:\/\/harristweed-shop.be\/fr\/produit\/polo-nord-du-transvaal-rugby-1975\/","title":{"rendered":"Polo Nord Transvaal Rugby 1975"},"content":{"rendered":"<p>Polo de rugby du nord du Transvaal<\/p>\n<p>L&#039;inspiration derri\u00e8re le design du polo de rugby Ellis Rugby Northern Transvaal 1975<\/p>\n<p>Le polo de rugby Ellis Rugby Northern Transvaal 1975 est impr\u00e9gn\u00e9 d&#039;histoire. Ce v\u00eatement unique rend hommage \u00e0 la l\u00e9gendaire \u00e9quipe de rugby du Northern Transvaal de 1975. Cette ann\u00e9e-l\u00e0, l&#039;\u00e9quipe a inscrit son nom dans l&#039;histoire du rugby en remportant sa huiti\u00e8me victoire en Currie Cup.<\/p>\n<p>Une saison m\u00e9morable en 1975<\/p>\n<p>L&#039;\u00e9quipe de rugby du Transvaal du Nord a connu une saison inoubliable en 1975. Le point culminant fut la finale de la Currie Cup contre Free State \u00e0 Bloemfontein. Ce fut un match acharn\u00e9, les deux \u00e9quipes se livrant une lutte acharn\u00e9e. Dans les derniers instants, Pierre Spies marqua un essai d\u00e9cisif, assurant la victoire 12-6 du Transvaal du Nord. Ce triomphe consolida ainsi le statut de l&#039;\u00e9quipe parmi les grandes \u00e9quipes provinciales du rugby sud-africain.<\/p>\n<p>Le maillot bleu p\u00e2le Signature<\/p>\n<p>L&#039;\u00e9quipe de 1975 \u00e9tait connue pour son maillot bleu p\u00e2le embl\u00e9matique. Outre sa couleur \u00e9clatante, le maillot arborait le c\u00e9l\u00e8bre blason du Transvaal du Nord, symbole de fiert\u00e9 et de tradition. Il est devenu synonyme de la domination de l&#039;\u00e9quipe et de son style de jeu unique.<\/p>\n<p>Un hommage \u00e0 travers le design<\/p>\n<p>Le polo Ellis Rugby Northern Transvaal Rugby 1975 incarne l&#039;essence m\u00eame de cette \u00e9quipe historique. Il arbore un \u00e9cusson r\u00e9tro du Northern Transvaal appliqu\u00e9, clin d&#039;\u0153il au pass\u00e9. De plus, les mots \u00ab\u00a0NORTHERN TRANSVAAL RUGBY\u00a0\u00bb sont brod\u00e9s en dor\u00e9 au dos, tandis que la mention \u00ab\u00a01975\u00a0\u00bb est ajout\u00e9e au col pour une touche d&#039;\u00e9l\u00e9gance. Enfin, l&#039;\u00e9cusson Ellis Rugby bleu p\u00e2le avec surpiq\u00fbres blanches orne un bras, renfor\u00e7ant ainsi le style classique du polo.<\/p>\n<p>D\u00e9tails haut de gamme pour un look intemporel<\/p>\n<p>Outre son importance historique, ce polo de rugby offre des d\u00e9tails raffin\u00e9s. D&#039;\u00e9l\u00e9gantes \u00e9tiquettes tiss\u00e9es pr\u00e8s de l&#039;ourlet et une fente lat\u00e9rale \u00e0 chevrons compl\u00e8tent son design. Ainsi, le polo de rugby Ellis Rugby Northern Transvaal 1975 allie h\u00e9ritage et savoir-faire moderne.<\/p>","protected":false},"excerpt":{"rendered":"<p>Le polo de rugby Ellis Rugby Northern Transvaal 1975 est impr\u00e9gn\u00e9 d&#039;histoire. Ce v\u00eatement unique rend hommage \u00e0 la l\u00e9gendaire \u00e9quipe de rugby du Northern Transvaal de 1975. Cette ann\u00e9e-l\u00e0, l&#039;\u00e9quipe a inscrit son nom dans l&#039;histoire du rugby en remportant sa huiti\u00e8me victoire en Currie Cup.<\/p>","protected":false},"featured_media":535118,"template":"","meta":[],"product_brand":[],"product_cat":[1024,397,1000,394],"product_tag":[],"class_list":{"0":"post-535110","1":"product","2":"type-product","3":"status-publish","4":"has-post-thumbnail","6":"product_cat-ellis-rugby-polos","7":"product_cat-international","8":"product_cat-poloshirts","9":"product_cat-rugby-shirts-2","10":"pa_merk-ellis-rugby","12":"first","13":"instock","14":"taxable","15":"shipping-taxable","16":"purchasable","17":"product-type-variable"},"df_price":69.95,"df_sale_price":"","df_regular_price":69.95,"df_image_link":"https:\/\/harristweed-shop.be\/wp-content\/uploads\/2025\/01\/1977451d65d3a401281c3fcc9298eb98_Northern_Transvaal_Rugby_1975_Polo-300x300.jpeg","_links":{"self":[{"href":"https:\/\/harristweed-shop.be\/fr\/wp-json\/wp\/v2\/product\/535110","targetHints":{"allow":["GET"]}}],"collection":[{"href":"https:\/\/harristweed-shop.be\/fr\/wp-json\/wp\/v2\/product"}],"about":[{"href":"https:\/\/harristweed-shop.be\/fr\/wp-json\/wp\/v2\/types\/product"}],"wp:featuredmedia":[{"embeddable":true,"href":"https:\/\/harristweed-shop.be\/fr\/wp-json\/wp\/v2\/media\/535118"}],"wp:attachment":[{"href":"https:\/\/harristweed-shop.be\/fr\/wp-json\/wp\/v2\/media?parent=535110"}],"wp:term":[{"taxonomy":"product_brand","embeddable":true,"href":"https:\/\/harristweed-shop.be\/fr\/wp-json\/wp\/v2\/product_brand?post=535110"},{"taxonomy":"product_cat","embeddable":true,"href":"https:\/\/harristweed-shop.be\/fr\/wp-json\/wp\/v2\/product_cat?post=535110"},{"taxonomy":"product_tag","embeddable":true,"href":"https:\/\/harristweed-shop.be\/fr\/wp-json\/wp\/v2\/product_tag?post=535110"}],"curies":[{"name":"wp","href":"https:\/\/api.w.org\/{rel}","templated":true}]}}