{"id":535096,"date":"2025-01-25T09:52:20","date_gmt":"2025-01-25T09:52:20","guid":{"rendered":"https:\/\/harristweed-shop.be\/product\/manly-warringah-1972-polo\/"},"modified":"2026-04-08T04:10:38","modified_gmt":"2026-04-08T04:10:38","slug":"manly-warringah-1972-polo","status":"publish","type":"product","link":"https:\/\/harristweed-shop.be\/fr\/produit\/polo-viril-warringah-1972\/","title":{"rendered":"Polo Manly Warringah 1972"},"content":{"rendered":"<p>Polo Manly Warringah 1972<\/p>\n<p>L&#039;h\u00e9ritage derri\u00e8re le polo Manly Warringah 1972<\/p>\n<p>Le polo Ellis Rugby Manly Warringah 1972 capture l&#039;esprit d&#039;une victoire historique. Inspir\u00e9 par la saison 1972 triomphale des Manly Sea Eagles, ce mod\u00e8le r\u00e9tro rend hommage \u00e0 la toute premi\u00e8re victoire de l&#039;\u00e9quipe en Premiership. Sa couleur marron, rehauss\u00e9e de deux paniers blanc cass\u00e9 embl\u00e9matiques, \u00e9voque la nostalgie d&#039;une \u00e9poque dor\u00e9e du rugby \u00e0 XIII.<\/p>\n<p>Un moment historique pour les Manly Sea Eagles<\/p>\n<p>1972 fut une ann\u00e9e charni\u00e8re pour les Manly Sea Eagles. Ils remport\u00e8rent leur premier titre de champion en battant Eastern Suburbs 19-14 lors d&#039;une finale palpitante. Emmen\u00e9e par le capitaine Fred Jones, l&#039;\u00e9quipe fit preuve d&#039;un talent remarquable. Les essais de Fred Jones et Ray Branighan marqu\u00e8rent leur domination. De plus, des l\u00e9gendes comme Graham Eadie, Ken Irvine, Bob Fulton et l&#039;Anglais Malcolm Reilly contribu\u00e8rent au succ\u00e8s de l&#039;\u00e9quipe.<\/p>\n<p>Cet exploit historique a marqu\u00e9 le d\u00e9but d&#039;une nouvelle \u00e8re pour le club de Manly Warringah. La Premiership de 1972 reste donc un souvenir pr\u00e9cieux pour les supporters comme pour les joueurs.<\/p>\n<p>Un polo impr\u00e9gn\u00e9 de tradition<\/p>\n<p>Le polo Ellis Rugby Manly Warringah 1972 incarne la fiert\u00e9 et la passion des Sea Eagles pour leur victoire. Le tissu marron, mis en valeur par les cerceaux blanc cass\u00e9, rappelle le design classique du maillot de l&#039;\u00e9quipe. De plus, l&#039;applique r\u00e9tro Sea Eagle sur la poitrine ajoute une touche d&#039;authenticit\u00e9.<\/p>\n<p>Outre les d\u00e9tails sur le devant, le dos arbore la surpiq\u00fbre dor\u00e9e \u00ab\u00a0Pride in the Jersey\u00a0\u00bb, signature d&#039;Ellis Rugby. Le pied de col arbore fi\u00e8rement le mot \u00ab\u00a0MANLY\u00a0\u00bb en fil dor\u00e9, c\u00e9l\u00e9brant ainsi l&#039;h\u00e9ritage de l&#039;\u00e9quipe. Chaque d\u00e9tail de ce polo refl\u00e8te ainsi l&#039;h\u00e9ritage de l&#039;\u00e9quipe de 1972.<\/p>","protected":false},"excerpt":{"rendered":"<p>Le polo Ellis Rugby Manly Warringah 1972 capture l&#039;esprit d&#039;une victoire historique. Inspir\u00e9 par la saison 1972 triomphale des Manly Sea Eagles, ce mod\u00e8le r\u00e9tro rend hommage \u00e0 la toute premi\u00e8re victoire de l&#039;\u00e9quipe en Premiership. Sa couleur marron, rehauss\u00e9e de deux paniers blanc cass\u00e9 embl\u00e9matiques, \u00e9voque la nostalgie d&#039;une \u00e9poque dor\u00e9e du rugby \u00e0 XIII.<\/p>","protected":false},"featured_media":535104,"template":"","meta":[],"product_brand":[],"product_cat":[1024,397,1000,394],"product_tag":[],"class_list":{"0":"post-535096","1":"product","2":"type-product","3":"status-publish","4":"has-post-thumbnail","6":"product_cat-ellis-rugby-polos","7":"product_cat-international","8":"product_cat-poloshirts","9":"product_cat-rugby-shirts-2","10":"pa_merk-ellis-rugby","12":"first","13":"instock","14":"taxable","15":"shipping-taxable","16":"purchasable","17":"product-type-variable"},"df_price":69.95,"df_sale_price":"","df_regular_price":69.95,"df_image_link":"https:\/\/harristweed-shop.be\/wp-content\/uploads\/2025\/01\/ee04efb26e6651da8fd14fa3c4c88741_Manly_Warringah_1972_Polo-300x300.jpeg","_links":{"self":[{"href":"https:\/\/harristweed-shop.be\/fr\/wp-json\/wp\/v2\/product\/535096","targetHints":{"allow":["GET"]}}],"collection":[{"href":"https:\/\/harristweed-shop.be\/fr\/wp-json\/wp\/v2\/product"}],"about":[{"href":"https:\/\/harristweed-shop.be\/fr\/wp-json\/wp\/v2\/types\/product"}],"wp:featuredmedia":[{"embeddable":true,"href":"https:\/\/harristweed-shop.be\/fr\/wp-json\/wp\/v2\/media\/535104"}],"wp:attachment":[{"href":"https:\/\/harristweed-shop.be\/fr\/wp-json\/wp\/v2\/media?parent=535096"}],"wp:term":[{"taxonomy":"product_brand","embeddable":true,"href":"https:\/\/harristweed-shop.be\/fr\/wp-json\/wp\/v2\/product_brand?post=535096"},{"taxonomy":"product_cat","embeddable":true,"href":"https:\/\/harristweed-shop.be\/fr\/wp-json\/wp\/v2\/product_cat?post=535096"},{"taxonomy":"product_tag","embeddable":true,"href":"https:\/\/harristweed-shop.be\/fr\/wp-json\/wp\/v2\/product_tag?post=535096"}],"curies":[{"name":"wp","href":"https:\/\/api.w.org\/{rel}","templated":true}]}}