{"id":535088,"date":"2025-01-24T15:03:20","date_gmt":"2025-01-24T15:03:20","guid":{"rendered":"https:\/\/harristweed-shop.be\/product\/barbour-jack-dark-sand\/"},"modified":"2026-04-11T14:05:40","modified_gmt":"2026-04-11T14:05:40","slug":"barbour-jack-dark-sand","status":"publish","type":"product","link":"https:\/\/harristweed-shop.be\/fr\/produit\/veste-barbour-sable-fonce\/","title":{"rendered":"Veste d\u00e9contract\u00e9e Barbour Sander sable fonc\u00e9"},"content":{"rendered":"<p>Profond\u00e9ment ancr\u00e9e dans notre h\u00e9ritage rural, la veste d\u00e9contract\u00e9e Barbour Sander s&#039;inspire de notre silhouette Sanderling d&#039;archives. Confectionn\u00e9e en coton d\u00e9contract\u00e9, elle a \u00e9t\u00e9 con\u00e7ue pour apporter praticit\u00e9 et authenticit\u00e9 intemporelle \u00e0 votre garde-robe country.<\/p>\n<p>Ext\u00e9rieur : 45% Coton, 38% Polyester, 17% Polyamide<br \/>\nGarniture : Cuir 100%<br \/>\nBroderie Barbour sur la poche avant et grand badge en cuir marron sur la nuque.<br \/>\nLongueur de l&#039;\u00e9chantillon : 72 cm<br \/>\nLavage en machine \u00e0 30\u00b0C<\/p>","protected":false},"excerpt":{"rendered":"<p>Veste d\u00e9contract\u00e9e Barbour Sander sable fonc\u00e9.<\/p>\n<p>Profond\u00e9ment enracin\u00e9e dans notre h\u00e9ritage national, la veste d\u00e9contract\u00e9e Barbour Sander s&#039;inspire de notre silhouette Sanderling d&#039;archive.<\/p>","protected":false},"featured_media":535095,"template":"","meta":[],"product_brand":[],"product_cat":[1107,1113,1112,530,87,482,531],"product_tag":[],"class_list":{"0":"post-535088","1":"product","2":"type-product","3":"status-publish","4":"has-post-thumbnail","6":"product_cat-barbour","7":"product_cat-barbour-heren-jassen","8":"product_cat-barbour-jassen","9":"product_cat-heren-jassen-en-jacks","10":"product_cat-jassen-en-jacks","11":"product_cat-mantel-und-jacken","12":"product_cat-mantel-und-jacken-fur-herren","13":"pa_merk-barbour","15":"first","16":"instock","17":"taxable","18":"shipping-taxable","19":"purchasable","20":"product-type-variable"},"df_price":249.95,"df_sale_price":"","df_regular_price":249.95,"df_image_link":"https:\/\/harristweed-shop.be\/wp-content\/uploads\/2025\/01\/1be5ca927f999c782ec23f0147207957_Barbour_Jack_Dark_Sand-225x300.jpeg","_links":{"self":[{"href":"https:\/\/harristweed-shop.be\/fr\/wp-json\/wp\/v2\/product\/535088","targetHints":{"allow":["GET"]}}],"collection":[{"href":"https:\/\/harristweed-shop.be\/fr\/wp-json\/wp\/v2\/product"}],"about":[{"href":"https:\/\/harristweed-shop.be\/fr\/wp-json\/wp\/v2\/types\/product"}],"wp:featuredmedia":[{"embeddable":true,"href":"https:\/\/harristweed-shop.be\/fr\/wp-json\/wp\/v2\/media\/535095"}],"wp:attachment":[{"href":"https:\/\/harristweed-shop.be\/fr\/wp-json\/wp\/v2\/media?parent=535088"}],"wp:term":[{"taxonomy":"product_brand","embeddable":true,"href":"https:\/\/harristweed-shop.be\/fr\/wp-json\/wp\/v2\/product_brand?post=535088"},{"taxonomy":"product_cat","embeddable":true,"href":"https:\/\/harristweed-shop.be\/fr\/wp-json\/wp\/v2\/product_cat?post=535088"},{"taxonomy":"product_tag","embeddable":true,"href":"https:\/\/harristweed-shop.be\/fr\/wp-json\/wp\/v2\/product_tag?post=535088"}],"curies":[{"name":"wp","href":"https:\/\/api.w.org\/{rel}","templated":true}]}}