{"id":535086,"date":"2025-01-24T14:47:21","date_gmt":"2025-01-24T14:47:21","guid":{"rendered":"https:\/\/harristweed-shop.be\/product\/barbour-tartan-full-length-umbrella\/"},"modified":"2026-04-08T04:10:38","modified_gmt":"2026-04-08T04:10:38","slug":"barbour-tartan-full-length-umbrella","status":"publish","type":"product","link":"https:\/\/harristweed-shop.be\/fr\/produit\/parapluie-pleine-longueur-barbour-tartan\/","title":{"rendered":"Parapluie Barbour Tartan pleine longueur"},"content":{"rendered":"<p>Ce parapluie Barbour arbore un \u00e9l\u00e9gant motif tartan, id\u00e9al pour ajouter une touche de nostalgie \u00e0 votre tenue du week-end. T\u00e9lescopique et dot\u00e9 d&#039;une poign\u00e9e en bois, il est facile \u00e0 manier m\u00eame sous la pluie.<\/p>\n<p>Mati\u00e8re ext\u00e9rieure : polyester 100%<br \/>\n\u00c9tiquette Barbour tiss\u00e9e \u00e0 l&#039;ext\u00e9rieur de la toile et de la housse du parasol<br \/>\n\u00c9tendue du tissu : 92 cm<br \/>\nNettoyer uniquement avec un chiffon humide.<\/p>","protected":false},"excerpt":{"rendered":"<p>Parapluie Barbour Tartan pleine longueur.<\/p>\n<p>Ce parapluie Barbour arbore un \u00e9l\u00e9gant motif tartan, parfait pour ajouter une touche de nostalgie \u00e0 votre tenue du week-end. <\/p>","protected":false},"featured_media":535087,"template":"","meta":[],"product_brand":[],"product_cat":[1107,1191,1118,899,638],"product_tag":[],"class_list":{"0":"post-535086","1":"product","2":"type-product","3":"status-publish","4":"has-post-thumbnail","6":"product_cat-barbour","7":"product_cat-barbour-accessoires","8":"product_cat-barbour-parapluies","9":"product_cat-geschenke","10":"product_cat-gifts","11":"pa_merk-barbour","13":"first","14":"instock","15":"taxable","16":"shipping-taxable","17":"purchasable","18":"product-type-simple"},"df_price":69.95,"df_sale_price":"","df_regular_price":69.95,"df_image_link":"https:\/\/harristweed-shop.be\/wp-content\/uploads\/2025\/01\/0fe6b0711a3393cd94e9eeeaa2d2560b_Barbour_Classic_Umbrella-225x300.jpeg","_links":{"self":[{"href":"https:\/\/harristweed-shop.be\/fr\/wp-json\/wp\/v2\/product\/535086","targetHints":{"allow":["GET"]}}],"collection":[{"href":"https:\/\/harristweed-shop.be\/fr\/wp-json\/wp\/v2\/product"}],"about":[{"href":"https:\/\/harristweed-shop.be\/fr\/wp-json\/wp\/v2\/types\/product"}],"wp:featuredmedia":[{"embeddable":true,"href":"https:\/\/harristweed-shop.be\/fr\/wp-json\/wp\/v2\/media\/535087"}],"wp:attachment":[{"href":"https:\/\/harristweed-shop.be\/fr\/wp-json\/wp\/v2\/media?parent=535086"}],"wp:term":[{"taxonomy":"product_brand","embeddable":true,"href":"https:\/\/harristweed-shop.be\/fr\/wp-json\/wp\/v2\/product_brand?post=535086"},{"taxonomy":"product_cat","embeddable":true,"href":"https:\/\/harristweed-shop.be\/fr\/wp-json\/wp\/v2\/product_cat?post=535086"},{"taxonomy":"product_tag","embeddable":true,"href":"https:\/\/harristweed-shop.be\/fr\/wp-json\/wp\/v2\/product_tag?post=535086"}],"curies":[{"name":"wp","href":"https:\/\/api.w.org\/{rel}","templated":true}]}}