{"id":535036,"date":"2025-01-22T10:42:27","date_gmt":"2025-01-22T10:42:27","guid":{"rendered":"https:\/\/harristweed-shop.be\/product\/barbour-torridon-tartan-holdall\/"},"modified":"2026-04-08T04:25:25","modified_gmt":"2026-04-08T04:25:25","slug":"barbour-torridon-tartan-holdall","status":"publish","type":"product","link":"https:\/\/harristweed-shop.be\/fr\/produit\/sac-fourre-tout-tartan-barbour-torridon\/","title":{"rendered":"Sac de voyage Barbour Torridon Tartan Classique Tartan"},"content":{"rendered":"<p>Confectionn\u00e9 dans un tissu r\u00e9sistant au motif tartan Barbour classique pour un look unique, ce sac fourre-tout est id\u00e9al pour un court s\u00e9jour. Dot\u00e9 d&#039;un grand compartiment principal et de poches ext\u00e9rieures et int\u00e9rieures zipp\u00e9es, il est orn\u00e9 d&#039;une \u00e9tiquette emboss\u00e9e sur le devant.<\/p>\n<p>Ext\u00e9rieur et int\u00e9rieur en polyester 100%<br \/>\nCompartiment principal zipp\u00e9<br \/>\nPoches zipp\u00e9es \u00e0 l&#039;ext\u00e9rieur et \u00e0 l&#039;int\u00e9rieur<br \/>\nBandouli\u00e8re amovible<br \/>\nBadge logo sur le devant<br \/>\nNettoyage \u00e0 l&#039;\u00e9ponge uniquement<\/p>","protected":false},"excerpt":{"rendered":"<p>Fourre-tout tartan Barbour Torridon.<\/p>\n<p>Fabriqu\u00e9 \u00e0 partir d&#039;un tissu durable avec un tartan Barbour classique pour un look remarquable, ce sac fourre-tout est id\u00e9al pour toute courte pause.<\/p>","protected":false},"featured_media":535037,"template":"","meta":[],"product_brand":[],"product_cat":[1107,1109,899,638,904,900,809,901,808,898],"product_tag":[],"class_list":{"0":"post-535036","1":"product","2":"type-product","3":"status-publish","4":"has-post-thumbnail","6":"product_cat-barbour","7":"product_cat-barbour-tassen","8":"product_cat-geschenke","9":"product_cat-gifts","10":"product_cat-handtaschen","11":"product_cat-reisetaschen","12":"product_cat-reistas","13":"product_cat-taschen","14":"product_cat-tassen","15":"product_cat-tassen-gifts","16":"pa_merk-barbour","18":"first","19":"instock","20":"taxable","21":"shipping-taxable","22":"purchasable","23":"product-type-simple"},"df_price":129.95,"df_sale_price":"","df_regular_price":129.95,"df_image_link":"https:\/\/harristweed-shop.be\/wp-content\/uploads\/2025\/01\/28d37f2169e019d8caa997e92331bcd6_Barbour_Torridon_Tartan_Holdall-300x300.jpeg","_links":{"self":[{"href":"https:\/\/harristweed-shop.be\/fr\/wp-json\/wp\/v2\/product\/535036","targetHints":{"allow":["GET"]}}],"collection":[{"href":"https:\/\/harristweed-shop.be\/fr\/wp-json\/wp\/v2\/product"}],"about":[{"href":"https:\/\/harristweed-shop.be\/fr\/wp-json\/wp\/v2\/types\/product"}],"wp:featuredmedia":[{"embeddable":true,"href":"https:\/\/harristweed-shop.be\/fr\/wp-json\/wp\/v2\/media\/535037"}],"wp:attachment":[{"href":"https:\/\/harristweed-shop.be\/fr\/wp-json\/wp\/v2\/media?parent=535036"}],"wp:term":[{"taxonomy":"product_brand","embeddable":true,"href":"https:\/\/harristweed-shop.be\/fr\/wp-json\/wp\/v2\/product_brand?post=535036"},{"taxonomy":"product_cat","embeddable":true,"href":"https:\/\/harristweed-shop.be\/fr\/wp-json\/wp\/v2\/product_cat?post=535036"},{"taxonomy":"product_tag","embeddable":true,"href":"https:\/\/harristweed-shop.be\/fr\/wp-json\/wp\/v2\/product_tag?post=535036"}],"curies":[{"name":"wp","href":"https:\/\/api.w.org\/{rel}","templated":true}]}}