{"id":535034,"date":"2025-01-22T10:27:19","date_gmt":"2025-01-22T10:27:19","guid":{"rendered":"https:\/\/harristweed-shop.be\/product\/barbour-cascade-sports-true-pink\/"},"modified":"2026-04-08T04:25:26","modified_gmt":"2026-04-08T04:25:26","slug":"barbour-cascade-sports-true-pink","status":"publish","type":"product","link":"https:\/\/harristweed-shop.be\/fr\/produit\/barbour-cascade-sports-true-pink\/","title":{"rendered":"Barbour Cascade Sports True Pink"},"content":{"rendered":"<p>Cette casquette essentielle est confectionn\u00e9e et doubl\u00e9e en pur coton. Elle est orn\u00e9e d&#039;un logo Barbour et d&#039;un \u00e9cusson brod\u00e9s sur le devant. Une sangle arri\u00e8re r\u00e9glable assure un confort optimal.<\/p>\n<p>Mat\u00e9riau sup\u00e9rieur : 100% Baumwolle<br \/>\nEmbl\u00e8me du logo sur la Vorderseite<br \/>\nMetallschieber mit Logodruck on der R\u00fcckseite<br \/>\nReinigung nur mit einem feuchten Tuch<\/p>","protected":false},"excerpt":{"rendered":"<p>Cette casquette essentielle est confectionn\u00e9e et doubl\u00e9e en pur coton. Elle est orn\u00e9e d&#039;un logo Barbour et d&#039;un \u00e9cusson brod\u00e9s sur le devant. Une sangle arri\u00e8re r\u00e9glable assure un confort optimal.<\/p>","protected":false},"featured_media":535489,"template":"","meta":[],"product_brand":[],"product_cat":[866,542,83,877,885,867],"product_tag":[],"class_list":{"0":"post-535034","1":"product","2":"type-product","3":"status-publish","4":"has-post-thumbnail","6":"product_cat-hoeden-2","7":"product_cat-hute-und-caps","8":"product_cat-petten-en-caps","9":"product_cat-wachs-baseballmutze","10":"product_cat-wax-baseball-caps","11":"product_cat-wax-hoeden","12":"pa_merk-barbour","14":"first","15":"instock","16":"taxable","17":"shipping-taxable","18":"purchasable","19":"product-type-simple"},"df_price":39.95,"df_sale_price":"","df_regular_price":39.95,"df_image_link":"https:\/\/harristweed-shop.be\/wp-content\/uploads\/2025\/01\/d0612d0e5a53449c2fe1a79482fb4856_Barbour_Cascade_Sports_True_Pink-225x300.jpeg","_links":{"self":[{"href":"https:\/\/harristweed-shop.be\/fr\/wp-json\/wp\/v2\/product\/535034","targetHints":{"allow":["GET"]}}],"collection":[{"href":"https:\/\/harristweed-shop.be\/fr\/wp-json\/wp\/v2\/product"}],"about":[{"href":"https:\/\/harristweed-shop.be\/fr\/wp-json\/wp\/v2\/types\/product"}],"wp:featuredmedia":[{"embeddable":true,"href":"https:\/\/harristweed-shop.be\/fr\/wp-json\/wp\/v2\/media\/535489"}],"wp:attachment":[{"href":"https:\/\/harristweed-shop.be\/fr\/wp-json\/wp\/v2\/media?parent=535034"}],"wp:term":[{"taxonomy":"product_brand","embeddable":true,"href":"https:\/\/harristweed-shop.be\/fr\/wp-json\/wp\/v2\/product_brand?post=535034"},{"taxonomy":"product_cat","embeddable":true,"href":"https:\/\/harristweed-shop.be\/fr\/wp-json\/wp\/v2\/product_cat?post=535034"},{"taxonomy":"product_tag","embeddable":true,"href":"https:\/\/harristweed-shop.be\/fr\/wp-json\/wp\/v2\/product_tag?post=535034"}],"curies":[{"name":"wp","href":"https:\/\/api.w.org\/{rel}","templated":true}]}}