{"id":535029,"date":"2025-01-22T10:27:16","date_gmt":"2025-01-22T10:27:16","guid":{"rendered":"https:\/\/harristweed-shop.be\/product\/barbour-cascade-sports-cap-navy\/"},"modified":"2026-04-08T04:25:26","modified_gmt":"2026-04-08T04:25:26","slug":"barbour-cascade-sports-cap-navy","status":"publish","type":"product","link":"https:\/\/harristweed-shop.be\/fr\/produit\/casquette-de-sport-barbour-cascade-bleu-marine\/","title":{"rendered":"Casquette de sport Barbour Cascade bleu marine"},"content":{"rendered":"<p>Cette casquette essentielle est confectionn\u00e9e et doubl\u00e9e en pur coton. Elle est orn\u00e9e d&#039;un logo Barbour et d&#039;un \u00e9cusson brod\u00e9s sur le devant. Une sangle arri\u00e8re r\u00e9glable assure un confort optimal.<\/p>\n<p>Ext\u00e9rieur principal : coton 100%<br \/>\nDoublure : Coton 100%<br \/>\n\u00c9cusson Barbour brod\u00e9 au centre devant. Curseur m\u00e9tallique Barbour au dos.<br \/>\nNettoyage \u00e0 l&#039;\u00e9ponge uniquement<\/p>","protected":false},"excerpt":{"rendered":"<p>Casquette de sport Barbour Cascade Bleu marine.<\/p>\n<p>Cette casquette essentielle est fabriqu\u00e9e et doubl\u00e9e en pur coton et simplement d\u00e9taill\u00e9e avec un logo Barbour brod\u00e9 et un bouclier sur le devant ext\u00e9rieur.<\/p>","protected":false},"featured_media":535030,"template":"","meta":[],"product_brand":[],"product_cat":[1107,1116,866,542,83,877,885,867],"product_tag":[],"class_list":{"0":"post-535029","1":"product","2":"type-product","3":"status-publish","4":"has-post-thumbnail","6":"product_cat-barbour","7":"product_cat-barbour-hoeden-petten-en-caps","8":"product_cat-hoeden-2","9":"product_cat-hute-und-caps","10":"product_cat-petten-en-caps","11":"product_cat-wachs-baseballmutze","12":"product_cat-wax-baseball-caps","13":"product_cat-wax-hoeden","14":"pa_merk-barbour","16":"first","17":"outofstock","18":"taxable","19":"shipping-taxable","20":"purchasable","21":"product-type-simple"},"df_price":39.95,"df_sale_price":"","df_regular_price":39.95,"df_image_link":"https:\/\/harristweed-shop.be\/wp-content\/uploads\/2025\/01\/f0b1b1962b927e22e57398369bf3260e_Barbour_Cascade_Sports_Cap_Navy-225x300.jpeg","_links":{"self":[{"href":"https:\/\/harristweed-shop.be\/fr\/wp-json\/wp\/v2\/product\/535029","targetHints":{"allow":["GET"]}}],"collection":[{"href":"https:\/\/harristweed-shop.be\/fr\/wp-json\/wp\/v2\/product"}],"about":[{"href":"https:\/\/harristweed-shop.be\/fr\/wp-json\/wp\/v2\/types\/product"}],"wp:featuredmedia":[{"embeddable":true,"href":"https:\/\/harristweed-shop.be\/fr\/wp-json\/wp\/v2\/media\/535030"}],"wp:attachment":[{"href":"https:\/\/harristweed-shop.be\/fr\/wp-json\/wp\/v2\/media?parent=535029"}],"wp:term":[{"taxonomy":"product_brand","embeddable":true,"href":"https:\/\/harristweed-shop.be\/fr\/wp-json\/wp\/v2\/product_brand?post=535029"},{"taxonomy":"product_cat","embeddable":true,"href":"https:\/\/harristweed-shop.be\/fr\/wp-json\/wp\/v2\/product_cat?post=535029"},{"taxonomy":"product_tag","embeddable":true,"href":"https:\/\/harristweed-shop.be\/fr\/wp-json\/wp\/v2\/product_tag?post=535029"}],"curies":[{"name":"wp","href":"https:\/\/api.w.org\/{rel}","templated":true}]}}