{"id":535012,"date":"2025-01-22T10:02:23","date_gmt":"2025-01-22T10:02:23","guid":{"rendered":"https:\/\/harristweed-shop.be\/product\/barbour-wax-cap-navy\/"},"modified":"2026-04-08T04:25:27","modified_gmt":"2026-04-08T04:25:27","slug":"barbour-wax-cap-navy","status":"publish","type":"product","link":"https:\/\/harristweed-shop.be\/fr\/produit\/casquette-ciree-barbour-bleu-marine\/","title":{"rendered":"Casquette cir\u00e9e Barbour bleu marine"},"content":{"rendered":"<p>La casquette Wax Sports est une casquette \u00e0 visi\u00e8re classique issue de la collection Sports Homme. Fabriqu\u00e9e en coton cir\u00e9 traditionnel Barbour, elle est dot\u00e9e d&#039;une doublure en coton tartan, d&#039;une boucle en laiton et d&#039;une sangle arri\u00e8re r\u00e9glable.<\/p>\n<p>Ext\u00e9rieur principal : coton 100% (cir\u00e9)<br \/>\nDoublure : Polyester 100%<br \/>\nR\u00e9sistant \u00e0 l&#039;eau<br \/>\nBroderie Barbour ton sur ton sur le c\u00f4t\u00e9 droit, \u00e9tiquette drapeau tiss\u00e9e et curseur de marque Barbour<br \/>\nLongueur du pic : 7 cm<br \/>\nNettoyage \u00e0 l&#039;\u00e9ponge uniquement<\/p>","protected":false},"excerpt":{"rendered":"<p>Casquette Barbour Wax Bleu Marine.<\/p>\n<p>Fabriqu\u00e9 en coton cir\u00e9 traditionnel Barbour avec une doublure en coton tartan et une boucle en laiton et une sangle arri\u00e8re r\u00e9glable.<\/p>","protected":false},"featured_media":535013,"template":"","meta":[],"product_brand":[],"product_cat":[1107,1116,866,542,83,877,885,867],"product_tag":[],"class_list":{"0":"post-535012","1":"product","2":"type-product","3":"status-publish","4":"has-post-thumbnail","6":"product_cat-barbour","7":"product_cat-barbour-hoeden-petten-en-caps","8":"product_cat-hoeden-2","9":"product_cat-hute-und-caps","10":"product_cat-petten-en-caps","11":"product_cat-wachs-baseballmutze","12":"product_cat-wax-baseball-caps","13":"product_cat-wax-hoeden","14":"pa_merk-barbour","16":"first","17":"instock","18":"taxable","19":"shipping-taxable","20":"purchasable","21":"product-type-simple"},"df_price":59.95,"df_sale_price":"","df_regular_price":59.95,"df_image_link":"https:\/\/harristweed-shop.be\/wp-content\/uploads\/2025\/01\/0ef0a541edcb9d20016e7100c5d5e38b_Barbour_Wax_Cap_Navy-225x300.jpeg","_links":{"self":[{"href":"https:\/\/harristweed-shop.be\/fr\/wp-json\/wp\/v2\/product\/535012","targetHints":{"allow":["GET"]}}],"collection":[{"href":"https:\/\/harristweed-shop.be\/fr\/wp-json\/wp\/v2\/product"}],"about":[{"href":"https:\/\/harristweed-shop.be\/fr\/wp-json\/wp\/v2\/types\/product"}],"wp:featuredmedia":[{"embeddable":true,"href":"https:\/\/harristweed-shop.be\/fr\/wp-json\/wp\/v2\/media\/535013"}],"wp:attachment":[{"href":"https:\/\/harristweed-shop.be\/fr\/wp-json\/wp\/v2\/media?parent=535012"}],"wp:term":[{"taxonomy":"product_brand","embeddable":true,"href":"https:\/\/harristweed-shop.be\/fr\/wp-json\/wp\/v2\/product_brand?post=535012"},{"taxonomy":"product_cat","embeddable":true,"href":"https:\/\/harristweed-shop.be\/fr\/wp-json\/wp\/v2\/product_cat?post=535012"},{"taxonomy":"product_tag","embeddable":true,"href":"https:\/\/harristweed-shop.be\/fr\/wp-json\/wp\/v2\/product_tag?post=535012"}],"curies":[{"name":"wp","href":"https:\/\/api.w.org\/{rel}","templated":true}]}}