{"id":535006,"date":"2025-01-22T09:52:22","date_gmt":"2025-01-22T09:52:22","guid":{"rendered":"https:\/\/harristweed-shop.be\/product\/barbour-wax-sports-cap-black\/"},"modified":"2026-04-08T04:40:15","modified_gmt":"2026-04-08T04:40:15","slug":"barbour-wax-sports-cap-black","status":"publish","type":"product","link":"https:\/\/harristweed-shop.be\/fr\/produit\/casquette-barbour-wax-sport-noire\/","title":{"rendered":"Casquette de sport cir\u00e9e Barbour noire"},"content":{"rendered":"<p>La casquette Wax Sports est une casquette \u00e0 visi\u00e8re classique en coton cir\u00e9 traditionnel Barbour, avec une doublure en coton tartan, une boucle en laiton et une sangle arri\u00e8re r\u00e9glable. Disponible en six coloris de la collection Sporting pour homme.<\/p>\n<p>Ext\u00e9rieur principal : coton 100% (cir\u00e9)<br \/>\nDoublure : Polyester 100%<br \/>\nR\u00e9sistant \u00e0 l&#039;eau<br \/>\nBroderie Barbour ton sur ton sur le c\u00f4t\u00e9 droit, \u00e9tiquette drapeau tiss\u00e9e et curseur de marque Barbour<br \/>\nLongueur du pic : 7 cm<br \/>\nNettoyage \u00e0 l&#039;\u00e9ponge uniquement<\/p>","protected":false},"excerpt":{"rendered":"<p>Casquette de sport Barbour Wax noire.<\/p>\n<p>La casquette Wax Sports Cap est une casquette classique \u00e0 visi\u00e8re fabriqu\u00e9e en coton cir\u00e9 Barbour traditionnel avec une doublure en tartan de coton, une boucle en laiton et une sangle r\u00e9glable \u00e0 l&#039;arri\u00e8re. <\/p>","protected":false},"featured_media":535007,"template":"","meta":[],"product_brand":[],"product_cat":[1107,1191,1116,542,83,877,885],"product_tag":[],"class_list":{"0":"post-535006","1":"product","2":"type-product","3":"status-publish","4":"has-post-thumbnail","6":"product_cat-barbour","7":"product_cat-barbour-accessoires","8":"product_cat-barbour-hoeden-petten-en-caps","9":"product_cat-hute-und-caps","10":"product_cat-petten-en-caps","11":"product_cat-wachs-baseballmutze","12":"product_cat-wax-baseball-caps","13":"pa_merk-barbour","15":"first","16":"outofstock","17":"taxable","18":"shipping-taxable","19":"purchasable","20":"product-type-simple"},"df_price":49.95,"df_sale_price":"","df_regular_price":49.95,"df_image_link":"https:\/\/harristweed-shop.be\/wp-content\/uploads\/2025\/01\/5c6263bc042f8f176a073434b325cb87_Barbour_Wax_Sports_Cap_Black-225x300.jpeg","_links":{"self":[{"href":"https:\/\/harristweed-shop.be\/fr\/wp-json\/wp\/v2\/product\/535006","targetHints":{"allow":["GET"]}}],"collection":[{"href":"https:\/\/harristweed-shop.be\/fr\/wp-json\/wp\/v2\/product"}],"about":[{"href":"https:\/\/harristweed-shop.be\/fr\/wp-json\/wp\/v2\/types\/product"}],"wp:featuredmedia":[{"embeddable":true,"href":"https:\/\/harristweed-shop.be\/fr\/wp-json\/wp\/v2\/media\/535007"}],"wp:attachment":[{"href":"https:\/\/harristweed-shop.be\/fr\/wp-json\/wp\/v2\/media?parent=535006"}],"wp:term":[{"taxonomy":"product_brand","embeddable":true,"href":"https:\/\/harristweed-shop.be\/fr\/wp-json\/wp\/v2\/product_brand?post=535006"},{"taxonomy":"product_cat","embeddable":true,"href":"https:\/\/harristweed-shop.be\/fr\/wp-json\/wp\/v2\/product_cat?post=535006"},{"taxonomy":"product_tag","embeddable":true,"href":"https:\/\/harristweed-shop.be\/fr\/wp-json\/wp\/v2\/product_tag?post=535006"}],"curies":[{"name":"wp","href":"https:\/\/api.w.org\/{rel}","templated":true}]}}