{"id":534999,"date":"2025-01-22T08:37:23","date_gmt":"2025-01-22T08:37:23","guid":{"rendered":"https:\/\/harristweed-shop.be\/product\/barbour-tartan-trimmed-slip-lead\/"},"modified":"2026-04-08T04:40:15","modified_gmt":"2026-04-08T04:40:15","slug":"barbour-tartan-trimmed-slip-lead","status":"publish","type":"product","link":"https:\/\/harristweed-shop.be\/fr\/produit\/laisse-coulissante-barbour-garnie-de-tartan\/","title":{"rendered":"Laisse coulissante Barbour \u00e0 bordure tartan"},"content":{"rendered":"<p>Cette laisse coulissante essentielle est dot\u00e9e d&#039;une section de poign\u00e9e Barbour Tartan et d&#039;un badge logo en cuir gaufr\u00e9.<\/p>\n<p>Ext\u00e9rieur principal : coton 100%<br \/>\nBadge avec logo de marque en relief \u00e0 l&#039;ext\u00e9rieur<br \/>\nLargeur : 1,2 cm, longueur : 150 cm<br \/>\nNe pas laver<br \/>\nNettoyage \u00e0 l&#039;\u00e9ponge uniquement<\/p>","protected":false},"excerpt":{"rendered":"<p>Laisse coulissante Barbour avec bordure en tartan.<\/p>\n<p>Cette laisse coulissante essentielle est dot\u00e9e d&#039;une section de poign\u00e9e Barbour Tartan et d&#039;un badge logo en cuir gaufr\u00e9.<\/p>","protected":false},"featured_media":535000,"template":"","meta":[],"product_brand":[],"product_cat":[1107,1117,899,638,639],"product_tag":[],"class_list":{"0":"post-534999","1":"product","2":"type-product","3":"status-publish","4":"has-post-thumbnail","6":"product_cat-barbour","7":"product_cat-barbour-honden-accessoires","8":"product_cat-geschenke","9":"product_cat-gifts","10":"product_cat-hondenkussens","11":"pa_merk-barbour","13":"first","14":"outofstock","15":"taxable","16":"shipping-taxable","17":"purchasable","18":"product-type-simple"},"df_price":49.95,"df_sale_price":"","df_regular_price":49.95,"df_image_link":"https:\/\/harristweed-shop.be\/wp-content\/uploads\/2025\/01\/d15dabb611532eb7974c55fdfa2cee02_Barbour_Tartan_Trimmed_Slip_Lead-225x300.jpeg","_links":{"self":[{"href":"https:\/\/harristweed-shop.be\/fr\/wp-json\/wp\/v2\/product\/534999","targetHints":{"allow":["GET"]}}],"collection":[{"href":"https:\/\/harristweed-shop.be\/fr\/wp-json\/wp\/v2\/product"}],"about":[{"href":"https:\/\/harristweed-shop.be\/fr\/wp-json\/wp\/v2\/types\/product"}],"wp:featuredmedia":[{"embeddable":true,"href":"https:\/\/harristweed-shop.be\/fr\/wp-json\/wp\/v2\/media\/535000"}],"wp:attachment":[{"href":"https:\/\/harristweed-shop.be\/fr\/wp-json\/wp\/v2\/media?parent=534999"}],"wp:term":[{"taxonomy":"product_brand","embeddable":true,"href":"https:\/\/harristweed-shop.be\/fr\/wp-json\/wp\/v2\/product_brand?post=534999"},{"taxonomy":"product_cat","embeddable":true,"href":"https:\/\/harristweed-shop.be\/fr\/wp-json\/wp\/v2\/product_cat?post=534999"},{"taxonomy":"product_tag","embeddable":true,"href":"https:\/\/harristweed-shop.be\/fr\/wp-json\/wp\/v2\/product_tag?post=534999"}],"curies":[{"name":"wp","href":"https:\/\/api.w.org\/{rel}","templated":true}]}}