{"id":534978,"date":"2025-01-20T19:32:30","date_gmt":"2025-01-20T19:32:30","guid":{"rendered":"https:\/\/harristweed-shop.be\/product\/france-rugby-t-shirt-1997-2\/"},"modified":"2026-05-05T04:30:08","modified_gmt":"2026-05-05T04:30:08","slug":"france-rugby-t-shirt-1997-2","status":"publish","type":"product","link":"https:\/\/harristweed-shop.be\/fr\/produit\/t-shirt-de-rugby-france-1997-2\/","title":{"rendered":"T-shirt France Rugby 1997"},"content":{"rendered":"<p>T-shirt France Rugby 1977<\/p>\n<p>Une ann\u00e9e glorieuse pour l&#039;\u00e9quipe de France<\/p>\n<p>Le t-shirt de rugby fran\u00e7ais 1977 comm\u00e9more un moment historique du rugby. En 1977, l&#039;\u00e9quipe de France de rugby a atteint un sommet en remportant le Tournoi des Cinq Nations. Elle a \u00e9galement remport\u00e9 le tr\u00e8s convoit\u00e9 Grand Chelem. C&#039;\u00e9tait seulement la deuxi\u00e8me fois que la France accomplissait un tel exploit. Jacques Fouroux, surnomm\u00e9 \u00ab Le Petit Caporal \u00bb, \u00e9tait capitaine de l&#039;\u00e9quipe lors de sa derni\u00e8re saison. De plus, le Grand Chelem de 1977 \u00e9tait unique\u00a0: la France a disput\u00e9 les quatre matchs avec les m\u00eames 15 joueurs.<\/p>\n<p>Des performances imbattables<\/p>\n<p>La domination de la France lors du championnat de 1977 fut extraordinaire. Elle n&#039;encaissa aucun essai tout au long du tournoi. De plus, elle fit preuve d&#039;un travail d&#039;\u00e9quipe et d&#039;une r\u00e9silience irr\u00e9prochables. Des joueurs cl\u00e9s comme Jean-Pierre Bastiat, Jean-Pierre Rives et Jean-Claude Skrela form\u00e8rent une formidable troisi\u00e8me ligne. Leur synergie sur le terrain devint par la suite une marque d&#039;excellence du rugby fran\u00e7ais.<\/p>\n<p>Matchs m\u00e9morables<\/p>\n<p>Le championnat s&#039;est achev\u00e9 par une victoire embl\u00e9matique contre l&#039;Irlande \u00e0 Lansdowne Road. L&#039;essai de Jean-Pierre Bastiat en deuxi\u00e8me mi-temps s&#039;est ensuite av\u00e9r\u00e9 d\u00e9cisif dans la victoire 15-6. Les Bleus ont ainsi c\u00e9l\u00e9br\u00e9 leur Grand Chelem avec un style et une unit\u00e9 in\u00e9gal\u00e9s. Cet exploit reste in\u00e9gal\u00e9, car aucune autre \u00e9quipe n&#039;a jamais remport\u00e9 le Grand Chelem avec les m\u00eames 15 joueurs \u00e0 chaque match.<\/p>\n<p>Le T-shirt Ellis Rugby France Rugby 1977 Design<\/p>\n<p>Ellis Rugby a captur\u00e9 l&#039;essence m\u00eame de cette \u00e9quipe l\u00e9gendaire avec le t-shirt France Rugby 1977. Ce maillot bleu roi arbore une typographie fran\u00e7aise authentique en flocage. Il arbore fi\u00e8rement le drapeau tricolore fran\u00e7ais et un coq gaulois r\u00e9tro. Outre son style \u00e9l\u00e9gant, le maillot arbore l&#039;\u00e9cusson Ellis Rugby en bleu marine appliqu\u00e9 sur une manche. L&#039;autre manche arbore le drapeau tricolore fran\u00e7ais vintage\u00a0: bleu marine profond, blanc cass\u00e9 et rouge fonc\u00e9. Une \u00e9tiquette tiss\u00e9e pr\u00e8s de l&#039;ourlet ajoute une touche d&#039;\u00e9l\u00e9gance.<\/p>","protected":false},"excerpt":{"rendered":"<p>Le t-shirt France Rugby 1977 comm\u00e9more un moment historique du rugby. En 1977, l&#039;\u00e9quipe de France de rugby a atteint un sommet en remportant le Tournoi des Cinq Nations. Elle a \u00e9galement remport\u00e9 le tr\u00e8s convoit\u00e9 Grand Chelem. C&#039;\u00e9tait seulement la deuxi\u00e8me fois que la France accomplissait un tel exploit. Jacques Fouroux, surnomm\u00e9 \u00ab Le Petit Caporal \u00bb, \u00e9tait capitaine de l&#039;\u00e9quipe lors de sa derni\u00e8re saison. De plus, le Grand Chelem de 1977 \u00e9tait unique\u00a0: la France a disput\u00e9 les quatre matchs avec les m\u00eames 15 joueurs.<\/p>","protected":false},"featured_media":534986,"template":"","meta":[],"product_brand":[],"product_cat":[965,394,1145,955,569,905,555],"product_tag":[],"class_list":{"0":"post-534978","1":"product","2":"type-product","3":"status-publish","4":"has-post-thumbnail","6":"product_cat-france-shop-by-country-club","7":"product_cat-rugby-shirts-2","8":"product_cat-rugby-t-shirts","9":"product_cat-shop-by-country-club","10":"product_cat-six-nations-vintage-rugby-shirts","11":"product_cat-t-shirts-rugby-shirts-2","12":"product_cat-vintage-rugby-shirts","13":"pa_merk-ellis-rugby","15":"first","16":"instock","17":"taxable","18":"shipping-taxable","19":"purchasable","20":"product-type-variable"},"df_price":39.95,"df_sale_price":"","df_regular_price":39.95,"df_image_link":"https:\/\/harristweed-shop.be\/wp-content\/uploads\/2025\/01\/318b2d2af3cdb004654c3f5bcdb73994_France_Rugby_T_Shirt_1997_5-300x300.jpeg","_links":{"self":[{"href":"https:\/\/harristweed-shop.be\/fr\/wp-json\/wp\/v2\/product\/534978","targetHints":{"allow":["GET"]}}],"collection":[{"href":"https:\/\/harristweed-shop.be\/fr\/wp-json\/wp\/v2\/product"}],"about":[{"href":"https:\/\/harristweed-shop.be\/fr\/wp-json\/wp\/v2\/types\/product"}],"wp:featuredmedia":[{"embeddable":true,"href":"https:\/\/harristweed-shop.be\/fr\/wp-json\/wp\/v2\/media\/534986"}],"wp:attachment":[{"href":"https:\/\/harristweed-shop.be\/fr\/wp-json\/wp\/v2\/media?parent=534978"}],"wp:term":[{"taxonomy":"product_brand","embeddable":true,"href":"https:\/\/harristweed-shop.be\/fr\/wp-json\/wp\/v2\/product_brand?post=534978"},{"taxonomy":"product_cat","embeddable":true,"href":"https:\/\/harristweed-shop.be\/fr\/wp-json\/wp\/v2\/product_cat?post=534978"},{"taxonomy":"product_tag","embeddable":true,"href":"https:\/\/harristweed-shop.be\/fr\/wp-json\/wp\/v2\/product_tag?post=534978"}],"curies":[{"name":"wp","href":"https:\/\/api.w.org\/{rel}","templated":true}]}}