{"id":534876,"date":"2025-01-15T14:02:30","date_gmt":"2025-01-15T14:02:30","guid":{"rendered":"https:\/\/harristweed-shop.be\/product\/italia-rugby-cap-1988\/"},"modified":"2026-05-05T04:30:00","modified_gmt":"2026-05-05T04:30:00","slug":"italia-rugby-cap-1988","status":"publish","type":"product","link":"https:\/\/harristweed-shop.be\/fr\/produit\/casquette-de-rugby-italie-1988\/","title":{"rendered":"Casquette de rugby Italie 1988"},"content":{"rendered":"<p>La casquette Italie Rugby 1988 occupe une place particuli\u00e8re dans le c\u0153ur des supporters italiens. Inspir\u00e9e des performances exceptionnelles de l&#039;\u00e9quipe d&#039;Italie de rugby en 1988, elle comm\u00e9more le talent, la d\u00e9termination et les moments inoubliables qui ont marqu\u00e9 l&#039;\u00e9quipe cette ann\u00e9e-l\u00e0. Confectionn\u00e9e en coton biologique 100%, la casquette Italie Rugby 1988 incarne durabilit\u00e9 et style. De plus, son tissu en coton doux au toucher et son \u00e9cusson brod\u00e9 avec soin incarnent l&#039;\u00e9l\u00e9gance et la fiert\u00e9 du rugby italien. Les supporters du monde entier ch\u00e9rissent cette casquette, hommage \u00e0 une \u00e9quipe qui a fait preuve d&#039;une v\u00e9ritable r\u00e9silience.<\/p>","protected":false},"excerpt":{"rendered":"<p>La casquette Italie Rugby 1988 occupe une place particuli\u00e8re dans le c\u0153ur des supporters italiens. Inspir\u00e9e des performances exceptionnelles de l&#039;\u00e9quipe d&#039;Italie de rugby en 1988, elle comm\u00e9more le talent, la d\u00e9termination et les moments inoubliables qui ont marqu\u00e9 l&#039;\u00e9quipe cette ann\u00e9e-l\u00e0. Confectionn\u00e9e en coton biologique 100%, la casquette Italie Rugby 1988 incarne durabilit\u00e9 et style. De plus, son tissu en coton doux au toucher et son \u00e9cusson brod\u00e9 avec soin incarnent l&#039;\u00e9l\u00e9gance et la fiert\u00e9 du rugby italien. Les supporters du monde entier ch\u00e9rissent cette casquette, hommage \u00e0 une \u00e9quipe qui a fait preuve d&#039;une v\u00e9ritable r\u00e9silience.<\/p>","protected":false},"featured_media":534877,"template":"","meta":[],"product_brand":[],"product_cat":[972,83,423,955,569,555],"product_tag":[],"class_list":{"0":"post-534876","1":"product","2":"type-product","3":"status-publish","4":"has-post-thumbnail","6":"product_cat-italy-shop-by-country-club","7":"product_cat-petten-en-caps","8":"product_cat-rugby-caps","9":"product_cat-shop-by-country-club","10":"product_cat-six-nations-vintage-rugby-shirts","11":"product_cat-vintage-rugby-shirts","12":"pa_merk-ellis-rugby","14":"first","15":"instock","16":"taxable","17":"shipping-taxable","18":"purchasable","19":"product-type-simple"},"df_price":29.95,"df_sale_price":"","df_regular_price":29.95,"df_image_link":"https:\/\/harristweed-shop.be\/wp-content\/uploads\/2025\/01\/2a4bf596681579fcc15a6a570a0943ad_Italia_Rugby_Cap_1988-300x300.jpeg","_links":{"self":[{"href":"https:\/\/harristweed-shop.be\/fr\/wp-json\/wp\/v2\/product\/534876","targetHints":{"allow":["GET"]}}],"collection":[{"href":"https:\/\/harristweed-shop.be\/fr\/wp-json\/wp\/v2\/product"}],"about":[{"href":"https:\/\/harristweed-shop.be\/fr\/wp-json\/wp\/v2\/types\/product"}],"wp:featuredmedia":[{"embeddable":true,"href":"https:\/\/harristweed-shop.be\/fr\/wp-json\/wp\/v2\/media\/534877"}],"wp:attachment":[{"href":"https:\/\/harristweed-shop.be\/fr\/wp-json\/wp\/v2\/media?parent=534876"}],"wp:term":[{"taxonomy":"product_brand","embeddable":true,"href":"https:\/\/harristweed-shop.be\/fr\/wp-json\/wp\/v2\/product_brand?post=534876"},{"taxonomy":"product_cat","embeddable":true,"href":"https:\/\/harristweed-shop.be\/fr\/wp-json\/wp\/v2\/product_cat?post=534876"},{"taxonomy":"product_tag","embeddable":true,"href":"https:\/\/harristweed-shop.be\/fr\/wp-json\/wp\/v2\/product_tag?post=534876"}],"curies":[{"name":"wp","href":"https:\/\/api.w.org\/{rel}","templated":true}]}}