{"id":534600,"date":"2024-12-19T15:52:26","date_gmt":"2024-12-19T15:52:26","guid":{"rendered":"https:\/\/harristweed-shop.be\/product\/barbour-torridon-tartan-backpack\/"},"modified":"2026-03-11T02:12:00","modified_gmt":"2026-03-11T02:12:00","slug":"barbour-torridon-tartan-backpack","status":"publish","type":"product","link":"https:\/\/harristweed-shop.be\/fr\/produit\/sac-a-dos-barbour-torridon-tartan\/","title":{"rendered":"Sac \u00e0 dos Barbour Torridon Tartan"},"content":{"rendered":"<p>Id\u00e9al pour les aventures les mains libres, le sac \u00e0 dos Barbour Torridon Tartan offre un espace g\u00e9n\u00e9reux pour tous vos essentiels. Ce mod\u00e8le classique est dot\u00e9 de trois compartiments ext\u00e9rieurs pour garder vos petits objets \u00e0 port\u00e9e de main. Dot\u00e9 de bretelles rembourr\u00e9es, d&#039;une poign\u00e9e en toile et d&#039;une sangle pour bagage, il est id\u00e9al au quotidien.<\/p>\n<p>Tissu principal : 100% Polyester<br \/>\nBadge en similicuir gaufr\u00e9 sur le devant ext\u00e9rieur.<br \/>\nHauteur : 41 cm, Largeur : 26,5 cm, Profondeur : 15,5 cm<br \/>\nNettoyage \u00e0 l&#039;\u00e9ponge uniquement<\/p>","protected":false},"excerpt":{"rendered":"<p>Id\u00e9al pour les aventures les mains libres, le sac \u00e0 dos Barbour Torridon Tartan offre un espace g\u00e9n\u00e9reux pour tous vos essentiels. Ce mod\u00e8le classique est dot\u00e9 de trois compartiments ext\u00e9rieurs pour garder vos petits objets \u00e0 port\u00e9e de main. Dot\u00e9 de bretelles rembourr\u00e9es, d&#039;une poign\u00e9e en toile et d&#039;une sangle pour bagage, il est id\u00e9al au quotidien.<\/p>","protected":false},"featured_media":534610,"template":"","meta":[],"product_brand":[],"product_cat":[1107,1109,899,638,904,900,809,901,898,808],"product_tag":[],"class_list":{"0":"post-534600","1":"product","2":"type-product","3":"status-publish","4":"has-post-thumbnail","6":"product_cat-barbour","7":"product_cat-barbour-tassen","8":"product_cat-geschenke","9":"product_cat-gifts","10":"product_cat-handtaschen","11":"product_cat-reisetaschen","12":"product_cat-reistas","13":"product_cat-taschen","14":"product_cat-tassen-gifts","15":"product_cat-tassen","16":"pa_merk-barbour","18":"first","19":"outofstock","20":"taxable","21":"shipping-taxable","22":"purchasable","23":"product-type-simple"},"df_price":109.95,"df_sale_price":"","df_regular_price":109.95,"df_image_link":"https:\/\/harristweed-shop.be\/wp-content\/uploads\/2024\/12\/112be5ca9a2bb05cc2e0cfcd272223df_Barbour_Torridon_Tartan_Backpack-300x300.jpeg","_links":{"self":[{"href":"https:\/\/harristweed-shop.be\/fr\/wp-json\/wp\/v2\/product\/534600","targetHints":{"allow":["GET"]}}],"collection":[{"href":"https:\/\/harristweed-shop.be\/fr\/wp-json\/wp\/v2\/product"}],"about":[{"href":"https:\/\/harristweed-shop.be\/fr\/wp-json\/wp\/v2\/types\/product"}],"wp:featuredmedia":[{"embeddable":true,"href":"https:\/\/harristweed-shop.be\/fr\/wp-json\/wp\/v2\/media\/534610"}],"wp:attachment":[{"href":"https:\/\/harristweed-shop.be\/fr\/wp-json\/wp\/v2\/media?parent=534600"}],"wp:term":[{"taxonomy":"product_brand","embeddable":true,"href":"https:\/\/harristweed-shop.be\/fr\/wp-json\/wp\/v2\/product_brand?post=534600"},{"taxonomy":"product_cat","embeddable":true,"href":"https:\/\/harristweed-shop.be\/fr\/wp-json\/wp\/v2\/product_cat?post=534600"},{"taxonomy":"product_tag","embeddable":true,"href":"https:\/\/harristweed-shop.be\/fr\/wp-json\/wp\/v2\/product_tag?post=534600"}],"curies":[{"name":"wp","href":"https:\/\/api.w.org\/{rel}","templated":true}]}}