{"id":534592,"date":"2024-12-19T15:47:25","date_gmt":"2024-12-19T15:47:25","guid":{"rendered":"https:\/\/harristweed-shop.be\/product\/barbour-cree-tartan-holdall\/"},"modified":"2026-04-08T04:55:28","modified_gmt":"2026-04-08T04:55:28","slug":"barbour-cree-tartan-holdall","status":"publish","type":"product","link":"https:\/\/harristweed-shop.be\/fr\/produit\/sac-fourre-tout-barbour-cree-tartan\/","title":{"rendered":"Sac de voyage Barbour Torridon Tartan Classique Tartan"},"content":{"rendered":"<p>Con\u00e7u pour se glisser confortablement sous la plupart des si\u00e8ges d&#039;avion, le sac de vol Barbour Torridon Tartan est le compagnon id\u00e9al de tout voyageur. Dot\u00e9 d&#039;un rabat zipp\u00e9 pour plus de s\u00e9curit\u00e9, d&#039;une grande poche ext\u00e9rieure pour un acc\u00e8s facile aux objets et d&#039;une bandouli\u00e8re confortable, ce bagage cabine pratique est orn\u00e9 d&#039;un logo discret pour une finition soign\u00e9e.<\/p>\n<p>Tissu principal 100% polyester<br \/>\nNettoyage \u00e0 l&#039;\u00e9ponge uniquement<br \/>\nHauteur : 25 cm, Largeur : 40 cm, Profondeur : 20 cm<\/p>","protected":false},"excerpt":{"rendered":"<p>Con\u00e7u pour se glisser confortablement sous la plupart des si\u00e8ges d&#039;avion, le sac de vol Barbour Torridon Tartan est le compagnon id\u00e9al de tout voyageur. Dot\u00e9 d&#039;un rabat zipp\u00e9 pour plus de s\u00e9curit\u00e9, d&#039;une grande poche ext\u00e9rieure pour un acc\u00e8s facile aux objets et d&#039;une bandouli\u00e8re confortable, ce bagage cabine pratique est orn\u00e9 d&#039;un logo discret pour une finition soign\u00e9e.<\/p>","protected":false},"featured_media":534602,"template":"","meta":[],"product_brand":[],"product_cat":[1107,1109,899,638,904,900,809,901,808,898],"product_tag":[],"class_list":{"0":"post-534592","1":"product","2":"type-product","3":"status-publish","4":"has-post-thumbnail","6":"product_cat-barbour","7":"product_cat-barbour-tassen","8":"product_cat-geschenke","9":"product_cat-gifts","10":"product_cat-handtaschen","11":"product_cat-reisetaschen","12":"product_cat-reistas","13":"product_cat-taschen","14":"product_cat-tassen","15":"product_cat-tassen-gifts","16":"pa_merk-barbour","18":"first","19":"instock","20":"taxable","21":"shipping-taxable","22":"purchasable","23":"product-type-simple"},"df_price":109.95,"df_sale_price":"","df_regular_price":109.95,"df_image_link":"https:\/\/harristweed-shop.be\/wp-content\/uploads\/2024\/12\/5208d4e23512a731fc75bce2cf547409_Barbour_Torridon_Tartan_Flight_Bag-300x300.jpeg","_links":{"self":[{"href":"https:\/\/harristweed-shop.be\/fr\/wp-json\/wp\/v2\/product\/534592","targetHints":{"allow":["GET"]}}],"collection":[{"href":"https:\/\/harristweed-shop.be\/fr\/wp-json\/wp\/v2\/product"}],"about":[{"href":"https:\/\/harristweed-shop.be\/fr\/wp-json\/wp\/v2\/types\/product"}],"wp:featuredmedia":[{"embeddable":true,"href":"https:\/\/harristweed-shop.be\/fr\/wp-json\/wp\/v2\/media\/534602"}],"wp:attachment":[{"href":"https:\/\/harristweed-shop.be\/fr\/wp-json\/wp\/v2\/media?parent=534592"}],"wp:term":[{"taxonomy":"product_brand","embeddable":true,"href":"https:\/\/harristweed-shop.be\/fr\/wp-json\/wp\/v2\/product_brand?post=534592"},{"taxonomy":"product_cat","embeddable":true,"href":"https:\/\/harristweed-shop.be\/fr\/wp-json\/wp\/v2\/product_cat?post=534592"},{"taxonomy":"product_tag","embeddable":true,"href":"https:\/\/harristweed-shop.be\/fr\/wp-json\/wp\/v2\/product_tag?post=534592"}],"curies":[{"name":"wp","href":"https:\/\/api.w.org\/{rel}","templated":true}]}}