{"id":534579,"date":"2024-12-19T14:22:20","date_gmt":"2024-12-19T14:22:20","guid":{"rendered":"https:\/\/harristweed-shop.be\/product\/barbour-rabbit-dog-toy\/"},"modified":"2026-04-08T04:55:29","modified_gmt":"2026-04-08T04:55:29","slug":"barbour-rabbit-dog-toy","status":"publish","type":"product","link":"https:\/\/harristweed-shop.be\/fr\/produit\/jouet-pour-chien-barbour-en-forme-de-lapin\/","title":{"rendered":"Jouet pour chien Barbour Rabbit"},"content":{"rendered":"<p>Ce jouet pour chien Barbour Rabbit en fausse fourrure est dot\u00e9 d&#039;un couineur pour plus de plaisir. Avec sa bordure \u00e9cossaise Barbour, votre compagnon \u00e0 quatre pattes pourra s&#039;amuser avec style.<\/p>\n<p>Garnissage : Polyester 100%<br \/>\nExt\u00e9rieur : 65% Coton 35% Polyester<br \/>\nLogo Barbour brod\u00e9 sur l&#039;ext\u00e9rieur<br \/>\nNe pas laver<br \/>\nNettoyage \u00e0 l&#039;\u00e9ponge uniquement<\/p>","protected":false},"excerpt":{"rendered":"<p>Ce jouet pour chien Barbour Rabbit en fausse fourrure est dot\u00e9 d&#039;un couineur pour plus de plaisir. Avec sa bordure \u00e9cossaise Barbour, votre compagnon \u00e0 quatre pattes pourra s&#039;amuser avec style.<\/p>","protected":false},"featured_media":534580,"template":"","meta":[],"product_brand":[],"product_cat":[1107,1117,899,638,639],"product_tag":[],"class_list":{"0":"post-534579","1":"product","2":"type-product","3":"status-publish","4":"has-post-thumbnail","6":"product_cat-barbour","7":"product_cat-barbour-honden-accessoires","8":"product_cat-geschenke","9":"product_cat-gifts","10":"product_cat-hondenkussens","11":"pa_merk-barbour","13":"first","14":"outofstock","15":"taxable","16":"shipping-taxable","17":"purchasable","18":"product-type-simple"},"df_price":32.95,"df_sale_price":"","df_regular_price":32.95,"df_image_link":"https:\/\/harristweed-shop.be\/wp-content\/uploads\/2024\/12\/44dfd99c1417401eb995922739cc8791_Barbour_Rabbit_Dog_Toy-300x300.jpeg","_links":{"self":[{"href":"https:\/\/harristweed-shop.be\/fr\/wp-json\/wp\/v2\/product\/534579","targetHints":{"allow":["GET"]}}],"collection":[{"href":"https:\/\/harristweed-shop.be\/fr\/wp-json\/wp\/v2\/product"}],"about":[{"href":"https:\/\/harristweed-shop.be\/fr\/wp-json\/wp\/v2\/types\/product"}],"wp:featuredmedia":[{"embeddable":true,"href":"https:\/\/harristweed-shop.be\/fr\/wp-json\/wp\/v2\/media\/534580"}],"wp:attachment":[{"href":"https:\/\/harristweed-shop.be\/fr\/wp-json\/wp\/v2\/media?parent=534579"}],"wp:term":[{"taxonomy":"product_brand","embeddable":true,"href":"https:\/\/harristweed-shop.be\/fr\/wp-json\/wp\/v2\/product_brand?post=534579"},{"taxonomy":"product_cat","embeddable":true,"href":"https:\/\/harristweed-shop.be\/fr\/wp-json\/wp\/v2\/product_cat?post=534579"},{"taxonomy":"product_tag","embeddable":true,"href":"https:\/\/harristweed-shop.be\/fr\/wp-json\/wp\/v2\/product_tag?post=534579"}],"curies":[{"name":"wp","href":"https:\/\/api.w.org\/{rel}","templated":true}]}}