{"id":534574,"date":"2024-12-19T14:17:21","date_gmt":"2024-12-19T14:17:21","guid":{"rendered":"https:\/\/harristweed-shop.be\/product\/barbour-wax-cotton-dog-bed-35in\/"},"modified":"2026-04-08T04:55:29","modified_gmt":"2026-04-08T04:55:29","slug":"barbour-wax-cotton-dog-bed-35in","status":"publish","type":"product","link":"https:\/\/harristweed-shop.be\/fr\/produit\/lit-pour-chien-en-coton-cire-barbour-35-pouces\/","title":{"rendered":"Lit pour chien Barbour en coton et cire 35 po"},"content":{"rendered":"<p>Ce lit de couchage \u00e9l\u00e9gant est fabriqu\u00e9 au Royaume-Uni avec un ext\u00e9rieur en coton cir\u00e9 robuste et une doublure en coton douillette orn\u00e9e du motif tartan classique embl\u00e9matique de Barbour. Offrant un confort et une praticit\u00e9 exceptionnels, il est dot\u00e9 de bords hauts pour le confort et la s\u00e9curit\u00e9 de votre compagnon canin, ainsi que d&#039;une partie avant abaiss\u00e9e pour un acc\u00e8s facile. Le coussin est amovible et lavable pour plus de commodit\u00e9. Ce lit pour chien convient aux grands chiens, tels que les Afghans, les Golden Retrievers, les Labrador Retrievers et les Setters anglais.<\/p>\n<p>Ext\u00e9rieur en coton cir\u00e9 100% avec doublure classique en tartan de coton 100%<br \/>\nCoussin amovible : 70% Polyester, 30% Acrylique Sherpa polaire d&#039;un c\u00f4t\u00e9 et 100% coton de l&#039;autre<br \/>\nLavage \u00e0 la main<br \/>\n89 x 70 x 34 cm<br \/>\nFabriqu\u00e9 au Royaume-Uni<\/p>","protected":false},"excerpt":{"rendered":"<p>Ce lit de couchage \u00e9l\u00e9gant est fabriqu\u00e9 au Royaume-Uni avec un ext\u00e9rieur en coton cir\u00e9 robuste et une doublure en coton douillette orn\u00e9e du motif tartan classique embl\u00e9matique de Barbour. Offrant un confort et une praticit\u00e9 exceptionnels, il est dot\u00e9 de bords hauts pour le confort et la s\u00e9curit\u00e9 de votre compagnon canin, ainsi que d&#039;une partie avant abaiss\u00e9e pour un acc\u00e8s facile. Le coussin est amovible et lavable pour plus de commodit\u00e9. Ce lit pour chien convient aux grands chiens, tels que les Afghans, les Golden Retrievers, les Labrador Retrievers et les Setters anglais.<\/p>","protected":false},"featured_media":534575,"template":"","meta":[],"product_brand":[],"product_cat":[1107,1117,899,638,639],"product_tag":[],"class_list":{"0":"post-534574","1":"product","2":"type-product","3":"status-publish","4":"has-post-thumbnail","6":"product_cat-barbour","7":"product_cat-barbour-honden-accessoires","8":"product_cat-geschenke","9":"product_cat-gifts","10":"product_cat-hondenkussens","11":"pa_merk-barbour","13":"first","14":"outofstock","15":"taxable","16":"shipping-taxable","17":"purchasable","18":"product-type-simple"},"df_price":159.95,"df_sale_price":"","df_regular_price":159.95,"df_image_link":"https:\/\/harristweed-shop.be\/wp-content\/uploads\/2024\/12\/6a15c6fdfa05477972fa26e160accfe9_Barbour_Wax_Cotton_Dog_Bed_35in-300x300.jpeg","_links":{"self":[{"href":"https:\/\/harristweed-shop.be\/fr\/wp-json\/wp\/v2\/product\/534574","targetHints":{"allow":["GET"]}}],"collection":[{"href":"https:\/\/harristweed-shop.be\/fr\/wp-json\/wp\/v2\/product"}],"about":[{"href":"https:\/\/harristweed-shop.be\/fr\/wp-json\/wp\/v2\/types\/product"}],"wp:featuredmedia":[{"embeddable":true,"href":"https:\/\/harristweed-shop.be\/fr\/wp-json\/wp\/v2\/media\/534575"}],"wp:attachment":[{"href":"https:\/\/harristweed-shop.be\/fr\/wp-json\/wp\/v2\/media?parent=534574"}],"wp:term":[{"taxonomy":"product_brand","embeddable":true,"href":"https:\/\/harristweed-shop.be\/fr\/wp-json\/wp\/v2\/product_brand?post=534574"},{"taxonomy":"product_cat","embeddable":true,"href":"https:\/\/harristweed-shop.be\/fr\/wp-json\/wp\/v2\/product_cat?post=534574"},{"taxonomy":"product_tag","embeddable":true,"href":"https:\/\/harristweed-shop.be\/fr\/wp-json\/wp\/v2\/product_tag?post=534574"}],"curies":[{"name":"wp","href":"https:\/\/api.w.org\/{rel}","templated":true}]}}