{"id":534566,"date":"2024-12-19T13:52:30","date_gmt":"2024-12-19T13:52:30","guid":{"rendered":"https:\/\/harristweed-shop.be\/product\/barbour-wax-cotton-dog-bed-24in\/"},"modified":"2026-04-08T04:55:29","modified_gmt":"2026-04-08T04:55:29","slug":"barbour-wax-cotton-dog-bed-24in","status":"publish","type":"product","link":"https:\/\/harristweed-shop.be\/fr\/produit\/lit-pour-chien-en-coton-cire-barbour-24-pouces\/","title":{"rendered":"Lit pour chien Barbour en coton cir\u00e9 24 pouces"},"content":{"rendered":"<p>Ce lit de couchage \u00e9l\u00e9gant est fabriqu\u00e9 au Royaume-Uni avec un ext\u00e9rieur en coton cir\u00e9 robuste et une doublure en coton douillette orn\u00e9e du motif embl\u00e9matique Classic Tartan de Barbour. Offrant un confort et une praticit\u00e9 exceptionnels, il est dot\u00e9 de bords hauts pour le confort et la s\u00e9curit\u00e9 de votre compagnon canin, ainsi que d&#039;une partie avant abaiss\u00e9e pour un acc\u00e8s facile. Le coussin est amovible et lavable pour plus de commodit\u00e9.<\/p>\n<p>Ext\u00e9rieur en coton cir\u00e9 100% avec doublure classique en tartan de coton 100%<br \/>\nCoussin amovible : 70% Polyester, 30% Acrylique Sherpa polaire d&#039;un c\u00f4t\u00e9 et 100% coton de l&#039;autre<br \/>\nLavage \u00e0 la main seulement<br \/>\n64 x 53 x 26 cm<br \/>\nFabriqu\u00e9 au Royaume-Uni<\/p>","protected":false},"excerpt":{"rendered":"<p>Lit pour chien Barbour en coton cir\u00e9 24 po<\/p>\n<p>Offrant un confort et une praticit\u00e9 exceptionnels, il est con\u00e7u avec des c\u00f4t\u00e9s hauts pour garder votre compagnon canin confortable et en s\u00e9curit\u00e9, ainsi qu&#039;un devant abaiss\u00e9 pour un acc\u00e8s facile. <\/p>","protected":false},"featured_media":534567,"template":"","meta":[],"product_brand":[],"product_cat":[1082,899,638,639],"product_tag":[],"class_list":{"0":"post-534566","1":"product","2":"type-product","3":"status-publish","4":"has-post-thumbnail","6":"product_cat-barbour-hondenkussen","7":"product_cat-geschenke","8":"product_cat-gifts","9":"product_cat-hondenkussens","10":"pa_merk-barbour","12":"first","13":"outofstock","14":"taxable","15":"shipping-taxable","16":"purchasable","17":"product-type-simple"},"df_price":105.95,"df_sale_price":"","df_regular_price":105.95,"df_image_link":"https:\/\/harristweed-shop.be\/wp-content\/uploads\/2024\/12\/e5c45dc85704ccaf60b8a279dce3a893_Barbour_Wax_Cotton_Dog_Bed_24in-300x300.jpeg","_links":{"self":[{"href":"https:\/\/harristweed-shop.be\/fr\/wp-json\/wp\/v2\/product\/534566","targetHints":{"allow":["GET"]}}],"collection":[{"href":"https:\/\/harristweed-shop.be\/fr\/wp-json\/wp\/v2\/product"}],"about":[{"href":"https:\/\/harristweed-shop.be\/fr\/wp-json\/wp\/v2\/types\/product"}],"wp:featuredmedia":[{"embeddable":true,"href":"https:\/\/harristweed-shop.be\/fr\/wp-json\/wp\/v2\/media\/534567"}],"wp:attachment":[{"href":"https:\/\/harristweed-shop.be\/fr\/wp-json\/wp\/v2\/media?parent=534566"}],"wp:term":[{"taxonomy":"product_brand","embeddable":true,"href":"https:\/\/harristweed-shop.be\/fr\/wp-json\/wp\/v2\/product_brand?post=534566"},{"taxonomy":"product_cat","embeddable":true,"href":"https:\/\/harristweed-shop.be\/fr\/wp-json\/wp\/v2\/product_cat?post=534566"},{"taxonomy":"product_tag","embeddable":true,"href":"https:\/\/harristweed-shop.be\/fr\/wp-json\/wp\/v2\/product_tag?post=534566"}],"curies":[{"name":"wp","href":"https:\/\/api.w.org\/{rel}","templated":true}]}}